{"id":2402,"date":"2026-04-11T10:45:25","date_gmt":"2026-04-11T08:45:25","guid":{"rendered":"https:\/\/solenemaro41.fr\/?product=eastpak-day-office-2w3-cut-out-d"},"modified":"2026-04-11T10:45:30","modified_gmt":"2026-04-11T08:45:30","slug":"eastpak-day-office-2w3-cut-out-d","status":"publish","type":"product","link":"https:\/\/solenemaro41.fr\/?product=eastpak-day-office-2w3-cut-out-d","title":{"rendered":"EASTPAK DAY OFFICE 2W3 CUT-OUT D"},"content":{"rendered":"<div>\n<div>Ce sac \u00e0. dos essentiel offre un espace optimal pour vos essentiels de travail. Les deux compartiments, la housse pour ordinateur portable int\u00e9.gr\u00e9.e et le porte-bouteille seront parfaits pour vos trajets quotidiens. R\u00e9.glez ses bretelles en air mesh pour le porter confortablement toute la journ\u00e9.e.<\/div>\n<\/p><\/div>\n<div>\n<h3>Description :<\/h3>\n<div>\n<ul>\n<li>Deux compartiments principaux avec une poche avant spacieuse et une poche s\u00e9.curis\u00e9.e arri\u00e8.re<\/li>\n<li>100\u00a0.% nylon<\/li>\n<li>Panneau dorsal rembourr\u00e9. et bretelles r\u00e9.glables en air mesh<\/li>\n<li>Porte-bouteille lat\u00e9.ral<\/li>\n<li>Tissu r\u00e9.sistant \u00e0. l&rsquo;eau<\/li>\n<\/ul><\/div>\n<div><strong>Dimensions :<\/strong><\/div>\n<div>\n<ul>\n<li><span>44 x 29.5 x 24 cm | 31 L<\/span><\/li>\n<\/ul><\/div>\n<div><strong>Composition :<\/strong><\/div>\n<div>\n<ul>\n<li>100% Polyester<\/li>\n<\/ul>\n<p><strong>Informations livraisons<\/strong><\/p>\n<p> <span><span><\/span><\/span> <\/p>\n<p>Les frais de livraisons sont offerts d\u00e8.s 40&#038;euro. d&rsquo;achats<\/p>\n<p> <span><span><\/span><\/span> <\/p>\n<div>Livraison entre 3 et 5 jours<\/div>\n<p> <span><span><\/span><\/span> <\/p>\n<p>Mode de paiement s\u00e9.curis\u00e9.s accept\u00e9.s : CARTE BANCAIRE\u00a0. ou\u00a0. PAYPAL<\/p>\n<p> <span><span><\/span><\/span> <\/p>\n<div>R\u00e9.ception des marchandises : A domicile ou Retrait \u00e0. notre magasin<\/div>\n<p> <span><span><\/span><\/span> <\/p>\n<div>Consulter nos<a href=\"https:\/\/www.solene-maroquinerie.fr\/conditions_generales_de_vente.html\" target=\"_self\" title=\"Nos CGV\">\u00a0.conditions g\u00e9.n\u00e9.rales de ventes<\/a><\/div>\n<\/p><\/div>\n<\/p><\/div>\n","protected":false},"excerpt":{"rendered":"<p>Ce sac \u00e0. dos essentiel offre un espace optimal pour vos essentiels de travail. Les deux compartiments, la housse pour ordinateur portable int\u00e9.gr\u00e9.e et le porte-bouteille seront parfaits pour vos trajets quotidiens. R\u00e9.glez ses bretelles en air mesh pour le porter confortablement toute la journ\u00e9.e. Description : Deux compartiments principaux avec une poche avant spacieuse [&hellip;]<\/p>\n","protected":false},"featured_media":2401,"comment_status":"open","ping_status":"closed","template":"","meta":[],"product_brand":[20],"product_cat":[19,78],"product_tag":[],"class_list":{"0":"post-2402","1":"product","2":"type-product","3":"status-publish","4":"has-post-thumbnail","6":"product_brand-eastpak","7":"product_cat-sac-a-dos","8":"product_cat-sac-a-dos-day-office-31l","10":"first","11":"instock","12":"shipping-taxable","13":"purchasable","14":"product-type-simple"},"_links":{"self":[{"href":"https:\/\/solenemaro41.fr\/index.php?rest_route=\/wp\/v2\/product\/2402","targetHints":{"allow":["GET"]}}],"collection":[{"href":"https:\/\/solenemaro41.fr\/index.php?rest_route=\/wp\/v2\/product"}],"about":[{"href":"https:\/\/solenemaro41.fr\/index.php?rest_route=\/wp\/v2\/types\/product"}],"replies":[{"embeddable":true,"href":"https:\/\/solenemaro41.fr\/index.php?rest_route=%2Fwp%2Fv2%2Fcomments&post=2402"}],"wp:featuredmedia":[{"embeddable":true,"href":"https:\/\/solenemaro41.fr\/index.php?rest_route=\/wp\/v2\/media\/2401"}],"wp:attachment":[{"href":"https:\/\/solenemaro41.fr\/index.php?rest_route=%2Fwp%2Fv2%2Fmedia&parent=2402"}],"wp:term":[{"taxonomy":"product_brand","embeddable":true,"href":"https:\/\/solenemaro41.fr\/index.php?rest_route=%2Fwp%2Fv2%2Fproduct_brand&post=2402"},{"taxonomy":"product_cat","embeddable":true,"href":"https:\/\/solenemaro41.fr\/index.php?rest_route=%2Fwp%2Fv2%2Fproduct_cat&post=2402"},{"taxonomy":"product_tag","embeddable":true,"href":"https:\/\/solenemaro41.fr\/index.php?rest_route=%2Fwp%2Fv2%2Fproduct_tag&post=2402"}],"curies":[{"name":"wp","href":"https:\/\/api.w.org\/{rel}","templated":true}]}}