{"id":2443,"date":"2026-04-11T10:46:44","date_gmt":"2026-04-11T08:46:44","guid":{"rendered":"https:\/\/solenemaro41.fr\/?product=sac-a-dos-eastpak-morius-7v6-pai"},"modified":"2026-04-11T10:46:52","modified_gmt":"2026-04-11T08:46:52","slug":"sac-a-dos-eastpak-morius-7v6-pai","status":"publish","type":"product","link":"https:\/\/solenemaro41.fr\/?product=sac-a-dos-eastpak-morius-7v6-pai","title":{"rendered":"SAC A DOS EASTPAK MORIUS 7V6 PAI"},"content":{"rendered":"<p><strong>Caract\u00e9.ristiques du SAC A DOS EASTPAK 7V6 PAINTED DARK<\/strong><\/p>\n<div>\n<ul>\n<li>Deux compartiments principaux avec une poche avant zipp\u00e9.e<\/li>\n<li>Panneau dorsal et base rembourr\u00e9.s pour un soutien renforc\u00e9.<\/li>\n<li>Bretelles rembourr\u00e9.es r\u00e9.glables<\/li>\n<li>Housse rembourr\u00e9.e pour ordinateur portable jusqu&rsquo;\u00e0. 15\u00a0.pouces<\/li>\n<li>Porte-gourde lat\u00e9.ral<\/li>\n<\/ul>\n<p> <span><span><\/span><\/span> <\/p>\n<p><strong>Dimensions :<\/strong><\/p>\n<ul>\n<li>Hauteur\u00a0.: 43 cm, Largeur\u00a0.: 31 cm, Profondeur\u00a0.: 27 cm<\/li>\n<li>34 Litres<\/li>\n<\/ul>\n<p><strong>Composition :<\/strong><\/p>\n<p> <span><span><\/span><\/span> <\/p>\n<ul>\n<li>100\u00a0.% polyester<\/li>\n<\/ul>\n<p> <span><span><\/span><\/span> <\/p>\n<p><strong>Informations livraisons<\/strong><\/p>\n<p> <span><span><\/span><\/span> <\/p>\n<p>Les frais de livraisons sont offerts d\u00e8.s 40&#038;euro. d&rsquo;achats<\/p>\n<p> <span><span><\/span><\/span> <\/p>\n<div>Livraison entre 3 et 5 jours<\/div>\n<p> <span><span><\/span><\/span> <\/p>\n<p>Mode de paiement s\u00e9.curis\u00e9.s accept\u00e9.s : CARTE BANCAIRE\u00a0. ou\u00a0. PAYPAL<\/p>\n<p> <span><span><\/span><\/span> <\/p>\n<div>R\u00e9.ception des marchandises : A domicile ou Retrait \u00e0. notre magasin<\/div>\n<p> <span><span><\/span><\/span> <\/p>\n<div>Consulter nos<a href=\"https:\/\/www.solene-maroquinerie.fr\/conditions_generales_de_vente.html\" target=\"_self\" title=\"Nos CGV\">\u00a0.conditions g\u00e9.n\u00e9.rales de ventes<\/a><\/div>\n<p> <span><br \/><\/span><\/div>\n","protected":false},"excerpt":{"rendered":"<p>Caract\u00e9.ristiques du SAC A DOS EASTPAK 7V6 PAINTED DARK Deux compartiments principaux avec une poche avant zipp\u00e9.e Panneau dorsal et base rembourr\u00e9.s pour un soutien renforc\u00e9. Bretelles rembourr\u00e9.es r\u00e9.glables Housse rembourr\u00e9.e pour ordinateur portable jusqu&rsquo;\u00e0. 15\u00a0.pouces Porte-gourde lat\u00e9.ral Dimensions : Hauteur\u00a0.: 43 cm, Largeur\u00a0.: 31 cm, Profondeur\u00a0.: 27 cm 34 Litres Composition : 100\u00a0.% polyester [&hellip;]<\/p>\n","protected":false},"featured_media":2442,"comment_status":"open","ping_status":"closed","template":"","meta":[],"product_brand":[20],"product_cat":[19,88],"product_tag":[],"class_list":{"0":"post-2443","1":"product","2":"type-product","3":"status-publish","4":"has-post-thumbnail","6":"product_brand-eastpak","7":"product_cat-sac-a-dos","8":"product_cat-sac-a-dos-morius","10":"first","11":"outofstock","12":"shipping-taxable","13":"purchasable","14":"product-type-simple"},"_links":{"self":[{"href":"https:\/\/solenemaro41.fr\/index.php?rest_route=\/wp\/v2\/product\/2443","targetHints":{"allow":["GET"]}}],"collection":[{"href":"https:\/\/solenemaro41.fr\/index.php?rest_route=\/wp\/v2\/product"}],"about":[{"href":"https:\/\/solenemaro41.fr\/index.php?rest_route=\/wp\/v2\/types\/product"}],"replies":[{"embeddable":true,"href":"https:\/\/solenemaro41.fr\/index.php?rest_route=%2Fwp%2Fv2%2Fcomments&post=2443"}],"wp:featuredmedia":[{"embeddable":true,"href":"https:\/\/solenemaro41.fr\/index.php?rest_route=\/wp\/v2\/media\/2442"}],"wp:attachment":[{"href":"https:\/\/solenemaro41.fr\/index.php?rest_route=%2Fwp%2Fv2%2Fmedia&parent=2443"}],"wp:term":[{"taxonomy":"product_brand","embeddable":true,"href":"https:\/\/solenemaro41.fr\/index.php?rest_route=%2Fwp%2Fv2%2Fproduct_brand&post=2443"},{"taxonomy":"product_cat","embeddable":true,"href":"https:\/\/solenemaro41.fr\/index.php?rest_route=%2Fwp%2Fv2%2Fproduct_cat&post=2443"},{"taxonomy":"product_tag","embeddable":true,"href":"https:\/\/solenemaro41.fr\/index.php?rest_route=%2Fwp%2Fv2%2Fproduct_tag&post=2443"}],"curies":[{"name":"wp","href":"https:\/\/api.w.org\/{rel}","templated":true}]}}