{"id":2470,"date":"2026-04-11T10:47:39","date_gmt":"2026-04-11T08:47:39","guid":{"rendered":"https:\/\/solenemaro41.fr\/?product=sac-a-dos-eastpak-ultimate-77h-b"},"modified":"2026-04-11T10:47:41","modified_gmt":"2026-04-11T08:47:41","slug":"sac-a-dos-eastpak-ultimate-77h-b","status":"publish","type":"product","link":"https:\/\/solenemaro41.fr\/?product=sac-a-dos-eastpak-ultimate-77h-b","title":{"rendered":"SAC A DOS EASTPAK ULTIMATE 77H B"},"content":{"rendered":"<p><strong>Caract\u00e9.ristiques du SAC A DOS EASTPAK ULTIMATE FOND CUIR 77H BLACK DENIM<\/strong><\/p>\n<div>\n<ul>\n<li>Deux sections principales, avec une poche frontale zipp\u00e9.e en filet avec organiseur<\/li>\n<li>Fabrication 100% nylon ultra-r\u00e9.sistant<\/li>\n<li>Restez organis\u00e9. gr\u00e2.ce aux sangles de compressions et \u00e0. la poche int\u00e9.rieure zipp\u00e9.e<\/li>\n<li>Dispose d&rsquo;un dos matelass\u00e9., d&rsquo;une poign\u00e9.e en caoutchouc et de bretelles pr\u00e9.form\u00e9.es<\/li>\n<\/ul>\n<p><strong>Dimensions :<\/strong><\/p>\n<ul>\n<li>Hauteur\u00a0.: 42 cm, Largeur\u00a0.: 32 cm, Profondeur\u00a0.: 26 cm<\/li>\n<li>42 Litres<\/li>\n<\/ul>\n<p><strong>Composition :<\/strong><\/p>\n<ul>\n<li>100\u00a0.% polyester<\/li>\n<\/ul>\n<p><strong>Informations livraisons<\/strong><\/p>\n<p>Les frais de livraisons sont offerts d\u00e8.s 40&#038;euro. d&rsquo;achats<\/p>\n<div>Livraison entre 3 et 5 jours<\/div>\n<p>Mode de paiement s\u00e9.curis\u00e9.s accept\u00e9.s : CARTE BANCAIRE\u00a0. ou\u00a0. PAYPAL<\/p>\n<div>R\u00e9.ception des marchandises : A domicile ou Retrait \u00e0. notre magasin<\/div>\n<div>Consulter nos<a href=\"https:\/\/www.solene-maroquinerie.fr\/conditions_generales_de_vente.html\" target=\"_self\" title=\"Nos CGV\">\u00a0.conditions g\u00e9.n\u00e9.rales de ventes<\/a><\/div>\n<\/p><\/div>\n","protected":false},"excerpt":{"rendered":"<p>Caract\u00e9.ristiques du SAC A DOS EASTPAK ULTIMATE FOND CUIR 77H BLACK DENIM Deux sections principales, avec une poche frontale zipp\u00e9.e en filet avec organiseur Fabrication 100% nylon ultra-r\u00e9.sistant Restez organis\u00e9. gr\u00e2.ce aux sangles de compressions et \u00e0. la poche int\u00e9.rieure zipp\u00e9.e Dispose d&rsquo;un dos matelass\u00e9., d&rsquo;une poign\u00e9.e en caoutchouc et de bretelles pr\u00e9.form\u00e9.es Dimensions : [&hellip;]<\/p>\n","protected":false},"featured_media":2469,"comment_status":"open","ping_status":"closed","template":"","meta":[],"product_brand":[20],"product_cat":[19,89],"product_tag":[],"class_list":{"0":"post-2470","1":"product","2":"type-product","3":"status-publish","4":"has-post-thumbnail","6":"product_brand-eastpak","7":"product_cat-sac-a-dos","8":"product_cat-sac-a-dos-ultimate-fond-cuir","10":"first","11":"instock","12":"shipping-taxable","13":"purchasable","14":"product-type-simple"},"_links":{"self":[{"href":"https:\/\/solenemaro41.fr\/index.php?rest_route=\/wp\/v2\/product\/2470","targetHints":{"allow":["GET"]}}],"collection":[{"href":"https:\/\/solenemaro41.fr\/index.php?rest_route=\/wp\/v2\/product"}],"about":[{"href":"https:\/\/solenemaro41.fr\/index.php?rest_route=\/wp\/v2\/types\/product"}],"replies":[{"embeddable":true,"href":"https:\/\/solenemaro41.fr\/index.php?rest_route=%2Fwp%2Fv2%2Fcomments&post=2470"}],"wp:featuredmedia":[{"embeddable":true,"href":"https:\/\/solenemaro41.fr\/index.php?rest_route=\/wp\/v2\/media\/2469"}],"wp:attachment":[{"href":"https:\/\/solenemaro41.fr\/index.php?rest_route=%2Fwp%2Fv2%2Fmedia&parent=2470"}],"wp:term":[{"taxonomy":"product_brand","embeddable":true,"href":"https:\/\/solenemaro41.fr\/index.php?rest_route=%2Fwp%2Fv2%2Fproduct_brand&post=2470"},{"taxonomy":"product_cat","embeddable":true,"href":"https:\/\/solenemaro41.fr\/index.php?rest_route=%2Fwp%2Fv2%2Fproduct_cat&post=2470"},{"taxonomy":"product_tag","embeddable":true,"href":"https:\/\/solenemaro41.fr\/index.php?rest_route=%2Fwp%2Fv2%2Fproduct_tag&post=2470"}],"curies":[{"name":"wp","href":"https:\/\/api.w.org\/{rel}","templated":true}]}}