{"id":2473,"date":"2026-04-11T10:47:43","date_gmt":"2026-04-11T08:47:43","guid":{"rendered":"https:\/\/solenemaro41.fr\/?product=sac-reporter-lacoste-monogramme"},"modified":"2026-04-11T10:47:47","modified_gmt":"2026-04-11T08:47:47","slug":"sac-reporter-lacoste-monogramme","status":"publish","type":"product","link":"https:\/\/solenemaro41.fr\/?product=sac-reporter-lacoste-monogramme","title":{"rendered":"SAC REPORTER LACOSTE MONOGRAMME"},"content":{"rendered":"<p><strong>Caract\u00e9.ristiques du\u00a0.SAC REPORTER LACOSTE MONOGRAMME NOIR<\/strong><\/p>\n<div>\n<div>Style urbain, volume in\u00e9.dit et monogramme percutant. Dynamisez votre look avec ce sac souple, qui accueille tous vos documents. Design\u00e9. pour un port\u00e9. pr\u00e8.s du corps, il promet un look actuel.<\/div>\n<ul>\n<li><span>Dimensions : L 18 x H 13,5 x P 4 cm<\/span><\/li>\n<li><span>Bandouli\u00e8.re ajustable entre 75 et 125 cm<\/span><\/li>\n<li><span>1 poche zipp\u00e9.e ext\u00e9.rieure et 1 poche plaqu\u00e9.e mesh int\u00e9.rieure<\/span><\/li>\n<li><span>Plaque \u00e9.maill\u00e9.e sigl\u00e9.e avec crocodile<\/span><\/li>\n<li><span>Exterieur 1: Polyurethane (100%) \/ Exterieur 2: Refente de cuir vachette (100%)<\/span><\/li>\n<\/ul><\/div>\n<p><strong>Informations livraisons<\/strong><\/p>\n<div>Les frais de livraisons sont offerts d\u00e8.s 40&#038;euro. d&rsquo;achats<br \/>Livraison entre 3 et 5 jours<\/div>\n<div>Mode de paiement s\u00e9.curis\u00e9.s accept\u00e9.s : CARTE BANCAIRE\u00a0. ou\u00a0. PAYPAL<br \/>R\u00e9.ception des marchandises : A domicile ou Retrait \u00e0. notre magasin<br \/>Consulter nos<a href=\"http:\/\/www.solene-maroquinerie.fr\/conditions_generales_de_vente.html\" target=\"_self\" title=\"Nos CGV\">\u00a0.conditions g\u00e9.n\u00e9.rales de ventes<\/a><\/div>\n<p>\u00a0.<\/p>\n","protected":false},"excerpt":{"rendered":"<p>Caract\u00e9.ristiques du\u00a0.SAC REPORTER LACOSTE MONOGRAMME NOIR Style urbain, volume in\u00e9.dit et monogramme percutant. Dynamisez votre look avec ce sac souple, qui accueille tous vos documents. Design\u00e9. pour un port\u00e9. pr\u00e8.s du corps, il promet un look actuel. Dimensions : L 18 x H 13,5 x P 4 cm Bandouli\u00e8.re ajustable entre 75 et 125 cm [&hellip;]<\/p>\n","protected":false},"featured_media":2472,"comment_status":"open","ping_status":"closed","template":"","meta":[],"product_brand":[25],"product_cat":[24,34],"product_tag":[],"class_list":{"0":"post-2473","1":"product","2":"type-product","3":"status-publish","4":"has-post-thumbnail","6":"product_brand-lacoste","7":"product_cat-divers","8":"product_cat-homme","10":"first","11":"instock","12":"shipping-taxable","13":"purchasable","14":"product-type-simple"},"_links":{"self":[{"href":"https:\/\/solenemaro41.fr\/index.php?rest_route=\/wp\/v2\/product\/2473","targetHints":{"allow":["GET"]}}],"collection":[{"href":"https:\/\/solenemaro41.fr\/index.php?rest_route=\/wp\/v2\/product"}],"about":[{"href":"https:\/\/solenemaro41.fr\/index.php?rest_route=\/wp\/v2\/types\/product"}],"replies":[{"embeddable":true,"href":"https:\/\/solenemaro41.fr\/index.php?rest_route=%2Fwp%2Fv2%2Fcomments&post=2473"}],"wp:featuredmedia":[{"embeddable":true,"href":"https:\/\/solenemaro41.fr\/index.php?rest_route=\/wp\/v2\/media\/2472"}],"wp:attachment":[{"href":"https:\/\/solenemaro41.fr\/index.php?rest_route=%2Fwp%2Fv2%2Fmedia&parent=2473"}],"wp:term":[{"taxonomy":"product_brand","embeddable":true,"href":"https:\/\/solenemaro41.fr\/index.php?rest_route=%2Fwp%2Fv2%2Fproduct_brand&post=2473"},{"taxonomy":"product_cat","embeddable":true,"href":"https:\/\/solenemaro41.fr\/index.php?rest_route=%2Fwp%2Fv2%2Fproduct_cat&post=2473"},{"taxonomy":"product_tag","embeddable":true,"href":"https:\/\/solenemaro41.fr\/index.php?rest_route=%2Fwp%2Fv2%2Fproduct_tag&post=2473"}],"curies":[{"name":"wp","href":"https:\/\/api.w.org\/{rel}","templated":true}]}}