{"id":2483,"date":"2026-04-11T10:47:56","date_gmt":"2026-04-11T08:47:56","guid":{"rendered":"https:\/\/solenemaro41.fr\/?product=sacoche-a-rabat-lacoste-mens-ma"},"modified":"2026-04-11T10:47:56","modified_gmt":"2026-04-11T08:47:56","slug":"sacoche-a-rabat-lacoste-mens-ma","status":"publish","type":"product","link":"https:\/\/solenemaro41.fr\/?product=sacoche-a-rabat-lacoste-mens-ma","title":{"rendered":"SACOCHE A RABAT LACOSTE MEN&rsquo;S MA"},"content":{"rendered":"<p><strong>Caract\u00e9.ristiques de la\u00a0.SACOCHE A RABAT LACOSTE MEN&rsquo;S CLASSIC MARINE<\/strong><\/p>\n<p><strong><\/strong>Cette sacoche l\u00e9.g\u00e8.re est emboss\u00e9.e du Petit Piqu\u00e9., mati\u00e8.re embl\u00e9.matique Lacoste. Intemporelle, elle dispose d&rsquo;une large bandouli\u00e8.re ajustable permettant diff\u00e9.rents port\u00e9.s. Pratique, cette pi\u00e8.ce int\u00e8.gre une poche plaqu\u00e9.e et une poche zipp\u00e9.e pour emporter ses essentiels en toute simplicit\u00e9..<\/p>\n<div>\n<ul>\n<li>Dimensions : L 20 x H 21 x P 6,5 cm<\/li>\n<li>Longueur bandouli\u00e8.re : 140 cm<\/li>\n<li>Une pochette int\u00e9.rieure zipp\u00e9.e<\/li>\n<li>Une poche plaqu\u00e9.e \u00e0. l&rsquo;ext\u00e9.rieur<\/li>\n<li>Crocodile signature ton sur ton<\/li>\n<li>Exterieur: Polyurethane (100%)<\/li>\n<\/ul><\/div>\n<p><strong>Informations livraisons<\/strong><\/p>\n<div>Les frais de livraisons sont offerts d\u00e8.s 40&#038;euro. d&rsquo;achats<br \/>Livraison entre 3 et 5 jours<\/div>\n<div>Mode de paiement s\u00e9.curis\u00e9.s accept\u00e9.s : CARTE BANCAIRE\u00a0. ou\u00a0. PAYPAL<br \/>R\u00e9.ception des marchandises : A domicile ou Retrait \u00e0. notre magasin<br \/>Consulter nos<a href=\"http:\/\/www.solene-maroquinerie.fr\/conditions_generales_de_vente.html\" target=\"_self\" title=\"Nos CGV\">\u00a0.conditions g\u00e9.n\u00e9.rales de ventes<\/a><\/div>\n<p>\u00a0.<\/p>\n","protected":false},"excerpt":{"rendered":"<p>Caract\u00e9.ristiques de la\u00a0.SACOCHE A RABAT LACOSTE MEN&rsquo;S CLASSIC MARINE Cette sacoche l\u00e9.g\u00e8.re est emboss\u00e9.e du Petit Piqu\u00e9., mati\u00e8.re embl\u00e9.matique Lacoste. Intemporelle, elle dispose d&rsquo;une large bandouli\u00e8.re ajustable permettant diff\u00e9.rents port\u00e9.s. Pratique, cette pi\u00e8.ce int\u00e8.gre une poche plaqu\u00e9.e et une poche zipp\u00e9.e pour emporter ses essentiels en toute simplicit\u00e9.. Dimensions : L 20 x H 21 [&hellip;]<\/p>\n","protected":false},"featured_media":2482,"comment_status":"open","ping_status":"closed","template":"","meta":[],"product_brand":[25],"product_cat":[24,34],"product_tag":[],"class_list":{"0":"post-2483","1":"product","2":"type-product","3":"status-publish","4":"has-post-thumbnail","6":"product_brand-lacoste","7":"product_cat-divers","8":"product_cat-homme","10":"first","11":"instock","12":"shipping-taxable","13":"purchasable","14":"product-type-simple"},"_links":{"self":[{"href":"https:\/\/solenemaro41.fr\/index.php?rest_route=\/wp\/v2\/product\/2483","targetHints":{"allow":["GET"]}}],"collection":[{"href":"https:\/\/solenemaro41.fr\/index.php?rest_route=\/wp\/v2\/product"}],"about":[{"href":"https:\/\/solenemaro41.fr\/index.php?rest_route=\/wp\/v2\/types\/product"}],"replies":[{"embeddable":true,"href":"https:\/\/solenemaro41.fr\/index.php?rest_route=%2Fwp%2Fv2%2Fcomments&post=2483"}],"wp:featuredmedia":[{"embeddable":true,"href":"https:\/\/solenemaro41.fr\/index.php?rest_route=\/wp\/v2\/media\/2482"}],"wp:attachment":[{"href":"https:\/\/solenemaro41.fr\/index.php?rest_route=%2Fwp%2Fv2%2Fmedia&parent=2483"}],"wp:term":[{"taxonomy":"product_brand","embeddable":true,"href":"https:\/\/solenemaro41.fr\/index.php?rest_route=%2Fwp%2Fv2%2Fproduct_brand&post=2483"},{"taxonomy":"product_cat","embeddable":true,"href":"https:\/\/solenemaro41.fr\/index.php?rest_route=%2Fwp%2Fv2%2Fproduct_cat&post=2483"},{"taxonomy":"product_tag","embeddable":true,"href":"https:\/\/solenemaro41.fr\/index.php?rest_route=%2Fwp%2Fv2%2Fproduct_tag&post=2483"}],"curies":[{"name":"wp","href":"https:\/\/api.w.org\/{rel}","templated":true}]}}