{"id":2501,"date":"2026-04-11T10:48:21","date_gmt":"2026-04-11T08:48:21","guid":{"rendered":"https:\/\/solenemaro41.fr\/?product=sac-reporter-lacoste-ossian-noir"},"modified":"2026-04-11T10:48:23","modified_gmt":"2026-04-11T08:48:23","slug":"sac-reporter-lacoste-ossian-noir","status":"publish","type":"product","link":"https:\/\/solenemaro41.fr\/?product=sac-reporter-lacoste-ossian-noir","title":{"rendered":"SAC REPORTER LACOSTE OSSIAN NOIR"},"content":{"rendered":"<p><strong>Caract\u00e9.ristiques du\u00a0.SAC REPORTER EN CUIR LACOSTE OSSIAN NOIR<\/strong><\/p>\n<p><strong><\/strong>En ville ou au travail, ce sac reporter est un alli\u00e9. aussi pratique qu&#038;rsquo.\u00e9.l\u00e9.gant. Con\u00e7.u pour un port\u00e9. crois\u00e9. gr\u00e2.ce \u00e0. sa bandouli\u00e8.re ajustable, il allie look d\u00e9.contract\u00e9. et d\u00e9.tails raffin\u00e9.s. Son format compact id\u00e9.al et ses deux poches zipp\u00e9.es accueillent les essentiels au quotidien.<\/p>\n<ul>\n<li>Dimensions : L 22 x H 16 x P 6,5 cm<\/li>\n<li>Ext\u00e9.rieur en mati\u00e8.re unie grain\u00e9.e<\/li>\n<li>Bandouli\u00e8.re ajustable entre 90 et 140 cm<\/li>\n<li>Ext\u00e9.rieur 1 poche zipp\u00e9.e et anneau d&rsquo;accroche<\/li>\n<li>1 poche ext\u00e9.rieure zipp\u00e9.e<\/li>\n<li>Exterieur 1: Refente de cuir vachette (100%) \/ Exterieur 2: Polyurethane (100%)<\/li>\n<\/ul>\n<p><strong>Informations livraisons<\/strong><\/p>\n<div>Les frais de livraisons sont offerts d\u00e8.s 40&#038;euro. d&rsquo;achats<br \/>Livraison entre 3 et 5 jours<\/div>\n<div>Mode de paiement s\u00e9.curis\u00e9.s accept\u00e9.s : CARTE BANCAIRE\u00a0. ou\u00a0. PAYPAL<br \/>R\u00e9.ception des marchandises : A domicile ou Retrait \u00e0. notre magasin<br \/>Consulter nos<a href=\"http:\/\/www.solene-maroquinerie.fr\/conditions_generales_de_vente.html\" target=\"_self\" title=\"Nos CGV\">\u00a0.conditions g\u00e9.n\u00e9.rales de ventes<\/a><\/div>\n<p>\u00a0.<\/p>\n","protected":false},"excerpt":{"rendered":"<p>Caract\u00e9.ristiques du\u00a0.SAC REPORTER EN CUIR LACOSTE OSSIAN NOIR En ville ou au travail, ce sac reporter est un alli\u00e9. aussi pratique qu&#038;rsquo.\u00e9.l\u00e9.gant. Con\u00e7.u pour un port\u00e9. crois\u00e9. gr\u00e2.ce \u00e0. sa bandouli\u00e8.re ajustable, il allie look d\u00e9.contract\u00e9. et d\u00e9.tails raffin\u00e9.s. Son format compact id\u00e9.al et ses deux poches zipp\u00e9.es accueillent les essentiels au quotidien. Dimensions : [&hellip;]<\/p>\n","protected":false},"featured_media":2500,"comment_status":"open","ping_status":"closed","template":"","meta":[],"product_brand":[25],"product_cat":[24,34],"product_tag":[],"class_list":{"0":"post-2501","1":"product","2":"type-product","3":"status-publish","4":"has-post-thumbnail","6":"product_brand-lacoste","7":"product_cat-divers","8":"product_cat-homme","10":"first","11":"instock","12":"shipping-taxable","13":"purchasable","14":"product-type-simple"},"_links":{"self":[{"href":"https:\/\/solenemaro41.fr\/index.php?rest_route=\/wp\/v2\/product\/2501","targetHints":{"allow":["GET"]}}],"collection":[{"href":"https:\/\/solenemaro41.fr\/index.php?rest_route=\/wp\/v2\/product"}],"about":[{"href":"https:\/\/solenemaro41.fr\/index.php?rest_route=\/wp\/v2\/types\/product"}],"replies":[{"embeddable":true,"href":"https:\/\/solenemaro41.fr\/index.php?rest_route=%2Fwp%2Fv2%2Fcomments&post=2501"}],"wp:featuredmedia":[{"embeddable":true,"href":"https:\/\/solenemaro41.fr\/index.php?rest_route=\/wp\/v2\/media\/2500"}],"wp:attachment":[{"href":"https:\/\/solenemaro41.fr\/index.php?rest_route=%2Fwp%2Fv2%2Fmedia&parent=2501"}],"wp:term":[{"taxonomy":"product_brand","embeddable":true,"href":"https:\/\/solenemaro41.fr\/index.php?rest_route=%2Fwp%2Fv2%2Fproduct_brand&post=2501"},{"taxonomy":"product_cat","embeddable":true,"href":"https:\/\/solenemaro41.fr\/index.php?rest_route=%2Fwp%2Fv2%2Fproduct_cat&post=2501"},{"taxonomy":"product_tag","embeddable":true,"href":"https:\/\/solenemaro41.fr\/index.php?rest_route=%2Fwp%2Fv2%2Fproduct_tag&post=2501"}],"curies":[{"name":"wp","href":"https:\/\/api.w.org\/{rel}","templated":true}]}}