{"id":2513,"date":"2026-04-11T10:48:35","date_gmt":"2026-04-11T08:48:35","guid":{"rendered":"https:\/\/solenemaro41.fr\/?product=petit-sac-reporter-lacoste"},"modified":"2026-04-11T10:48:37","modified_gmt":"2026-04-11T08:48:37","slug":"petit-sac-reporter-lacoste","status":"publish","type":"product","link":"https:\/\/solenemaro41.fr\/?product=petit-sac-reporter-lacoste","title":{"rendered":"PETIT SAC REPORTER LACOSTE"},"content":{"rendered":"<p><strong>Caract\u00e9.ristiques du PETIT SAC REPORTER THE BLEND LACOSTE MONO KAKI NOIR<\/strong><\/p>\n<div>Alli\u00e9. des hommes d&#038;rsquo.aujourd&#038;rsquo.hui, le sac Reporter The Blend se renouvelle en couleur sans rien perdre de ce qui a fait son succ\u00e8.s\u00a0.: design astucieux avec emplacement pour les cl\u00e9.s, toile grain\u00e9.e r\u00e9.sistante et monogramme iconique. Pour toujours plus de style, sa bandouli\u00e8.re ajustable lib\u00e8.re le mouvement.<\/div>\n<ul>\n<li><span>Dimensions : L 19 x H 12,5 x P 6 cm<\/span><\/li>\n<li><span>Ext\u00e9.rieur grain\u00e9.<\/span><\/li>\n<li><span>Bandouli\u00e8.re ajustable entre 85 et 140 cm<\/span><\/li>\n<li><span>1 poche plate int\u00e9.rieure<\/span><\/li>\n<li><span>Crocodile sur le devant<\/span><\/li>\n<li><span>Exterieur: Pvc (100%)<\/span><\/li>\n<\/ul>\n<p><strong>Informations livraisons<\/strong><\/p>\n<div>Les frais de livraisons sont offerts d\u00e8.s 40&#038;euro. d&rsquo;achats<br \/>Livraison entre 3 et 5 jours<\/div>\n<div>Mode de paiement s\u00e9.curis\u00e9.s accept\u00e9.s : CARTE BANCAIRE\u00a0. ou\u00a0. PAYPAL<br \/>R\u00e9.ception des marchandises : A domicile ou Retrait \u00e0. notre magasin<br \/>Consulter nos<a href=\"http:\/\/www.solene-maroquinerie.fr\/conditions_generales_de_vente.html\" target=\"_self\" title=\"Nos CGV\">\u00a0.conditions g\u00e9.n\u00e9.rales de ventes<\/a><\/div>\n<p>\u00a0.<\/p>\n","protected":false},"excerpt":{"rendered":"<p>Caract\u00e9.ristiques du PETIT SAC REPORTER THE BLEND LACOSTE MONO KAKI NOIR Alli\u00e9. des hommes d&#038;rsquo.aujourd&#038;rsquo.hui, le sac Reporter The Blend se renouvelle en couleur sans rien perdre de ce qui a fait son succ\u00e8.s\u00a0.: design astucieux avec emplacement pour les cl\u00e9.s, toile grain\u00e9.e r\u00e9.sistante et monogramme iconique. Pour toujours plus de style, sa bandouli\u00e8.re ajustable [&hellip;]<\/p>\n","protected":false},"featured_media":2512,"comment_status":"open","ping_status":"closed","template":"","meta":[],"product_brand":[25],"product_cat":[24,34],"product_tag":[],"class_list":{"0":"post-2513","1":"product","2":"type-product","3":"status-publish","4":"has-post-thumbnail","6":"product_brand-lacoste","7":"product_cat-divers","8":"product_cat-homme","10":"first","11":"instock","12":"shipping-taxable","13":"purchasable","14":"product-type-simple"},"_links":{"self":[{"href":"https:\/\/solenemaro41.fr\/index.php?rest_route=\/wp\/v2\/product\/2513","targetHints":{"allow":["GET"]}}],"collection":[{"href":"https:\/\/solenemaro41.fr\/index.php?rest_route=\/wp\/v2\/product"}],"about":[{"href":"https:\/\/solenemaro41.fr\/index.php?rest_route=\/wp\/v2\/types\/product"}],"replies":[{"embeddable":true,"href":"https:\/\/solenemaro41.fr\/index.php?rest_route=%2Fwp%2Fv2%2Fcomments&post=2513"}],"wp:featuredmedia":[{"embeddable":true,"href":"https:\/\/solenemaro41.fr\/index.php?rest_route=\/wp\/v2\/media\/2512"}],"wp:attachment":[{"href":"https:\/\/solenemaro41.fr\/index.php?rest_route=%2Fwp%2Fv2%2Fmedia&parent=2513"}],"wp:term":[{"taxonomy":"product_brand","embeddable":true,"href":"https:\/\/solenemaro41.fr\/index.php?rest_route=%2Fwp%2Fv2%2Fproduct_brand&post=2513"},{"taxonomy":"product_cat","embeddable":true,"href":"https:\/\/solenemaro41.fr\/index.php?rest_route=%2Fwp%2Fv2%2Fproduct_cat&post=2513"},{"taxonomy":"product_tag","embeddable":true,"href":"https:\/\/solenemaro41.fr\/index.php?rest_route=%2Fwp%2Fv2%2Fproduct_tag&post=2513"}],"curies":[{"name":"wp","href":"https:\/\/api.w.org\/{rel}","templated":true}]}}