{"id":2524,"date":"2026-04-11T10:48:46","date_gmt":"2026-04-11T08:48:46","guid":{"rendered":"https:\/\/solenemaro41.fr\/?product=sacoche-the-blend-lacoste"},"modified":"2026-04-11T10:48:49","modified_gmt":"2026-04-11T08:48:49","slug":"sacoche-the-blend-lacoste","status":"publish","type":"product","link":"https:\/\/solenemaro41.fr\/?product=sacoche-the-blend-lacoste","title":{"rendered":"SACOCHE THE BLEND LACOSTE"},"content":{"rendered":"<p><strong>Caract\u00e9.ristiques de la\u00a0.SACOCHE THE BLEND LACOSTEMONOGRAM NOIR GRIS<\/strong><\/p>\n<div>\n<div>Un look intemporel, un volume bien pens\u00e9. et une boucle pour vos cl\u00e9.s : cette sacoche monogramm\u00e9.e facilite vos journ\u00e9.es. Son style \u00e9.tudi\u00e9. vous promet un suppl\u00e9.ment d&#038;rsquo.allure.<\/div>\n<ul>\n<li><span>Dimensions : L 16 x H 21,5 x P 5,5 cm<\/span><\/li>\n<li><span>Ext\u00e9.rieur en toile enduite<\/span><\/li>\n<li><span>Bandouli\u00e8.re ajustable entre 75 et 140 cm<\/span><\/li>\n<li><span>1 poche plaqu\u00e9.e int\u00e9.rieure, 1 porte clefs<\/span><\/li>\n<li><span>Crocodile m\u00e9.tallique<\/span><\/li>\n<li><span>Exterieur: Pvc (100%)<\/span><\/li>\n<\/ul><\/div>\n<p><strong>Informations livraisons<\/strong><\/p>\n<div>Les frais de livraisons sont offerts d\u00e8.s 40&#038;euro. d&rsquo;achats<br \/>Livraison entre 3 et 5 jours<\/div>\n<div>Mode de paiement s\u00e9.curis\u00e9.s accept\u00e9.s : CARTE BANCAIRE\u00a0. ou\u00a0. PAYPAL<br \/>R\u00e9.ception des marchandises : A domicile ou Retrait \u00e0. notre magasin<br \/>Consulter nos<a href=\"http:\/\/www.solene-maroquinerie.fr\/conditions_generales_de_vente.html\" target=\"_self\" title=\"Nos CGV\">\u00a0.conditions g\u00e9.n\u00e9.rales de ventes<\/a><\/div>\n<p>\u00a0.<\/p>\n","protected":false},"excerpt":{"rendered":"<p>Caract\u00e9.ristiques de la\u00a0.SACOCHE THE BLEND LACOSTEMONOGRAM NOIR GRIS Un look intemporel, un volume bien pens\u00e9. et une boucle pour vos cl\u00e9.s : cette sacoche monogramm\u00e9.e facilite vos journ\u00e9.es. Son style \u00e9.tudi\u00e9. vous promet un suppl\u00e9.ment d&#038;rsquo.allure. Dimensions : L 16 x H 21,5 x P 5,5 cm Ext\u00e9.rieur en toile enduite Bandouli\u00e8.re ajustable entre 75 [&hellip;]<\/p>\n","protected":false},"featured_media":2523,"comment_status":"open","ping_status":"closed","template":"","meta":[],"product_brand":[25],"product_cat":[24,34],"product_tag":[],"class_list":{"0":"post-2524","1":"product","2":"type-product","3":"status-publish","4":"has-post-thumbnail","6":"product_brand-lacoste","7":"product_cat-divers","8":"product_cat-homme","10":"first","11":"instock","12":"shipping-taxable","13":"purchasable","14":"product-type-simple"},"_links":{"self":[{"href":"https:\/\/solenemaro41.fr\/index.php?rest_route=\/wp\/v2\/product\/2524","targetHints":{"allow":["GET"]}}],"collection":[{"href":"https:\/\/solenemaro41.fr\/index.php?rest_route=\/wp\/v2\/product"}],"about":[{"href":"https:\/\/solenemaro41.fr\/index.php?rest_route=\/wp\/v2\/types\/product"}],"replies":[{"embeddable":true,"href":"https:\/\/solenemaro41.fr\/index.php?rest_route=%2Fwp%2Fv2%2Fcomments&post=2524"}],"wp:featuredmedia":[{"embeddable":true,"href":"https:\/\/solenemaro41.fr\/index.php?rest_route=\/wp\/v2\/media\/2523"}],"wp:attachment":[{"href":"https:\/\/solenemaro41.fr\/index.php?rest_route=%2Fwp%2Fv2%2Fmedia&parent=2524"}],"wp:term":[{"taxonomy":"product_brand","embeddable":true,"href":"https:\/\/solenemaro41.fr\/index.php?rest_route=%2Fwp%2Fv2%2Fproduct_brand&post=2524"},{"taxonomy":"product_cat","embeddable":true,"href":"https:\/\/solenemaro41.fr\/index.php?rest_route=%2Fwp%2Fv2%2Fproduct_cat&post=2524"},{"taxonomy":"product_tag","embeddable":true,"href":"https:\/\/solenemaro41.fr\/index.php?rest_route=%2Fwp%2Fv2%2Fproduct_tag&post=2524"}],"curies":[{"name":"wp","href":"https:\/\/api.w.org\/{rel}","templated":true}]}}