{"id":2528,"date":"2026-04-11T10:48:50","date_gmt":"2026-04-11T08:48:50","guid":{"rendered":"https:\/\/solenemaro41.fr\/?product=sacoche-rabat-the-blend-lacoste"},"modified":"2026-04-11T10:48:52","modified_gmt":"2026-04-11T08:48:52","slug":"sacoche-rabat-the-blend-lacoste","status":"publish","type":"product","link":"https:\/\/solenemaro41.fr\/?product=sacoche-rabat-the-blend-lacoste","title":{"rendered":"SACOCHE RABAT THE BLEND LACOSTE"},"content":{"rendered":"<p><strong>Caract\u00e9.ristiques de la\u00a0.SACOCHE A RABAT CLIPS\u00c9. THE BLEND LACOSTE MONOGRAM NOIR GRIS<\/strong><\/p>\n<div>\n<div>Pour vos d\u00e9.placements quotidiens chics et d\u00e9.contract\u00e9.s, cette sacoche mixte The Blend \u00e0. rabat clips\u00e9. est munie d&rsquo;une bandouli\u00e8.re r\u00e9.glable pour un port\u00e9. \u00e9.paule ou crois\u00e9. tendance et confortable. Anim\u00e9.e en all-over par l&rsquo;iconique monogramme Lacoste, elle est dot\u00e9.e d&rsquo;une poche o\u00f9. ranger vos essentiels. Un mod\u00e8.le pens\u00e9. pour le mouvement.<\/div>\n<ul>\n<li><span>Dimensions : L 20 x H 21 x P 6,5 cm<\/span><\/li>\n<li><span>Int\u00e9.rieur 1 poche plate<\/span><\/li>\n<li><span>Bandouli\u00e8.re r\u00e9.glable<\/span><\/li>\n<li><span>Crocodile ton sur ton<\/span><\/li>\n<li><span>Exterieur: Pvc (100%)<\/span><\/li>\n<\/ul><\/div>\n<p><strong>Informations livraisons<\/strong><\/p>\n<div>Les frais de livraisons sont offerts d\u00e8.s 40&#038;euro. d&rsquo;achats<br \/>Livraison entre 3 et 5 jours<\/div>\n<div>Mode de paiement s\u00e9.curis\u00e9.s accept\u00e9.s : CARTE BANCAIRE\u00a0. ou\u00a0. PAYPAL<br \/>R\u00e9.ception des marchandises : A domicile ou Retrait \u00e0. notre magasin<br \/>Consulter nos<a href=\"http:\/\/www.solene-maroquinerie.fr\/conditions_generales_de_vente.html\" target=\"_self\" title=\"Nos CGV\">\u00a0.conditions g\u00e9.n\u00e9.rales de ventes<\/a><\/div>\n<p>\u00a0.<\/p>\n","protected":false},"excerpt":{"rendered":"<p>Caract\u00e9.ristiques de la\u00a0.SACOCHE A RABAT CLIPS\u00c9. THE BLEND LACOSTE MONOGRAM NOIR GRIS Pour vos d\u00e9.placements quotidiens chics et d\u00e9.contract\u00e9.s, cette sacoche mixte The Blend \u00e0. rabat clips\u00e9. est munie d&rsquo;une bandouli\u00e8.re r\u00e9.glable pour un port\u00e9. \u00e9.paule ou crois\u00e9. tendance et confortable. Anim\u00e9.e en all-over par l&rsquo;iconique monogramme Lacoste, elle est dot\u00e9.e d&rsquo;une poche o\u00f9. ranger [&hellip;]<\/p>\n","protected":false},"featured_media":2527,"comment_status":"open","ping_status":"closed","template":"","meta":[],"product_brand":[25],"product_cat":[24,34],"product_tag":[],"class_list":{"0":"post-2528","1":"product","2":"type-product","3":"status-publish","4":"has-post-thumbnail","6":"product_brand-lacoste","7":"product_cat-divers","8":"product_cat-homme","10":"first","11":"instock","12":"shipping-taxable","13":"purchasable","14":"product-type-simple"},"_links":{"self":[{"href":"https:\/\/solenemaro41.fr\/index.php?rest_route=\/wp\/v2\/product\/2528","targetHints":{"allow":["GET"]}}],"collection":[{"href":"https:\/\/solenemaro41.fr\/index.php?rest_route=\/wp\/v2\/product"}],"about":[{"href":"https:\/\/solenemaro41.fr\/index.php?rest_route=\/wp\/v2\/types\/product"}],"replies":[{"embeddable":true,"href":"https:\/\/solenemaro41.fr\/index.php?rest_route=%2Fwp%2Fv2%2Fcomments&post=2528"}],"wp:featuredmedia":[{"embeddable":true,"href":"https:\/\/solenemaro41.fr\/index.php?rest_route=\/wp\/v2\/media\/2527"}],"wp:attachment":[{"href":"https:\/\/solenemaro41.fr\/index.php?rest_route=%2Fwp%2Fv2%2Fmedia&parent=2528"}],"wp:term":[{"taxonomy":"product_brand","embeddable":true,"href":"https:\/\/solenemaro41.fr\/index.php?rest_route=%2Fwp%2Fv2%2Fproduct_brand&post=2528"},{"taxonomy":"product_cat","embeddable":true,"href":"https:\/\/solenemaro41.fr\/index.php?rest_route=%2Fwp%2Fv2%2Fproduct_cat&post=2528"},{"taxonomy":"product_tag","embeddable":true,"href":"https:\/\/solenemaro41.fr\/index.php?rest_route=%2Fwp%2Fv2%2Fproduct_tag&post=2528"}],"curies":[{"name":"wp","href":"https:\/\/api.w.org\/{rel}","templated":true}]}}