{"id":2546,"date":"2026-04-11T10:49:24","date_gmt":"2026-04-11T08:49:24","guid":{"rendered":"https:\/\/solenemaro41.fr\/?product=sac-banane-lacoste-noir"},"modified":"2026-04-11T10:49:26","modified_gmt":"2026-04-11T08:49:26","slug":"sac-banane-lacoste-noir","status":"publish","type":"product","link":"https:\/\/solenemaro41.fr\/?product=sac-banane-lacoste-noir","title":{"rendered":"SAC BANANE LACOSTE NOIR"},"content":{"rendered":"<p><strong>Caract\u00e9.ristiques du\u00a0.SAC BANANE LACOSTE EN PETIT PIQU\u00c9. NOIR<\/strong><\/p>\n<div>Optez pour l&#038;rsquo.allure sportive de ce sac banane Lacoste. Tendance, fonctionnel, il est confectionn\u00e9. en toile souple petit piqu\u00e9.. Portez cet accessoire nomade \u00e0. l&#038;rsquo.\u00e9.paule ou crois\u00e9. pour un look d\u00e9.contract\u00e9..<\/div>\n<ul>\n<li><span>Dimensions : L45.5 x H15 x D9 cm<\/span><\/li>\n<li><span>Exterieur : piqu\u00e9.<\/span><\/li>\n<li><span>Ceinture r\u00e9.glage : 65cm &#8211; 95cm<\/span><\/li>\n<li><span>1 poche zipp\u00e9.e ext\u00e9.rieur<\/span><\/li>\n<li><span>Crocodile ton sur ton<\/span><\/li>\n<li><span>Ext\u00e9.rieur: Pvc (100%)<\/span><\/li>\n<\/ul>\n<p><strong><br \/><\/strong><\/p>\n<p><strong>Informations livraisons<\/strong><\/p>\n<div>Les frais de livraisons sont offerts d\u00e8.s 40&#038;euro. d&rsquo;achats<br \/>Livraison entre 3 et 5 jours<\/div>\n<div>Mode de paiement s\u00e9.curis\u00e9.s accept\u00e9.s : CARTE BANCAIRE\u00a0. ou\u00a0. PAYPAL<br \/>R\u00e9.ception des marchandises : A domicile ou Retrait \u00e0. notre magasin<br \/>Consulter nos<a href=\"http:\/\/www.solene-maroquinerie.fr\/conditions_generales_de_vente.html\" target=\"_self\" title=\"Nos CGV\">\u00a0.conditions g\u00e9.n\u00e9.rales de ventes<\/a><\/div>\n<p>\u00a0.<\/p>\n","protected":false},"excerpt":{"rendered":"<p>Caract\u00e9.ristiques du\u00a0.SAC BANANE LACOSTE EN PETIT PIQU\u00c9. NOIR Optez pour l&#038;rsquo.allure sportive de ce sac banane Lacoste. Tendance, fonctionnel, il est confectionn\u00e9. en toile souple petit piqu\u00e9.. Portez cet accessoire nomade \u00e0. l&#038;rsquo.\u00e9.paule ou crois\u00e9. pour un look d\u00e9.contract\u00e9.. Dimensions : L45.5 x H15 x D9 cm Exterieur : piqu\u00e9. Ceinture r\u00e9.glage : 65cm &#8211; [&hellip;]<\/p>\n","protected":false},"featured_media":2545,"comment_status":"open","ping_status":"closed","template":"","meta":[],"product_brand":[25],"product_cat":[45,34],"product_tag":[],"class_list":{"0":"post-2546","1":"product","2":"type-product","3":"status-publish","4":"has-post-thumbnail","6":"product_brand-lacoste","7":"product_cat-banane","8":"product_cat-homme","10":"first","11":"instock","12":"shipping-taxable","13":"purchasable","14":"product-type-simple"},"_links":{"self":[{"href":"https:\/\/solenemaro41.fr\/index.php?rest_route=\/wp\/v2\/product\/2546","targetHints":{"allow":["GET"]}}],"collection":[{"href":"https:\/\/solenemaro41.fr\/index.php?rest_route=\/wp\/v2\/product"}],"about":[{"href":"https:\/\/solenemaro41.fr\/index.php?rest_route=\/wp\/v2\/types\/product"}],"replies":[{"embeddable":true,"href":"https:\/\/solenemaro41.fr\/index.php?rest_route=%2Fwp%2Fv2%2Fcomments&post=2546"}],"wp:featuredmedia":[{"embeddable":true,"href":"https:\/\/solenemaro41.fr\/index.php?rest_route=\/wp\/v2\/media\/2545"}],"wp:attachment":[{"href":"https:\/\/solenemaro41.fr\/index.php?rest_route=%2Fwp%2Fv2%2Fmedia&parent=2546"}],"wp:term":[{"taxonomy":"product_brand","embeddable":true,"href":"https:\/\/solenemaro41.fr\/index.php?rest_route=%2Fwp%2Fv2%2Fproduct_brand&post=2546"},{"taxonomy":"product_cat","embeddable":true,"href":"https:\/\/solenemaro41.fr\/index.php?rest_route=%2Fwp%2Fv2%2Fproduct_cat&post=2546"},{"taxonomy":"product_tag","embeddable":true,"href":"https:\/\/solenemaro41.fr\/index.php?rest_route=%2Fwp%2Fv2%2Fproduct_tag&post=2546"}],"curies":[{"name":"wp","href":"https:\/\/api.w.org\/{rel}","templated":true}]}}