{"id":2559,"date":"2026-04-11T10:51:24","date_gmt":"2026-04-11T08:51:24","guid":{"rendered":"https:\/\/solenemaro41.fr\/?product=totebag-medium-pro-cabaia-maupit"},"modified":"2026-04-11T10:52:12","modified_gmt":"2026-04-11T08:52:12","slug":"totebag-medium-pro-cabaia-maupit","status":"publish","type":"product","link":"https:\/\/solenemaro41.fr\/?product=totebag-medium-pro-cabaia-maupit","title":{"rendered":"TOTEBAG MEDIUM PRO CABAIA MAUPIT"},"content":{"rendered":"<p><strong>Descriptif du TOTEBAG MEDIUM PRO CABAIA MAUPITI<\/strong><\/p>\n<ul>\n<li>Garanti \u00e0. vie<\/li>\n<li>\u00a0.2 poches pour gourde ou parapluie<\/li>\n<li>Compartiment rembourr\u00e9. pour ordinateur 12-14 pouces<\/li>\n<li>Syst\u00e8.me MOLLE pour attacher les pochettes avant<\/li>\n<li>Sangle attache valise<\/li>\n<li>Vegan et d\u00e9.perlant<\/li>\n<li>La largeur du sac en haut est de 43cm.<\/li>\n<li><span>Compartiment ordinateur :\u00a0.<\/span><span>Jusqu&rsquo;\u00e0. 14 pouces<\/span><\/li>\n<li>Poids :\u00a0.0,67kg<\/li>\n<\/ul>\n<p><strong>Dimensions :\u00a0.<\/strong><span><span>34,5cm x 36cm x 15cm<\/span><\/span><\/p>\n<p><strong>Composition<\/strong>\u00a0.:\u00a0.<br \/><span>Tissu ext\u00e9.rieur principal: 100% Polyester recycl\u00e9.<\/span><br \/><span>Doublure interieure: 100% Polyester<\/span><\/p>\n<h4>Informations livraisons<\/h4>\n<div>Les frais de livraisons sont offerts d\u00e8.s 40&#038;euro. d&rsquo;achats<br \/>Livraison entre 2 et 5 jours<\/div>\n<div>Mode de paiement s\u00e9.curis\u00e9.s accept\u00e9.s : CARTE BANCAIRE\u00a0. ou\u00a0. PAYPAL<br \/>R\u00e9.ception des marchandises : A domicile ou Retrait \u00e0. notre magasin<br \/>Consulter nos<a href=\"http:\/\/www.solene-maroquinerie.fr\/conditions_generales_de_vente.html\" target=\"_self\" title=\"Nos CGV\">\u00a0.conditions g\u00e9.n\u00e9.rales de ventes<\/a><\/div>\n","protected":false},"excerpt":{"rendered":"<p>Descriptif du TOTEBAG MEDIUM PRO CABAIA MAUPITI Garanti \u00e0. vie \u00a0.2 poches pour gourde ou parapluie Compartiment rembourr\u00e9. pour ordinateur 12-14 pouces Syst\u00e8.me MOLLE pour attacher les pochettes avant Sangle attache valise Vegan et d\u00e9.perlant La largeur du sac en haut est de 43cm. Compartiment ordinateur :\u00a0.Jusqu&rsquo;\u00e0. 14 pouces Poids :\u00a0.0,67kg Dimensions :\u00a0.34,5cm x 36cm [&hellip;]<\/p>\n","protected":false},"featured_media":2558,"comment_status":"open","ping_status":"closed","template":"","meta":[],"product_brand":[42],"product_cat":[24,90],"product_tag":[],"class_list":{"0":"post-2559","1":"product","2":"type-product","3":"status-publish","4":"has-post-thumbnail","6":"product_brand-cabaia","7":"product_cat-divers","8":"product_cat-totebag-cabaia","10":"first","11":"instock","12":"shipping-taxable","13":"purchasable","14":"product-type-simple"},"_links":{"self":[{"href":"https:\/\/solenemaro41.fr\/index.php?rest_route=\/wp\/v2\/product\/2559","targetHints":{"allow":["GET"]}}],"collection":[{"href":"https:\/\/solenemaro41.fr\/index.php?rest_route=\/wp\/v2\/product"}],"about":[{"href":"https:\/\/solenemaro41.fr\/index.php?rest_route=\/wp\/v2\/types\/product"}],"replies":[{"embeddable":true,"href":"https:\/\/solenemaro41.fr\/index.php?rest_route=%2Fwp%2Fv2%2Fcomments&post=2559"}],"wp:featuredmedia":[{"embeddable":true,"href":"https:\/\/solenemaro41.fr\/index.php?rest_route=\/wp\/v2\/media\/2558"}],"wp:attachment":[{"href":"https:\/\/solenemaro41.fr\/index.php?rest_route=%2Fwp%2Fv2%2Fmedia&parent=2559"}],"wp:term":[{"taxonomy":"product_brand","embeddable":true,"href":"https:\/\/solenemaro41.fr\/index.php?rest_route=%2Fwp%2Fv2%2Fproduct_brand&post=2559"},{"taxonomy":"product_cat","embeddable":true,"href":"https:\/\/solenemaro41.fr\/index.php?rest_route=%2Fwp%2Fv2%2Fproduct_cat&post=2559"},{"taxonomy":"product_tag","embeddable":true,"href":"https:\/\/solenemaro41.fr\/index.php?rest_route=%2Fwp%2Fv2%2Fproduct_tag&post=2559"}],"curies":[{"name":"wp","href":"https:\/\/api.w.org\/{rel}","templated":true}]}}