{"id":2696,"date":"2026-04-11T11:19:20","date_gmt":"2026-04-11T09:19:20","guid":{"rendered":"https:\/\/solenemaro41.fr\/?product=pico-cabaia-honolulu"},"modified":"2026-04-11T11:19:25","modified_gmt":"2026-04-11T09:19:25","slug":"pico-cabaia-honolulu","status":"publish","type":"product","link":"https:\/\/solenemaro41.fr\/?product=pico-cabaia-honolulu","title":{"rendered":"PICO CABAIA HONOLULU"},"content":{"rendered":"<div data-accordion-content=\"open\">\n<div data-accordion-content=\"open\">\n<p><strong>Descriptif du PICO CABAIA HONOLULU<\/strong><\/p>\n<ul>\n<li>Garanti \u00e0. vie<\/li>\n<li>Pratique et compact<\/li>\n<li>Se clippe partout<\/li>\n<li>Vegan et d\u00e9.perlant<\/li>\n<\/ul>\n<div data-accordion-content=\"open\">Dimensions (0,17L) :\u00a0.7cm x 8cm x 3cm<\/div>\n<\/p><\/div>\n<div>\n<p><strong>ENTRETIEN ET COMPOSITION<\/strong><\/p>\n<p> <span data-accordion-button-icon=\"open\"><\/span><\/div>\n<div data-accordion-content=\"open\">\n<p>Ne pas passer \u00e0. la machine, nettoyer d\u00e9.licatement avec un linge humide et du savon.<\/p>\n<p><strong>Composition :<\/strong><br \/>Tissu ext\u00e9.rieur principal: 100% Polyester\u00a0.recycl\u00e9.<br \/>Tissu ext\u00e9.rieur enduit: 100% Polyurethane\u00a0.<br \/>Doublure int\u00e9.rieure: 100% Polyester recycl\u00e9.<\/p>\n<p><strong>Informations livraisons<\/strong><br \/>Les frais de livraisons sont offerts d\u00e8.s 40&#038;euro. d&rsquo;achats<br \/>Livraison entre 3 et 5 jours<br \/>Mode de paiement s\u00e9.curis\u00e9.s accept\u00e9.s : CARTE BANCAIRE\u00a0. ou\u00a0. PAYPAL<br \/>R\u00e9.ception des marchandises : A domicile ou Retrait \u00e0. notre magasin<br \/>Consulter nos<a href=\"http:\/\/www.solene-maroquinerie.fr\/conditions_generales_de_vente.html\" target=\"_self\" title=\"Nos CGV\">\u00a0.conditions g\u00e9.n\u00e9.rales de ventes<\/a><\/p>\n<\/p><\/div>\n<p>\u00a0.<\/p>\n<\/p><\/div>\n<div data-accordion-content=\"open\">\u00a0.<\/div>\n","protected":false},"excerpt":{"rendered":"<p>Descriptif du PICO CABAIA HONOLULU Garanti \u00e0. vie Pratique et compact Se clippe partout Vegan et d\u00e9.perlant Dimensions (0,17L) :\u00a0.7cm x 8cm x 3cm ENTRETIEN ET COMPOSITION Ne pas passer \u00e0. la machine, nettoyer d\u00e9.licatement avec un linge humide et du savon. Composition :Tissu ext\u00e9.rieur principal: 100% Polyester\u00a0.recycl\u00e9.Tissu ext\u00e9.rieur enduit: 100% Polyurethane\u00a0.Doublure int\u00e9.rieure: 100% Polyester [&hellip;]<\/p>\n","protected":false},"featured_media":419,"comment_status":"open","ping_status":"closed","template":"","meta":[],"product_brand":[42],"product_cat":[24,94],"product_tag":[],"class_list":{"0":"post-2696","1":"product","2":"type-product","3":"status-publish","4":"has-post-thumbnail","6":"product_brand-cabaia","7":"product_cat-divers","8":"product_cat-pico-cabaia","10":"first","11":"instock","12":"shipping-taxable","13":"purchasable","14":"product-type-simple"},"_links":{"self":[{"href":"https:\/\/solenemaro41.fr\/index.php?rest_route=\/wp\/v2\/product\/2696","targetHints":{"allow":["GET"]}}],"collection":[{"href":"https:\/\/solenemaro41.fr\/index.php?rest_route=\/wp\/v2\/product"}],"about":[{"href":"https:\/\/solenemaro41.fr\/index.php?rest_route=\/wp\/v2\/types\/product"}],"replies":[{"embeddable":true,"href":"https:\/\/solenemaro41.fr\/index.php?rest_route=%2Fwp%2Fv2%2Fcomments&post=2696"}],"wp:featuredmedia":[{"embeddable":true,"href":"https:\/\/solenemaro41.fr\/index.php?rest_route=\/wp\/v2\/media\/419"}],"wp:attachment":[{"href":"https:\/\/solenemaro41.fr\/index.php?rest_route=%2Fwp%2Fv2%2Fmedia&parent=2696"}],"wp:term":[{"taxonomy":"product_brand","embeddable":true,"href":"https:\/\/solenemaro41.fr\/index.php?rest_route=%2Fwp%2Fv2%2Fproduct_brand&post=2696"},{"taxonomy":"product_cat","embeddable":true,"href":"https:\/\/solenemaro41.fr\/index.php?rest_route=%2Fwp%2Fv2%2Fproduct_cat&post=2696"},{"taxonomy":"product_tag","embeddable":true,"href":"https:\/\/solenemaro41.fr\/index.php?rest_route=%2Fwp%2Fv2%2Fproduct_tag&post=2696"}],"curies":[{"name":"wp","href":"https:\/\/api.w.org\/{rel}","templated":true}]}}