{"id":2732,"date":"2026-04-11T11:23:01","date_gmt":"2026-04-11T09:23:01","guid":{"rendered":"https:\/\/solenemaro41.fr\/?product=lunchbag-cabaia-edea"},"modified":"2026-04-11T11:23:34","modified_gmt":"2026-04-11T09:23:34","slug":"lunchbag-cabaia-edea","status":"publish","type":"product","link":"https:\/\/solenemaro41.fr\/?product=lunchbag-cabaia-edea","title":{"rendered":"LUNCHBAG CABAIA EDEA"},"content":{"rendered":"<div data-accordion-content=\"open\">\n<p><strong>Descriptif du SAC ISOTHERME CABAIA EDEA<\/strong><\/p>\n<div data-accordion-content=\"open\">\n<ul>\n<li>Garanti \u00e0. vie<\/li>\n<li>Ouverture grand angle<\/li>\n<li>Syst\u00e8.me de fermeture \u00e9.clair<\/li>\n<li>Deux poign\u00e9.es pour plus de confort<\/li>\n<li>Couches isolantes et \u00e9.tanches<\/li>\n<li>Garde votre repas au frais ou au chaud<\/li>\n<li>Syt\u00e8.me MOLLE pour pochette avant personnalisable<\/li>\n<li>D\u00e9.perlant<\/li>\n<li>Peut \u00ea.tre port\u00e9. en bandouli\u00e8.re (vendue s\u00e9.par\u00e9.ment)<\/li>\n<\/ul>\n<p><em>Le sac isotherme est compatible avec les bandouli\u00e8.res de nos sacs bandouli\u00e8.res (vendues s\u00e9.par\u00e9.ment).<\/em><\/p>\n<p><em>Caract\u00e9.ristique :\u00a0.Isotherme jusqu&rsquo;\u00e0. 3 heures<br \/><\/em><\/p>\n<div data-accordion-content=\"open\"><strong>Dimensions<\/strong>\u00a0.(7,2L) :\u00a0.25cm x 12cm x 24cm<\/div>\n<\/p><\/div>\n<div>\n<p><strong>ENTRETIEN ET COMPOSITION<\/strong><\/p>\n<p> <span data-accordion-button-icon=\"open\"><\/span><\/div>\n<div data-accordion-content=\"open\">\n<p>Ne pas passer \u00e0. la machine, nettoyer d\u00e9.licatement avec un linge humide et du savon.<\/p>\n<p><strong>Composition :<\/strong><br \/>Tissu exterieur principal: 100% Polyester recycl\u00e9.\u00a0.<br \/>Doublure interieure: 50% aluminium, 50% EVA<\/p>\n<p><strong>Informations livraisons<\/strong><br \/>Les frais de livraisons sont offerts d\u00e8.s 40&#038;euro. d&rsquo;achats<br \/>Livraison entre 3 et 5 jours<br \/>Mode de paiement s\u00e9.curis\u00e9.s accept\u00e9.s : CARTE BANCAIRE\u00a0. ou\u00a0. PAYPAL<br \/>R\u00e9.ception des marchandises : A domicile ou Retrait \u00e0. notre magasin<br \/>Consulter nos<a href=\"http:\/\/www.solene-maroquinerie.fr\/conditions_generales_de_vente.html\" target=\"_self\" title=\"Nos CGV\">\u00a0.conditions g\u00e9.n\u00e9.rales de ventes<\/a><\/p>\n<\/p><\/div>\n<p><strong><br \/><\/strong><\/p>\n<\/p><\/div>\n<div data-accordion-content=\"open\">\u00a0.<\/div>\n","protected":false},"excerpt":{"rendered":"<p>Descriptif du SAC ISOTHERME CABAIA EDEA Garanti \u00e0. vie Ouverture grand angle Syst\u00e8.me de fermeture \u00e9.clair Deux poign\u00e9.es pour plus de confort Couches isolantes et \u00e9.tanches Garde votre repas au frais ou au chaud Syt\u00e8.me MOLLE pour pochette avant personnalisable D\u00e9.perlant Peut \u00ea.tre port\u00e9. en bandouli\u00e8.re (vendue s\u00e9.par\u00e9.ment) Le sac isotherme est compatible avec les [&hellip;]<\/p>\n","protected":false},"featured_media":2731,"comment_status":"open","ping_status":"closed","template":"","meta":[],"product_brand":[42],"product_cat":[24,95],"product_tag":[],"class_list":{"0":"post-2732","1":"product","2":"type-product","3":"status-publish","4":"has-post-thumbnail","6":"product_brand-cabaia","7":"product_cat-divers","8":"product_cat-lunchbag-cabaia","10":"first","11":"instock","12":"shipping-taxable","13":"purchasable","14":"product-type-simple"},"_links":{"self":[{"href":"https:\/\/solenemaro41.fr\/index.php?rest_route=\/wp\/v2\/product\/2732","targetHints":{"allow":["GET"]}}],"collection":[{"href":"https:\/\/solenemaro41.fr\/index.php?rest_route=\/wp\/v2\/product"}],"about":[{"href":"https:\/\/solenemaro41.fr\/index.php?rest_route=\/wp\/v2\/types\/product"}],"replies":[{"embeddable":true,"href":"https:\/\/solenemaro41.fr\/index.php?rest_route=%2Fwp%2Fv2%2Fcomments&post=2732"}],"wp:featuredmedia":[{"embeddable":true,"href":"https:\/\/solenemaro41.fr\/index.php?rest_route=\/wp\/v2\/media\/2731"}],"wp:attachment":[{"href":"https:\/\/solenemaro41.fr\/index.php?rest_route=%2Fwp%2Fv2%2Fmedia&parent=2732"}],"wp:term":[{"taxonomy":"product_brand","embeddable":true,"href":"https:\/\/solenemaro41.fr\/index.php?rest_route=%2Fwp%2Fv2%2Fproduct_brand&post=2732"},{"taxonomy":"product_cat","embeddable":true,"href":"https:\/\/solenemaro41.fr\/index.php?rest_route=%2Fwp%2Fv2%2Fproduct_cat&post=2732"},{"taxonomy":"product_tag","embeddable":true,"href":"https:\/\/solenemaro41.fr\/index.php?rest_route=%2Fwp%2Fv2%2Fproduct_tag&post=2732"}],"curies":[{"name":"wp","href":"https:\/\/api.w.org\/{rel}","templated":true}]}}