{"id":2810,"date":"2026-04-11T11:35:14","date_gmt":"2026-04-11T09:35:14","guid":{"rendered":"https:\/\/solenemaro41.fr\/?product=sac-a-main-guess-lefia-rosewater"},"modified":"2026-04-11T11:35:18","modified_gmt":"2026-04-11T09:35:18","slug":"sac-a-main-guess-lefia-rosewater","status":"publish","type":"product","link":"https:\/\/solenemaro41.fr\/?product=sac-a-main-guess-lefia-rosewater","title":{"rendered":"SAC A MAIN GUESS LEFIA ROSEWATER"},"content":{"rendered":"<p><strong>Caract\u00e9.ristiques du\u00a0.SAC A MAIN GUESS LEFIA ROSEWATER<\/strong><\/p>\n<ul>\n<li>Sac \u00e0. main \u00e9.l\u00e9.gant avec logo Guess m\u00e9.tallique<\/li>\n<li>Poches int\u00e9.rieures dont une zipp\u00e9.e<\/li>\n<li>Fermeture compartiment principal zip\u00e9.e<\/li>\n<\/ul>\n<p><strong>Dimensions<\/strong><\/p>\n<ul>\n<li>24 cm x 14 cm x 7 cm<\/li>\n<\/ul>\n<p><strong>Composition<\/strong><\/p>\n<ul>\n<li>100% Polyur\u00e9.thane<\/li>\n<li>Doublure : 80% Polyester 20% Coton<\/li>\n<\/ul>\n<p><strong>Entretien<\/strong><\/p>\n<ul>\n<li>Ne pas laver.<\/li>\n<li>Ranger dans son pochon en tissu.<\/li>\n<li>Suivre les instructions figurant sur l&rsquo;\u00e9.tiquette pour entretenir correctement l&rsquo;accessoire.<\/li>\n<\/ul>\n<div><span><span><\/span><\/span> <\/p>\n<p><strong>Informations livraisons<\/strong><\/p>\n<p>Les frais de livraisons sont offerts d\u00e8.s 40&#038;euro. d&rsquo;achats<\/p>\n<p>Mode de paiement s\u00e9.curis\u00e9.s accept\u00e9.s : CARTE BANCAIRE\u00a0. ou\u00a0. PAYPAL<\/p>\n<div>R\u00e9.ception des marchandises : A domicile ou Retrait \u00e0. notre magasin<\/div>\n<div>Livraison entre 3 et 5 jours<\/div>\n<div>Retrait au magasin sous 24h (rdv)<\/div>\n<div>Consulter nos<a href=\"https:\/\/www.solene-maroquinerie.fr\/conditions_generales_de_vente.html\" target=\"_self\" title=\"Nos CGV\">\u00a0.conditions g\u00e9.n\u00e9.rales de ventes<\/a><\/div>\n<\/p><\/div>\n<p>\u00a0.<\/p>\n<div>\u00a0.<\/div>\n","protected":false},"excerpt":{"rendered":"<p>Caract\u00e9.ristiques du\u00a0.SAC A MAIN GUESS LEFIA ROSEWATER Sac \u00e0. main \u00e9.l\u00e9.gant avec logo Guess m\u00e9.tallique Poches int\u00e9.rieures dont une zipp\u00e9.e Fermeture compartiment principal zip\u00e9.e Dimensions 24 cm x 14 cm x 7 cm Composition 100% Polyur\u00e9.thane Doublure : 80% Polyester 20% Coton Entretien Ne pas laver. Ranger dans son pochon en tissu. Suivre les instructions [&hellip;]<\/p>\n","protected":false},"featured_media":2809,"comment_status":"open","ping_status":"closed","template":"","meta":[],"product_brand":[98],"product_cat":[28,97],"product_tag":[],"class_list":{"0":"post-2810","1":"product","2":"type-product","3":"status-publish","4":"has-post-thumbnail","6":"product_brand-guess","7":"product_cat-sac-a-main-2","8":"product_cat-sac-a-main-guess","10":"first","11":"instock","12":"shipping-taxable","13":"purchasable","14":"product-type-simple"},"_links":{"self":[{"href":"https:\/\/solenemaro41.fr\/index.php?rest_route=\/wp\/v2\/product\/2810","targetHints":{"allow":["GET"]}}],"collection":[{"href":"https:\/\/solenemaro41.fr\/index.php?rest_route=\/wp\/v2\/product"}],"about":[{"href":"https:\/\/solenemaro41.fr\/index.php?rest_route=\/wp\/v2\/types\/product"}],"replies":[{"embeddable":true,"href":"https:\/\/solenemaro41.fr\/index.php?rest_route=%2Fwp%2Fv2%2Fcomments&post=2810"}],"wp:featuredmedia":[{"embeddable":true,"href":"https:\/\/solenemaro41.fr\/index.php?rest_route=\/wp\/v2\/media\/2809"}],"wp:attachment":[{"href":"https:\/\/solenemaro41.fr\/index.php?rest_route=%2Fwp%2Fv2%2Fmedia&parent=2810"}],"wp:term":[{"taxonomy":"product_brand","embeddable":true,"href":"https:\/\/solenemaro41.fr\/index.php?rest_route=%2Fwp%2Fv2%2Fproduct_brand&post=2810"},{"taxonomy":"product_cat","embeddable":true,"href":"https:\/\/solenemaro41.fr\/index.php?rest_route=%2Fwp%2Fv2%2Fproduct_cat&post=2810"},{"taxonomy":"product_tag","embeddable":true,"href":"https:\/\/solenemaro41.fr\/index.php?rest_route=%2Fwp%2Fv2%2Fproduct_tag&post=2810"}],"curies":[{"name":"wp","href":"https:\/\/api.w.org\/{rel}","templated":true}]}}