{"id":2841,"date":"2026-04-11T11:36:04","date_gmt":"2026-04-11T09:36:04","guid":{"rendered":"https:\/\/solenemaro41.fr\/?product=sac-guess-power-play-brown-logo"},"modified":"2026-04-11T11:36:06","modified_gmt":"2026-04-11T09:36:06","slug":"sac-guess-power-play-brown-logo","status":"publish","type":"product","link":"https:\/\/solenemaro41.fr\/?product=sac-guess-power-play-brown-logo","title":{"rendered":"SAC GUESS POWER PLAY BROWN LOGO"},"content":{"rendered":"<p><strong>Caract\u00e9.ristiques du\u00a0.SAC CABAS GUESS POWER PLAY BROWN LOGO<\/strong><\/p>\n<ul>\n<li>Sac \u00e0. main \u00e9.l\u00e9.gant avec logo Guess m\u00e9.tallique<\/li>\n<li>Fermeture compartiment principal zip\u00e9.e<\/li>\n<li><span>Pochette aspect cuir avec Logo Guess m\u00e9.tallique<\/span><\/li>\n<li><span>Fermeture par zip m\u00e9.tallique<\/span><\/li>\n<li><span>Motif Guess all over<\/span><\/li>\n<\/ul>\n<p><strong>Dimensions<\/strong><\/p>\n<ul>\n<li>40 cm x 30 cm x 14 cm<\/li>\n<\/ul>\n<p><strong>Composition<\/strong><\/p>\n<ul>\n<li>100% Polyur\u00e9.thane<\/li>\n<\/ul>\n<p><strong>Entretien<\/strong><\/p>\n<ul>\n<li>Ne pas laver.<\/li>\n<li>Ranger dans son pochon en tissu.<\/li>\n<li>Suivre les instructions figurant sur l&rsquo;\u00e9.tiquette pour entretenir correctement l&rsquo;accessoire.<\/li>\n<\/ul>\n<div><span><span><\/span><\/span> <\/p>\n<p><strong>Informations livraisons<\/strong><\/p>\n<p>Les frais de livraisons sont offerts d\u00e8.s 40&#038;euro. d&rsquo;achats<\/p>\n<p>Mode de paiement s\u00e9.curis\u00e9.s accept\u00e9.s : CARTE BANCAIRE\u00a0. ou\u00a0. PAYPAL<\/p>\n<div>R\u00e9.ception des marchandises : A domicile ou Retrait \u00e0. notre magasin<\/div>\n<div>Livraison entre 3 et 5 jours<\/div>\n<div>Retrait au magasin sous 24h (rdv)<\/div>\n<div>Consulter nos<a href=\"https:\/\/www.solene-maroquinerie.fr\/conditions_generales_de_vente.html\" target=\"_self\" title=\"Nos CGV\">\u00a0.conditions g\u00e9.n\u00e9.rales de ventes<\/a><\/div>\n<\/p><\/div>\n<p>\u00a0.<\/p>\n<div>\u00a0.<\/div>\n","protected":false},"excerpt":{"rendered":"<p>Caract\u00e9.ristiques du\u00a0.SAC CABAS GUESS POWER PLAY BROWN LOGO Sac \u00e0. main \u00e9.l\u00e9.gant avec logo Guess m\u00e9.tallique Fermeture compartiment principal zip\u00e9.e Pochette aspect cuir avec Logo Guess m\u00e9.tallique Fermeture par zip m\u00e9.tallique Motif Guess all over Dimensions 40 cm x 30 cm x 14 cm Composition 100% Polyur\u00e9.thane Entretien Ne pas laver. Ranger dans son pochon [&hellip;]<\/p>\n","protected":false},"featured_media":2840,"comment_status":"open","ping_status":"closed","template":"","meta":[],"product_brand":[98],"product_cat":[28,97],"product_tag":[],"class_list":{"0":"post-2841","1":"product","2":"type-product","3":"status-publish","4":"has-post-thumbnail","6":"product_brand-guess","7":"product_cat-sac-a-main-2","8":"product_cat-sac-a-main-guess","10":"first","11":"instock","12":"shipping-taxable","13":"purchasable","14":"product-type-simple"},"_links":{"self":[{"href":"https:\/\/solenemaro41.fr\/index.php?rest_route=\/wp\/v2\/product\/2841","targetHints":{"allow":["GET"]}}],"collection":[{"href":"https:\/\/solenemaro41.fr\/index.php?rest_route=\/wp\/v2\/product"}],"about":[{"href":"https:\/\/solenemaro41.fr\/index.php?rest_route=\/wp\/v2\/types\/product"}],"replies":[{"embeddable":true,"href":"https:\/\/solenemaro41.fr\/index.php?rest_route=%2Fwp%2Fv2%2Fcomments&post=2841"}],"wp:featuredmedia":[{"embeddable":true,"href":"https:\/\/solenemaro41.fr\/index.php?rest_route=\/wp\/v2\/media\/2840"}],"wp:attachment":[{"href":"https:\/\/solenemaro41.fr\/index.php?rest_route=%2Fwp%2Fv2%2Fmedia&parent=2841"}],"wp:term":[{"taxonomy":"product_brand","embeddable":true,"href":"https:\/\/solenemaro41.fr\/index.php?rest_route=%2Fwp%2Fv2%2Fproduct_brand&post=2841"},{"taxonomy":"product_cat","embeddable":true,"href":"https:\/\/solenemaro41.fr\/index.php?rest_route=%2Fwp%2Fv2%2Fproduct_cat&post=2841"},{"taxonomy":"product_tag","embeddable":true,"href":"https:\/\/solenemaro41.fr\/index.php?rest_route=%2Fwp%2Fv2%2Fproduct_tag&post=2841"}],"curies":[{"name":"wp","href":"https:\/\/api.w.org\/{rel}","templated":true}]}}