{"id":2847,"date":"2026-04-11T11:36:12","date_gmt":"2026-04-11T09:36:12","guid":{"rendered":"https:\/\/solenemaro41.fr\/?product=sac-a-main-guess-neda-latte-logo-2"},"modified":"2026-04-11T11:36:14","modified_gmt":"2026-04-11T09:36:14","slug":"sac-a-main-guess-neda-latte-logo-2","status":"publish","type":"product","link":"https:\/\/solenemaro41.fr\/?product=sac-a-main-guess-neda-latte-logo-2","title":{"rendered":"SAC A MAIN GUESS NEDA LATTE LOGO"},"content":{"rendered":"<p><strong>Caract\u00e9.ristiques du PETI SAC A MAIN GUESS NEDA LATTE LOGO<\/strong><\/p>\n<ul>\n<li>Fermeture \u00e9.clair.<\/li>\n<li>Pi\u00e8.ces m\u00e9.talliques couleur or.<\/li>\n<li>Inscription logo en m\u00e9.tal sur le devant.<\/li>\n<\/ul>\n<p><strong>Dimensions<\/strong><\/p>\n<ul>\n<li>29 x 19 x 11 cm.<\/li>\n<\/ul>\n<p><strong>Composition<\/strong><\/p>\n<ul>\n<li>PU<\/li>\n<\/ul>\n<p><strong>Entretien<\/strong><\/p>\n<ul>\n<li>Ne pas laver.<\/li>\n<li>Ranger dans son pochon en tissu.<\/li>\n<li>Suivre les instructions figurant sur l&rsquo;\u00e9.tiquette pour entretenir correctement l&rsquo;accessoire.<\/li>\n<li>Tenir \u00e0. l&#038;rsquo.\u00e9.cart de la chaleur et de l&#038;rsquo.humidit\u00e9..<\/li>\n<li>En cas d&#038;rsquo.exposition \u00e0. la pluie, s\u00e9.cher imm\u00e9.diatement avec un chiffon doux et neutre puis laisser dans un endroit bien abrit\u00e9..<\/li>\n<li>L&#038;rsquo.exposition \u00e0. l&#038;rsquo.eau, aux huiles et aux cosm\u00e9.tiques peut tacher les tissus.<\/li>\n<li>\u00c9.viter l&#038;rsquo.exposition prolong\u00e9.e \u00e0. la lumi\u00e8.re intense pour \u00e9.viter toute d\u00e9.coloration.<\/li>\n<\/ul>\n<div><span><span><\/span><\/span> <\/p>\n<p><strong>Informations livraisons<\/strong><\/p>\n<p>Les frais de livraisons sont offerts d\u00e8.s 40&#038;euro. d&rsquo;achats<\/p>\n<p>Mode de paiement s\u00e9.curis\u00e9.s accept\u00e9.s : CARTE BANCAIRE\u00a0. ou\u00a0. PAYPAL<\/p>\n<div>R\u00e9.ception des marchandises : A domicile ou Retrait \u00e0. notre magasin<\/div>\n<div>Livraison entre 3 et 5 jours<\/div>\n<div>Retrait au magasin sous 24h (rdv)<\/div>\n<div>Consulter nos<a href=\"https:\/\/www.solene-maroquinerie.fr\/conditions_generales_de_vente.html\" target=\"_self\" title=\"Nos CGV\">\u00a0.conditions g\u00e9.n\u00e9.rales de ventes<\/a><\/div>\n<\/p><\/div>\n<p>\u00a0.<\/p>\n<div>\u00a0.<\/div>\n","protected":false},"excerpt":{"rendered":"<p>Caract\u00e9.ristiques du PETI SAC A MAIN GUESS NEDA LATTE LOGO Fermeture \u00e9.clair. Pi\u00e8.ces m\u00e9.talliques couleur or. Inscription logo en m\u00e9.tal sur le devant. Dimensions 29 x 19 x 11 cm. Composition PU Entretien Ne pas laver. Ranger dans son pochon en tissu. Suivre les instructions figurant sur l&rsquo;\u00e9.tiquette pour entretenir correctement l&rsquo;accessoire. Tenir \u00e0. l&#038;rsquo.\u00e9.cart [&hellip;]<\/p>\n","protected":false},"featured_media":2846,"comment_status":"open","ping_status":"closed","template":"","meta":[],"product_brand":[98],"product_cat":[28,97],"product_tag":[],"class_list":{"0":"post-2847","1":"product","2":"type-product","3":"status-publish","4":"has-post-thumbnail","6":"product_brand-guess","7":"product_cat-sac-a-main-2","8":"product_cat-sac-a-main-guess","10":"first","11":"instock","12":"shipping-taxable","13":"purchasable","14":"product-type-simple"},"_links":{"self":[{"href":"https:\/\/solenemaro41.fr\/index.php?rest_route=\/wp\/v2\/product\/2847","targetHints":{"allow":["GET"]}}],"collection":[{"href":"https:\/\/solenemaro41.fr\/index.php?rest_route=\/wp\/v2\/product"}],"about":[{"href":"https:\/\/solenemaro41.fr\/index.php?rest_route=\/wp\/v2\/types\/product"}],"replies":[{"embeddable":true,"href":"https:\/\/solenemaro41.fr\/index.php?rest_route=%2Fwp%2Fv2%2Fcomments&post=2847"}],"wp:featuredmedia":[{"embeddable":true,"href":"https:\/\/solenemaro41.fr\/index.php?rest_route=\/wp\/v2\/media\/2846"}],"wp:attachment":[{"href":"https:\/\/solenemaro41.fr\/index.php?rest_route=%2Fwp%2Fv2%2Fmedia&parent=2847"}],"wp:term":[{"taxonomy":"product_brand","embeddable":true,"href":"https:\/\/solenemaro41.fr\/index.php?rest_route=%2Fwp%2Fv2%2Fproduct_brand&post=2847"},{"taxonomy":"product_cat","embeddable":true,"href":"https:\/\/solenemaro41.fr\/index.php?rest_route=%2Fwp%2Fv2%2Fproduct_cat&post=2847"},{"taxonomy":"product_tag","embeddable":true,"href":"https:\/\/solenemaro41.fr\/index.php?rest_route=%2Fwp%2Fv2%2Fproduct_tag&post=2847"}],"curies":[{"name":"wp","href":"https:\/\/api.w.org\/{rel}","templated":true}]}}