{"id":2870,"date":"2026-04-11T11:36:53","date_gmt":"2026-04-11T09:36:53","guid":{"rendered":"https:\/\/solenemaro41.fr\/?product=sac-a-main-emilie-le-tanneur-3"},"modified":"2026-04-11T11:36:57","modified_gmt":"2026-04-11T09:36:57","slug":"sac-a-main-emilie-le-tanneur-3","status":"publish","type":"product","link":"https:\/\/solenemaro41.fr\/?product=sac-a-main-emilie-le-tanneur-3","title":{"rendered":"SAC A MAIN EMILIE LE TANNEUR"},"content":{"rendered":"<p><strong>Caract\u00e9.ristiques du SAC A MAIN LE TANNEUR EMILIE EN CUIR LISSE ET NUBUCK NOIR<\/strong><\/p>\n<ul>\n<li>Sac \u00e0. main bi-mati\u00e8.re avec fermoirs T signature, poign\u00e9.es toron et logo Le Tanneur emboss\u00e9. ton sur ton.<\/li>\n<li>\n<p>Pi\u00e8.ces T m\u00e9.talliques signature de la ligne.<\/p>\n<\/li>\n<li>\n<p><span><span>4 compartiments dont 1 zipp\u00e9.. 2 poches plates. 1 poche plate arri\u00e8.re.<\/span><\/span><\/p>\n<\/li>\n<li>\n<p><span>Bandouli\u00e8.re amovible et ajustable.<\/span><\/p>\n<\/li>\n<li>\n<p><span>Accessoires m\u00e9.talliques finition argent<\/span><\/p>\n<\/li>\n<li>\n<p>Port\u00e9. main, \u00e9.paule ou crois\u00e9. gr\u00e2.ce \u00e0. sa bandouli\u00e8.re ajustable et amovible.<\/p>\n<\/li>\n<\/ul>\n<p><strong>Dimensions :<\/strong><\/p>\n<ul>\n<li>L 28 x H 19.5 x P 12.5 cm<\/li>\n<\/ul>\n<p><strong>Composition :\u00a0.<\/strong><\/p>\n<p>Cuir de vachette pleine fleur et refente de cuir lisse et nubuck. Doublure Jacquard Anniversaire.<\/p>\n<ul>\n<li>\n<p><span><span>Le cuir nubuck a un aspect doux et velout\u00e9.. Ce cuir a subi un l\u00e9.ger pon\u00e7.age de sa surface. On obtient ainsi un touch\u00e9. velout\u00e9. et d\u00e9.licat. Il a \u00e9.t\u00e9. choisi pour sa grande souplesse.<\/span><\/span><\/p>\n<\/li>\n<li>\n<p><span><span>D\u00e9.velopp\u00e9.e sp\u00e9.cialement pour c\u00e9.l\u00e9.brer les 125 ans de la Maison Le Tanneur, cette doublure noire en Jacquard puise son inspiration dans les riches archives de la Maison. Appel\u00e9.e \u00ab. Doublure Anniversaire \u00bb., elle arbore le macaron 125 ans ainsi que des feuilles de laurier, dont les d\u00e9.tails sont visibles dans les \u00e9.l\u00e9.gants reflets mat ou brillant de ce tissu exceptionnel. Demandez nos lignes Ella, Le 125 ou encore Rose.<\/span><\/span><\/p>\n<\/li>\n<\/ul>\n<p><strong>Informations livraisons<\/strong><\/p>\n<div>Les frais de livraisons sont offerts d\u00e8.s 40&#038;euro. d&rsquo;achats<br \/>Livraison entre 3 et 5 jours<\/div>\n<div>Mode de paiement s\u00e9.curis\u00e9.s accept\u00e9.s : CARTE BANCAIRE\u00a0. ou\u00a0. PAYPAL<br \/>R\u00e9.ception des marchandises : A domicile ou Retrait \u00e0. notre magasin<br \/>Consulter nos<a href=\"https:\/\/www.solene-maroquinerie.fr\/conditions_generales_de_vente.html\" target=\"_self\" title=\"Nos CGV\">\u00a0.conditions g\u00e9.n\u00e9.rales de ventes<\/a><\/div>\n","protected":false},"excerpt":{"rendered":"<p>Caract\u00e9.ristiques du SAC A MAIN LE TANNEUR EMILIE EN CUIR LISSE ET NUBUCK NOIR Sac \u00e0. main bi-mati\u00e8.re avec fermoirs T signature, poign\u00e9.es toron et logo Le Tanneur emboss\u00e9. ton sur ton. Pi\u00e8.ces T m\u00e9.talliques signature de la ligne. 4 compartiments dont 1 zipp\u00e9.. 2 poches plates. 1 poche plate arri\u00e8.re. Bandouli\u00e8.re amovible et ajustable. [&hellip;]<\/p>\n","protected":false},"featured_media":2869,"comment_status":"open","ping_status":"closed","template":"","meta":[],"product_brand":[48],"product_cat":[47,28],"product_tag":[],"class_list":{"0":"post-2870","1":"product","2":"type-product","3":"status-publish","4":"has-post-thumbnail","6":"product_brand-le-tanneur","7":"product_cat-femme-le-tanneur","8":"product_cat-sac-a-main-2","10":"first","11":"instock","12":"shipping-taxable","13":"purchasable","14":"product-type-simple"},"_links":{"self":[{"href":"https:\/\/solenemaro41.fr\/index.php?rest_route=\/wp\/v2\/product\/2870","targetHints":{"allow":["GET"]}}],"collection":[{"href":"https:\/\/solenemaro41.fr\/index.php?rest_route=\/wp\/v2\/product"}],"about":[{"href":"https:\/\/solenemaro41.fr\/index.php?rest_route=\/wp\/v2\/types\/product"}],"replies":[{"embeddable":true,"href":"https:\/\/solenemaro41.fr\/index.php?rest_route=%2Fwp%2Fv2%2Fcomments&post=2870"}],"wp:featuredmedia":[{"embeddable":true,"href":"https:\/\/solenemaro41.fr\/index.php?rest_route=\/wp\/v2\/media\/2869"}],"wp:attachment":[{"href":"https:\/\/solenemaro41.fr\/index.php?rest_route=%2Fwp%2Fv2%2Fmedia&parent=2870"}],"wp:term":[{"taxonomy":"product_brand","embeddable":true,"href":"https:\/\/solenemaro41.fr\/index.php?rest_route=%2Fwp%2Fv2%2Fproduct_brand&post=2870"},{"taxonomy":"product_cat","embeddable":true,"href":"https:\/\/solenemaro41.fr\/index.php?rest_route=%2Fwp%2Fv2%2Fproduct_cat&post=2870"},{"taxonomy":"product_tag","embeddable":true,"href":"https:\/\/solenemaro41.fr\/index.php?rest_route=%2Fwp%2Fv2%2Fproduct_tag&post=2870"}],"curies":[{"name":"wp","href":"https:\/\/api.w.org\/{rel}","templated":true}]}}