{"id":2882,"date":"2026-04-11T11:37:15","date_gmt":"2026-04-11T09:37:15","guid":{"rendered":"https:\/\/solenemaro41.fr\/?product=sac-a-main-emilie-le-tanneur-5"},"modified":"2026-04-11T11:37:18","modified_gmt":"2026-04-11T09:37:18","slug":"sac-a-main-emilie-le-tanneur-5","status":"publish","type":"product","link":"https:\/\/solenemaro41.fr\/?product=sac-a-main-emilie-le-tanneur-5","title":{"rendered":"SAC A MAIN EMILIE LE TANNEUR"},"content":{"rendered":"<p><strong>Caract\u00e9.ristiques du\u00a0.PETIT SAC A MAIN LE TANNEUR EMILIE SIGNATURE T NOIR<\/strong><\/p>\n<p><span>Petit sac \u00e0. main rigide arbore les fermoirs T de la Maison. Il dispose de patins de protection et d&rsquo;un charm amovible.<\/span><\/p>\n<p>Petit sac \u00e0. main avec poign\u00e9.es toron et trois compartiments dont un zipp\u00e9..<\/p>\n<ul>\n<li>\n<p><span>Pi\u00e8.ces T m\u00e9.talliques signature de la ligne.<\/span><\/p>\n<\/li>\n<li>\n<p><span><span>2 poches plates et 1 poche zipp\u00e9.e. Bandouli\u00e8.re ajustable et amovible.<\/span><br \/><\/span><\/p>\n<\/li>\n<li>\n<p><span>Charms emboss\u00e9. Le Tanneur amovible.<\/span><\/p>\n<\/li>\n<li>\n<p><span>Port\u00e9. main, \u00e9.paule ou crois\u00e9. gr\u00e2.ce \u00e0. sa bandouli\u00e8.re ajustable et amovible.<\/span><\/p>\n<\/li>\n<\/ul>\n<p>Dimensions :<\/p>\n<ul>\n<li>L 22 x H 17 x P 10 cm<\/li>\n<\/ul>\n<p>Composition :\u00a0.<\/p>\n<ul>\n<li><span>Cuir de vachette grain t pleine fleur. Doublure textile Le Bleu.<\/span><\/li>\n<li>\n<p><span>C&#038;rsquo.est le cuir signature de la Maison LE TANNEUR, un cuir unique d\u00e9.velopp\u00e9. gr\u00e2.ce au savoir-faire de leurs tanneurs. Il se compose d&#038;rsquo.une infinit\u00e9. de lettres T micro-emboss\u00e9.es en ton sur ton sur la surface du cuir. Le motif, dessin\u00e9. par les stylistes, est emboss\u00e9. \u00e0. l&#038;rsquo.aide d&#038;rsquo.une plaque exclusive. Un r\u00e9.glage pr\u00e9.cis entre la temp\u00e9.rature et la pression d\u00e9.termine la profondeur du grain, inalt\u00e9.rable \u00e0. travers le temps, pour laisser apparaitre alors un subtil et l\u00e9.ger T. Ce cuir donne l&#038;rsquo.impression de loin d&#038;rsquo.\u00ea.tre uni et un peu plus rigide, mais de pr\u00e8.s il d\u00e9.voile et r\u00e9.v\u00e8.le son \u00e9.l\u00e9.gant caract\u00e8.re.<\/span><\/p>\n<\/li>\n<li>\n<p><span><span>Ce cuir est certifi\u00e9. Leather Working Group (LWG). Il s&#038;rsquo.agit d&#038;rsquo.un label charg\u00e9. d&#038;rsquo.\u00e9.valuer les tanneries du monde entier.<\/span><br \/><\/span><\/p>\n<\/li>\n<\/ul>\n<p><strong>Informations livraisons<\/strong><\/p>\n<div>Les frais de livraisons sont offerts d\u00e8.s 40&#038;euro. d&rsquo;achats<br \/>Livraison entre 3 et 5 jours<\/div>\n<div>Mode de paiement s\u00e9.curis\u00e9.s accept\u00e9.s : CARTE BANCAIRE\u00a0. ou\u00a0. PAYPAL<br \/>R\u00e9.ception des marchandises : A domicile ou Retrait \u00e0. notre magasin<br \/>Consulter nos<a href=\"https:\/\/www.solene-maroquinerie.fr\/conditions_generales_de_vente.html\" target=\"_self\" title=\"Nos CGV\">\u00a0.conditions g\u00e9.n\u00e9.rales de ventes<\/a><\/div>\n","protected":false},"excerpt":{"rendered":"<p>Caract\u00e9.ristiques du\u00a0.PETIT SAC A MAIN LE TANNEUR EMILIE SIGNATURE T NOIR Petit sac \u00e0. main rigide arbore les fermoirs T de la Maison. Il dispose de patins de protection et d&rsquo;un charm amovible. Petit sac \u00e0. main avec poign\u00e9.es toron et trois compartiments dont un zipp\u00e9.. Pi\u00e8.ces T m\u00e9.talliques signature de la ligne. 2 poches [&hellip;]<\/p>\n","protected":false},"featured_media":2881,"comment_status":"open","ping_status":"closed","template":"","meta":[],"product_brand":[48],"product_cat":[47,28],"product_tag":[],"class_list":{"0":"post-2882","1":"product","2":"type-product","3":"status-publish","4":"has-post-thumbnail","6":"product_brand-le-tanneur","7":"product_cat-femme-le-tanneur","8":"product_cat-sac-a-main-2","10":"first","11":"instock","12":"shipping-taxable","13":"purchasable","14":"product-type-simple"},"_links":{"self":[{"href":"https:\/\/solenemaro41.fr\/index.php?rest_route=\/wp\/v2\/product\/2882","targetHints":{"allow":["GET"]}}],"collection":[{"href":"https:\/\/solenemaro41.fr\/index.php?rest_route=\/wp\/v2\/product"}],"about":[{"href":"https:\/\/solenemaro41.fr\/index.php?rest_route=\/wp\/v2\/types\/product"}],"replies":[{"embeddable":true,"href":"https:\/\/solenemaro41.fr\/index.php?rest_route=%2Fwp%2Fv2%2Fcomments&post=2882"}],"wp:featuredmedia":[{"embeddable":true,"href":"https:\/\/solenemaro41.fr\/index.php?rest_route=\/wp\/v2\/media\/2881"}],"wp:attachment":[{"href":"https:\/\/solenemaro41.fr\/index.php?rest_route=%2Fwp%2Fv2%2Fmedia&parent=2882"}],"wp:term":[{"taxonomy":"product_brand","embeddable":true,"href":"https:\/\/solenemaro41.fr\/index.php?rest_route=%2Fwp%2Fv2%2Fproduct_brand&post=2882"},{"taxonomy":"product_cat","embeddable":true,"href":"https:\/\/solenemaro41.fr\/index.php?rest_route=%2Fwp%2Fv2%2Fproduct_cat&post=2882"},{"taxonomy":"product_tag","embeddable":true,"href":"https:\/\/solenemaro41.fr\/index.php?rest_route=%2Fwp%2Fv2%2Fproduct_tag&post=2882"}],"curies":[{"name":"wp","href":"https:\/\/api.w.org\/{rel}","templated":true}]}}