{"id":2890,"date":"2026-04-11T11:37:24","date_gmt":"2026-04-11T09:37:24","guid":{"rendered":"https:\/\/solenemaro41.fr\/?product=pochette-le-tanneur-charlotte"},"modified":"2026-04-11T11:37:30","modified_gmt":"2026-04-11T09:37:30","slug":"pochette-le-tanneur-charlotte","status":"publish","type":"product","link":"https:\/\/solenemaro41.fr\/?product=pochette-le-tanneur-charlotte","title":{"rendered":"POCHETTE LE TANNEUR CHARLOTTE"},"content":{"rendered":"<p><strong>Caract\u00e9.ristiques du POCHETTE AVEC BANDOULIERE AMOVIBLE LE TANNEUR CHARLOTTE MARRON TAN<\/strong><\/p>\n<p><span>Emboss\u00e9. \u00e0. la feuille d&rsquo;argent, cette \u00e9.l\u00e9.gante pochette est dot\u00e9.e de la doublure Le Bleu Le Tanneur.<\/span><\/p>\n<ul>\n<li><span>2 soufflets, 1 poche zipp\u00e9.e et 8 compartiments cartes.<\/span><\/li>\n<li><span>1 poche plate arri\u00e8.re.<\/span><\/li>\n<li><span><span>Accessoires m\u00e9.talliques finition argent.<\/span><br \/><\/span><\/li>\n<\/ul>\n<p><strong>Dimensions<\/strong><\/p>\n<ul>\n<li>L 19.5 x H 13.5 x P 5 cm<\/li>\n<\/ul>\n<p><strong>Composition<\/strong><\/p>\n<p>Cuir de vachette pleine fleur lisse. Doublure textile Le Bleu.<\/p>\n<ul>\n<li>\n<p><span><span><span><span>Le cuir lisse pleine fleur est l&#038;rsquo.un des cuirs phare de notre Maison. Il se caract\u00e9.rise par un toucher lisse et doux gr\u00e2.ce \u00e0. la plus belle des peaux. En effet, le cuir pleine fleur est un cuir dont la surface est rest\u00e9.e intacte et naturelle. C&#038;rsquo.est la partie la plus noble du cuir.<\/span><\/span><\/span><\/span><\/p>\n<\/li>\n<li>\n<p><span><span><span>Les plus grandes maisons ont toutes leur signe distinctif. Chez Le Tanneur, il s&#038;rsquo.agit d&#038;rsquo.une \u00e9.l\u00e9.gante teinte bleut\u00e9.e nomm\u00e9.e : \u00ab. Le Bleu \u00bb., couleur de la doublure dans la plupart de nos cr\u00e9.ations. Taill\u00e9.e dans un textile non salissant, soyeux et r\u00e9.sistant, id\u00e9.al pour une utilisation quotidienne.<\/span><\/span><br \/><\/span><\/p>\n<\/li>\n<\/ul>\n<p><strong>Informations livraisons<\/strong><\/p>\n<div>Les frais de livraisons sont offerts d\u00e8.s 40&#038;euro. d&rsquo;achats<br \/>Livraison entre 3 et 5 jours<\/div>\n<div>Mode de paiement s\u00e9.curis\u00e9.s accept\u00e9.s : CARTE BANCAIRE\u00a0. ou\u00a0. PAYPAL<br \/>R\u00e9.ception des marchandises : A domicile ou Retrait \u00e0. notre magasin<br \/>Consulter nos<a href=\"https:\/\/www.solene-maroquinerie.fr\/conditions_generales_de_vente.html\" target=\"_self\" title=\"Nos CGV\">\u00a0.conditions g\u00e9.n\u00e9.rales de ventes<\/a><\/div>\n","protected":false},"excerpt":{"rendered":"<p>Caract\u00e9.ristiques du POCHETTE AVEC BANDOULIERE AMOVIBLE LE TANNEUR CHARLOTTE MARRON TAN Emboss\u00e9. \u00e0. la feuille d&rsquo;argent, cette \u00e9.l\u00e9.gante pochette est dot\u00e9.e de la doublure Le Bleu Le Tanneur. 2 soufflets, 1 poche zipp\u00e9.e et 8 compartiments cartes. 1 poche plate arri\u00e8.re. Accessoires m\u00e9.talliques finition argent. Dimensions L 19.5 x H 13.5 x P 5 cm [&hellip;]<\/p>\n","protected":false},"featured_media":2889,"comment_status":"open","ping_status":"closed","template":"","meta":[],"product_brand":[48],"product_cat":[24,47],"product_tag":[],"class_list":{"0":"post-2890","1":"product","2":"type-product","3":"status-publish","4":"has-post-thumbnail","6":"product_brand-le-tanneur","7":"product_cat-divers","8":"product_cat-femme-le-tanneur","10":"first","11":"instock","12":"shipping-taxable","13":"purchasable","14":"product-type-simple"},"_links":{"self":[{"href":"https:\/\/solenemaro41.fr\/index.php?rest_route=\/wp\/v2\/product\/2890","targetHints":{"allow":["GET"]}}],"collection":[{"href":"https:\/\/solenemaro41.fr\/index.php?rest_route=\/wp\/v2\/product"}],"about":[{"href":"https:\/\/solenemaro41.fr\/index.php?rest_route=\/wp\/v2\/types\/product"}],"replies":[{"embeddable":true,"href":"https:\/\/solenemaro41.fr\/index.php?rest_route=%2Fwp%2Fv2%2Fcomments&post=2890"}],"wp:featuredmedia":[{"embeddable":true,"href":"https:\/\/solenemaro41.fr\/index.php?rest_route=\/wp\/v2\/media\/2889"}],"wp:attachment":[{"href":"https:\/\/solenemaro41.fr\/index.php?rest_route=%2Fwp%2Fv2%2Fmedia&parent=2890"}],"wp:term":[{"taxonomy":"product_brand","embeddable":true,"href":"https:\/\/solenemaro41.fr\/index.php?rest_route=%2Fwp%2Fv2%2Fproduct_brand&post=2890"},{"taxonomy":"product_cat","embeddable":true,"href":"https:\/\/solenemaro41.fr\/index.php?rest_route=%2Fwp%2Fv2%2Fproduct_cat&post=2890"},{"taxonomy":"product_tag","embeddable":true,"href":"https:\/\/solenemaro41.fr\/index.php?rest_route=%2Fwp%2Fv2%2Fproduct_tag&post=2890"}],"curies":[{"name":"wp","href":"https:\/\/api.w.org\/{rel}","templated":true}]}}