{"id":2906,"date":"2026-04-11T11:37:51","date_gmt":"2026-04-11T09:37:51","guid":{"rendered":"https:\/\/solenemaro41.fr\/?product=petit-sac-le-tanneur-juliette-3"},"modified":"2026-04-11T11:38:02","modified_gmt":"2026-04-11T09:38:02","slug":"petit-sac-le-tanneur-juliette-3","status":"publish","type":"product","link":"https:\/\/solenemaro41.fr\/?product=petit-sac-le-tanneur-juliette-3","title":{"rendered":"PETIT SAC LE TANNEUR JULIETTE"},"content":{"rendered":"<p><strong>Caract\u00e9.ristiques du PETIT SAC DEMI LUNE LE TANNEUR JULIETTE EN CUIR GRAIN\u00c9. ROUGE REVOLUTION<\/strong><\/p>\n<p><span>Petit sac demi-lune avec doublure jacquard cr\u00e9.puscule et marquage Le Tanneur.<\/span><\/p>\n<ul>\n<li><span>Double port\u00e9. gr\u00e2.ce \u00e0. sa mini bandouli\u00e8.re port\u00e9. \u00e9.paule amovible et sa bandouli\u00e8.re port\u00e9. crois\u00e9. ajustable et amovible.<\/span><\/li>\n<li><span><span>1 poche plate et 1 poche plate zipp\u00e9.e int\u00e9.rieur.<\/span><\/span><\/li>\n<li><span><span>Bandouli\u00e8.re ajustable et amovible et mini bandouli\u00e8.re port\u00e9.e \u00e9.paule.<\/span><br \/><\/span><\/li>\n<li><span><span><span>Accessoires m\u00e9.talliques finition dor\u00e9. clair.<\/span><br \/><\/span><\/span><\/li>\n<\/ul>\n<p>Dimensions :<\/p>\n<ul>\n<li>L 23 x H 14 x P 7 cm<\/li>\n<\/ul>\n<p>Composition :\u00a0.<\/p>\n<p>Cuir de vachette pleine fleur grain\u00e9.. Doublure textile jacquard T cr\u00e9.puscule.<\/p>\n<ul>\n<li>\n<p><span>Le cuir grain\u00e9. pleine fleur allie \u00e9.l\u00e9.gance et sp\u00e9.cificit\u00e9. gr\u00e2.ce \u00e0. son grain apparent. Le cuir pleine fleur est un cuir dont la surface est rest\u00e9.e intacte et naturelle. C&#038;rsquo.est la partie la plus noble du cuir. Une sensation agr\u00e9.able au toucher le rend tr\u00e8.s singulier. De quoi donner du relief aux sacs.<\/span><\/p>\n<\/li>\n<li>\n<p><span><span>Les initiales de la maison Le Tanneur ont toujours nourri leur cr\u00e9.ativit\u00e9.. Notamment lors de l&#038;rsquo.\u00e9.laboration de leurs motifs signature, comme le jacquard T cr\u00e9.puscule que l&#038;rsquo.on retrouve \u00e0. l&#038;rsquo.int\u00e9.rieur de certaines pi\u00e8.ces privil\u00e9.gi\u00e9.es. D\u00e9.couvrez une doublure aux \u00e9.l\u00e9.gants reflets, con\u00e7.ue dans un textile \u00e0. la fois soyeux et r\u00e9.sistant, id\u00e9.al pour une utilisation quotidienne.<\/span><br \/><\/span><\/p>\n<\/li>\n<\/ul>\n<p><strong>Informations livraisons<\/strong><\/p>\n<div>Les frais de livraisons sont offerts d\u00e8.s 40&#038;euro. d&rsquo;achats<br \/>Livraison entre 3 et 5 jours<\/div>\n<div>Mode de paiement s\u00e9.curis\u00e9.s accept\u00e9.s : CARTE BANCAIRE\u00a0. ou\u00a0. PAYPAL<br \/>R\u00e9.ception des marchandises : A domicile ou Retrait \u00e0. notre magasin<br \/>Consulter nos<a href=\"https:\/\/www.solene-maroquinerie.fr\/conditions_generales_de_vente.html\" target=\"_self\" title=\"Nos CGV\">\u00a0.conditions g\u00e9.n\u00e9.rales de ventes<\/a><\/div>\n","protected":false},"excerpt":{"rendered":"<p>Caract\u00e9.ristiques du PETIT SAC DEMI LUNE LE TANNEUR JULIETTE EN CUIR GRAIN\u00c9. ROUGE REVOLUTION Petit sac demi-lune avec doublure jacquard cr\u00e9.puscule et marquage Le Tanneur. Double port\u00e9. gr\u00e2.ce \u00e0. sa mini bandouli\u00e8.re port\u00e9. \u00e9.paule amovible et sa bandouli\u00e8.re port\u00e9. crois\u00e9. ajustable et amovible. 1 poche plate et 1 poche plate zipp\u00e9.e int\u00e9.rieur. Bandouli\u00e8.re ajustable et [&hellip;]<\/p>\n","protected":false},"featured_media":2905,"comment_status":"open","ping_status":"closed","template":"","meta":[],"product_brand":[48],"product_cat":[24,47],"product_tag":[],"class_list":{"0":"post-2906","1":"product","2":"type-product","3":"status-publish","4":"has-post-thumbnail","6":"product_brand-le-tanneur","7":"product_cat-divers","8":"product_cat-femme-le-tanneur","10":"first","11":"instock","12":"shipping-taxable","13":"purchasable","14":"product-type-simple"},"_links":{"self":[{"href":"https:\/\/solenemaro41.fr\/index.php?rest_route=\/wp\/v2\/product\/2906","targetHints":{"allow":["GET"]}}],"collection":[{"href":"https:\/\/solenemaro41.fr\/index.php?rest_route=\/wp\/v2\/product"}],"about":[{"href":"https:\/\/solenemaro41.fr\/index.php?rest_route=\/wp\/v2\/types\/product"}],"replies":[{"embeddable":true,"href":"https:\/\/solenemaro41.fr\/index.php?rest_route=%2Fwp%2Fv2%2Fcomments&post=2906"}],"wp:featuredmedia":[{"embeddable":true,"href":"https:\/\/solenemaro41.fr\/index.php?rest_route=\/wp\/v2\/media\/2905"}],"wp:attachment":[{"href":"https:\/\/solenemaro41.fr\/index.php?rest_route=%2Fwp%2Fv2%2Fmedia&parent=2906"}],"wp:term":[{"taxonomy":"product_brand","embeddable":true,"href":"https:\/\/solenemaro41.fr\/index.php?rest_route=%2Fwp%2Fv2%2Fproduct_brand&post=2906"},{"taxonomy":"product_cat","embeddable":true,"href":"https:\/\/solenemaro41.fr\/index.php?rest_route=%2Fwp%2Fv2%2Fproduct_cat&post=2906"},{"taxonomy":"product_tag","embeddable":true,"href":"https:\/\/solenemaro41.fr\/index.php?rest_route=%2Fwp%2Fv2%2Fproduct_tag&post=2906"}],"curies":[{"name":"wp","href":"https:\/\/api.w.org\/{rel}","templated":true}]}}