{"id":2916,"date":"2026-04-11T11:38:15","date_gmt":"2026-04-11T09:38:15","guid":{"rendered":"https:\/\/solenemaro41.fr\/?product=sac-a-main-le-tanneur-juliette-5"},"modified":"2026-04-11T11:38:17","modified_gmt":"2026-04-11T09:38:17","slug":"sac-a-main-le-tanneur-juliette-5","status":"publish","type":"product","link":"https:\/\/solenemaro41.fr\/?product=sac-a-main-le-tanneur-juliette-5","title":{"rendered":"SAC \u00c0 MAIN LE TANNEUR JULIETTE"},"content":{"rendered":"<p><strong>Caract\u00e9.ristiques du PETIT SAC \u00c0. MAIN LE TANNEUR JULIETTE EN CUIR SUEDE EFFET DENIM<\/strong><\/p>\n<p>Petit sac \u00e0. main en cuir su\u00e8.de effet denim avec charms T signature finition argent et marquage Le Tanneur ton sur ton.<\/p>\n<ul>\n<li>Port\u00e9. main, \u00e9.paule ou crois\u00e9. gr\u00e2.ce \u00e0. sa bandouli\u00e8.re ajustable et amovible.<\/li>\n<li>\n<p><span>1 poche zipp\u00e9.e. 1 poche plate avant et arri\u00e8.re. Bandouli\u00e8.re ajustable et amovible.<\/span><\/p>\n<\/li>\n<li>\n<p><span>Accessoires m\u00e9.talliques finition argent.<\/span><\/p>\n<\/li>\n<\/ul>\n<p><strong>Dimensions<\/strong><\/p>\n<ul>\n<li>L 21 x H 18.5 x P 12 cm<\/li>\n<\/ul>\n<p><strong>Composition<\/strong><\/p>\n<p>Cuir de veau refente de cuir su\u00e8.de effet denim. Doublure textile Le Bleu.<\/p>\n<ul>\n<li>\n<p><span>Le cuir su\u00e8.de (ou daim), est un cuir \u00e9.voquant sans distinction les cuirs nubuck et cuir velours. Le cuir nubuck est un cuir dont le c\u00f4.t\u00e9. fleur a \u00e9.t\u00e9. ponc\u00e9. pour un rendu doux et dense. Le cuir velours est un cuir dont le c\u00f4.t\u00e9. chair a \u00e9.t\u00e9. ponc\u00e9. pour gagner en souplesse et en douceur. Notre cuir su\u00e8.de est un cuir nubuck dot\u00e9. d&#038;rsquo.une teinte couleur \u00ab. denim \u00bb., similaire \u00e0. celle des jeans denim.<\/span><\/p>\n<\/li>\n<li>\n<p><span><span>Les plus grandes maisons ont toutes leur signe distinctif. Chez Le Tanneur, il s&#038;rsquo.agit d&#038;rsquo.une \u00e9.l\u00e9.gante teinte bleut\u00e9.e nomm\u00e9.e : \u00ab. Le Bleu \u00bb., couleur de la doublure dans la plupart de nos cr\u00e9.ations. Taill\u00e9.e dans un textile non salissant, soyeux et r\u00e9.sistant, id\u00e9.al pour une utilisation quotidienne.<\/span><br \/><\/span><\/p>\n<\/li>\n<\/ul>\n<p><strong>Informations livraisons<\/strong><\/p>\n<div>Les frais de livraisons sont offerts d\u00e8.s 40&#038;euro. d&rsquo;achats<br \/>Livraison entre 3 et 5 jours<\/div>\n<div>Mode de paiement s\u00e9.curis\u00e9.s accept\u00e9.s : CARTE BANCAIRE\u00a0. ou\u00a0. PAYPAL<br \/>R\u00e9.ception des marchandises : A domicile ou Retrait \u00e0. notre magasin<br \/>Consulter nos<a href=\"https:\/\/www.solene-maroquinerie.fr\/conditions_generales_de_vente.html\" target=\"_self\" title=\"Nos CGV\">\u00a0.conditions g\u00e9.n\u00e9.rales de ventes<\/a><\/div>\n","protected":false},"excerpt":{"rendered":"<p>Caract\u00e9.ristiques du PETIT SAC \u00c0. MAIN LE TANNEUR JULIETTE EN CUIR SUEDE EFFET DENIM Petit sac \u00e0. main en cuir su\u00e8.de effet denim avec charms T signature finition argent et marquage Le Tanneur ton sur ton. Port\u00e9. main, \u00e9.paule ou crois\u00e9. gr\u00e2.ce \u00e0. sa bandouli\u00e8.re ajustable et amovible. 1 poche zipp\u00e9.e. 1 poche plate avant [&hellip;]<\/p>\n","protected":false},"featured_media":2915,"comment_status":"open","ping_status":"closed","template":"","meta":[],"product_brand":[48],"product_cat":[24,47],"product_tag":[],"class_list":{"0":"post-2916","1":"product","2":"type-product","3":"status-publish","4":"has-post-thumbnail","6":"product_brand-le-tanneur","7":"product_cat-divers","8":"product_cat-femme-le-tanneur","10":"first","11":"instock","12":"shipping-taxable","13":"purchasable","14":"product-type-simple"},"_links":{"self":[{"href":"https:\/\/solenemaro41.fr\/index.php?rest_route=\/wp\/v2\/product\/2916","targetHints":{"allow":["GET"]}}],"collection":[{"href":"https:\/\/solenemaro41.fr\/index.php?rest_route=\/wp\/v2\/product"}],"about":[{"href":"https:\/\/solenemaro41.fr\/index.php?rest_route=\/wp\/v2\/types\/product"}],"replies":[{"embeddable":true,"href":"https:\/\/solenemaro41.fr\/index.php?rest_route=%2Fwp%2Fv2%2Fcomments&post=2916"}],"wp:featuredmedia":[{"embeddable":true,"href":"https:\/\/solenemaro41.fr\/index.php?rest_route=\/wp\/v2\/media\/2915"}],"wp:attachment":[{"href":"https:\/\/solenemaro41.fr\/index.php?rest_route=%2Fwp%2Fv2%2Fmedia&parent=2916"}],"wp:term":[{"taxonomy":"product_brand","embeddable":true,"href":"https:\/\/solenemaro41.fr\/index.php?rest_route=%2Fwp%2Fv2%2Fproduct_brand&post=2916"},{"taxonomy":"product_cat","embeddable":true,"href":"https:\/\/solenemaro41.fr\/index.php?rest_route=%2Fwp%2Fv2%2Fproduct_cat&post=2916"},{"taxonomy":"product_tag","embeddable":true,"href":"https:\/\/solenemaro41.fr\/index.php?rest_route=%2Fwp%2Fv2%2Fproduct_tag&post=2916"}],"curies":[{"name":"wp","href":"https:\/\/api.w.org\/{rel}","templated":true}]}}