{"id":3028,"date":"2026-04-11T12:08:36","date_gmt":"2026-04-11T10:08:36","guid":{"rendered":"https:\/\/solenemaro41.fr\/?product=sac-ordinateur-cabaia-moscou"},"modified":"2026-04-11T12:08:47","modified_gmt":"2026-04-11T10:08:47","slug":"sac-ordinateur-cabaia-moscou","status":"publish","type":"product","link":"https:\/\/solenemaro41.fr\/?product=sac-ordinateur-cabaia-moscou","title":{"rendered":"SAC ORDINATEUR CABAIA MOSCOU"},"content":{"rendered":"<p><strong>Descriptif du SAC ORDINATEUR CABAIA MESSENGER MOSCOU<\/strong><\/p>\n<ul>\n<li>Garanti \u00e0. vie<\/li>\n<li>Ouverture grand angle<\/li>\n<li>Poche ordinateur rembourr\u00e9.e<\/li>\n<li>Compartiment tablette 12 pouces<\/li>\n<li>Poche lat\u00e9.rale fixe pour gourde ou parapluie<\/li>\n<li>Vegan et d\u00e9.perlant<\/li>\n<li>Compartiment ordinateur :\u00a0.Jusqu&rsquo;\u00e0. 16 pouces<\/li>\n<\/ul>\n<p><strong>Dimensions<\/strong><\/p>\n<ul>\n<li><span>38cm x 29cm x 10cm<\/span><\/li>\n<li><span>12.5L<\/span><\/li>\n<\/ul>\n<p><strong>Poids\u00a0.<\/strong><\/p>\n<ul>\n<li>0.820kg<\/li>\n<\/ul>\n<p><strong>Composition<\/strong><\/p>\n<ul>\n<li>Mati\u00e8.re ext\u00e9.rieure principale : 100 % polyester recycl\u00e9.<\/li>\n<li>Tissu ext\u00e9.rieur enduit : 51 % polyester recycl\u00e9. + 49 % polyur\u00e9.thane<\/li>\n<li>Doublure int\u00e9.rieure : 100 % polyester recycl\u00e9.<\/li>\n<\/ul>\n<div>\u00a0.<\/div>\n<h4>Informations livraisons<\/h4>\n<div>Les frais de livraisons sont offerts d\u00e8.s 40&#038;euro. d&rsquo;achats<br \/>Livraison entre 3 et 5 jours<\/div>\n<div>Mode de paiement s\u00e9.curis\u00e9.s accept\u00e9.s : CARTE BANCAIRE\u00a0. ou\u00a0. PAYPAL<br \/>R\u00e9.ception des marchandises : A domicile ou Retrait \u00e0. notre magasin<br \/>Consulter nos<a href=\"http:\/\/www.solene-maroquinerie.fr\/conditions_generales_de_vente.html\" target=\"_self\" title=\"Nos CGV\">\u00a0.conditions g\u00e9.n\u00e9.rales de ventes<\/a><\/div>\n","protected":false},"excerpt":{"rendered":"<p>Descriptif du SAC ORDINATEUR CABAIA MESSENGER MOSCOU Garanti \u00e0. vie Ouverture grand angle Poche ordinateur rembourr\u00e9.e Compartiment tablette 12 pouces Poche lat\u00e9.rale fixe pour gourde ou parapluie Vegan et d\u00e9.perlant Compartiment ordinateur :\u00a0.Jusqu&rsquo;\u00e0. 16 pouces Dimensions 38cm x 29cm x 10cm 12.5L Poids\u00a0. 0.820kg Composition Mati\u00e8.re ext\u00e9.rieure principale : 100 % polyester recycl\u00e9. Tissu ext\u00e9.rieur [&hellip;]<\/p>\n","protected":false},"featured_media":88,"comment_status":"open","ping_status":"closed","template":"","meta":[],"product_brand":[42],"product_cat":[24,99],"product_tag":[],"class_list":{"0":"post-3028","1":"product","2":"type-product","3":"status-publish","4":"has-post-thumbnail","6":"product_brand-cabaia","7":"product_cat-divers","8":"product_cat-sac-ordinateur-cabaia","10":"first","11":"instock","12":"shipping-taxable","13":"purchasable","14":"product-type-simple"},"_links":{"self":[{"href":"https:\/\/solenemaro41.fr\/index.php?rest_route=\/wp\/v2\/product\/3028","targetHints":{"allow":["GET"]}}],"collection":[{"href":"https:\/\/solenemaro41.fr\/index.php?rest_route=\/wp\/v2\/product"}],"about":[{"href":"https:\/\/solenemaro41.fr\/index.php?rest_route=\/wp\/v2\/types\/product"}],"replies":[{"embeddable":true,"href":"https:\/\/solenemaro41.fr\/index.php?rest_route=%2Fwp%2Fv2%2Fcomments&post=3028"}],"wp:featuredmedia":[{"embeddable":true,"href":"https:\/\/solenemaro41.fr\/index.php?rest_route=\/wp\/v2\/media\/88"}],"wp:attachment":[{"href":"https:\/\/solenemaro41.fr\/index.php?rest_route=%2Fwp%2Fv2%2Fmedia&parent=3028"}],"wp:term":[{"taxonomy":"product_brand","embeddable":true,"href":"https:\/\/solenemaro41.fr\/index.php?rest_route=%2Fwp%2Fv2%2Fproduct_brand&post=3028"},{"taxonomy":"product_cat","embeddable":true,"href":"https:\/\/solenemaro41.fr\/index.php?rest_route=%2Fwp%2Fv2%2Fproduct_cat&post=3028"},{"taxonomy":"product_tag","embeddable":true,"href":"https:\/\/solenemaro41.fr\/index.php?rest_route=%2Fwp%2Fv2%2Fproduct_tag&post=3028"}],"curies":[{"name":"wp","href":"https:\/\/api.w.org\/{rel}","templated":true}]}}