{"id":3093,"date":"2026-04-11T12:21:39","date_gmt":"2026-04-11T10:21:39","guid":{"rendered":"https:\/\/solenemaro41.fr\/?product=crossbody-cabaia-m-hobart"},"modified":"2026-04-11T12:22:32","modified_gmt":"2026-04-11T10:22:32","slug":"crossbody-cabaia-m-hobart","status":"publish","type":"product","link":"https:\/\/solenemaro41.fr\/?product=crossbody-cabaia-m-hobart","title":{"rendered":"CROSSBODY CABAIA M HOBART"},"content":{"rendered":"<div data-accordion-content=\"open\">\n<div data-accordion-content=\"open\">\n<p><strong>Descriptif du CROSSBODY CABAIA M HOBART<\/strong><\/p>\n<ul>\n<li>Garanti \u00e0. vie<\/li>\n<li>Une poche int\u00e9.rieure zipp\u00e9.e<\/li>\n<li>Un s\u00e9.parateur avec fermeture \u00e9.clair pour organiser vos essentiels<\/li>\n<li>Une poche arri\u00e8.re zipp\u00e9.e<\/li>\n<li>Un mousqueton \u00e0. l&rsquo;int\u00e9.rieur pour accrocher des cl\u00e9.s<\/li>\n<li>Vegan et d\u00e9.perlant<\/li>\n<li>Vendu avec une bandouli\u00e8.re r\u00e9.glable et amovible<\/li>\n<\/ul>\n<div data-accordion-content=\"open\"><em><br \/><\/em><\/div>\n<div data-accordion-content=\"open\"><strong>Dimensions (5,8L)\u00a0.<\/strong>:\u00a0.26cm x 20cm x 11cm<em><br \/><\/em><\/div>\n<p><strong>Dimensions de la bandouli\u00e8.re :<\/strong>\u00a0.1,45m-1,68m (boucle \u00e0. boucle) x 4cm (largeur)<\/p>\n<\/p><\/div>\n<div>\n<p>ENTRETIEN ET COMPOSITION<\/p>\n<p> <span data-accordion-button-icon=\"open\"><\/span><\/div>\n<div data-accordion-content=\"open\">\n<p>Ne pas passer \u00e0. la machine, nettoyer d\u00e9.licatement avec un linge humide et du savon.<\/p>\n<p><strong>Composition :<\/strong><br \/>Tissu ext\u00e9.rieur principal: 100% Polyester\u00a0.<br \/>Doublure int\u00e9.rieure : 100% polyester<\/p>\n<p><strong>Informations livraisons<\/strong><br \/>Les frais de livraisons sont offerts d\u00e8.s 40&#038;euro. d&rsquo;achats<br \/>Livraison entre 3 et 5 jours<br \/>Mode de paiement s\u00e9.curis\u00e9.s accept\u00e9.s : CARTE BANCAIRE\u00a0. ou\u00a0. PAYPAL<br \/>R\u00e9.ception des marchandises : A domicile ou Retrait \u00e0. notre magasin<br \/>Consulter nos<a href=\"http:\/\/www.solene-maroquinerie.fr\/conditions_generales_de_vente.html\" target=\"_self\" title=\"Nos CGV\">\u00a0.conditions g\u00e9.n\u00e9.rales de ventes<\/a><\/p>\n<\/p><\/div>\n<p>\u00a0.<\/p>\n<\/p><\/div>\n<div data-accordion-content=\"open\">\u00a0.<\/div>\n","protected":false},"excerpt":{"rendered":"<p>Descriptif du CROSSBODY CABAIA M HOBART Garanti \u00e0. vie Une poche int\u00e9.rieure zipp\u00e9.e Un s\u00e9.parateur avec fermeture \u00e9.clair pour organiser vos essentiels Une poche arri\u00e8.re zipp\u00e9.e Un mousqueton \u00e0. l&rsquo;int\u00e9.rieur pour accrocher des cl\u00e9.s Vegan et d\u00e9.perlant Vendu avec une bandouli\u00e8.re r\u00e9.glable et amovible Dimensions (5,8L)\u00a0.:\u00a0.26cm x 20cm x 11cm Dimensions de la bandouli\u00e8.re :\u00a0.1,45m-1,68m [&hellip;]<\/p>\n","protected":false},"featured_media":3092,"comment_status":"open","ping_status":"closed","template":"","meta":[],"product_brand":[42],"product_cat":[92,91],"product_tag":[],"class_list":{"0":"post-3093","1":"product","2":"type-product","3":"status-publish","4":"has-post-thumbnail","6":"product_brand-cabaia","7":"product_cat-crossbody","8":"product_cat-crossbody-adventurer","10":"first","11":"instock","12":"shipping-taxable","13":"purchasable","14":"product-type-simple"},"_links":{"self":[{"href":"https:\/\/solenemaro41.fr\/index.php?rest_route=\/wp\/v2\/product\/3093","targetHints":{"allow":["GET"]}}],"collection":[{"href":"https:\/\/solenemaro41.fr\/index.php?rest_route=\/wp\/v2\/product"}],"about":[{"href":"https:\/\/solenemaro41.fr\/index.php?rest_route=\/wp\/v2\/types\/product"}],"replies":[{"embeddable":true,"href":"https:\/\/solenemaro41.fr\/index.php?rest_route=%2Fwp%2Fv2%2Fcomments&post=3093"}],"wp:featuredmedia":[{"embeddable":true,"href":"https:\/\/solenemaro41.fr\/index.php?rest_route=\/wp\/v2\/media\/3092"}],"wp:attachment":[{"href":"https:\/\/solenemaro41.fr\/index.php?rest_route=%2Fwp%2Fv2%2Fmedia&parent=3093"}],"wp:term":[{"taxonomy":"product_brand","embeddable":true,"href":"https:\/\/solenemaro41.fr\/index.php?rest_route=%2Fwp%2Fv2%2Fproduct_brand&post=3093"},{"taxonomy":"product_cat","embeddable":true,"href":"https:\/\/solenemaro41.fr\/index.php?rest_route=%2Fwp%2Fv2%2Fproduct_cat&post=3093"},{"taxonomy":"product_tag","embeddable":true,"href":"https:\/\/solenemaro41.fr\/index.php?rest_route=%2Fwp%2Fv2%2Fproduct_tag&post=3093"}],"curies":[{"name":"wp","href":"https:\/\/api.w.org\/{rel}","templated":true}]}}