{"id":3191,"date":"2026-04-11T12:43:56","date_gmt":"2026-04-11T10:43:56","guid":{"rendered":"https:\/\/solenemaro41.fr\/?product=sac-a-dos-cabaia-large-cagliari"},"modified":"2026-04-11T12:44:59","modified_gmt":"2026-04-11T10:44:59","slug":"sac-a-dos-cabaia-large-cagliari","status":"publish","type":"product","link":"https:\/\/solenemaro41.fr\/?product=sac-a-dos-cabaia-large-cagliari","title":{"rendered":"SAC A DOS CABAIA LARGE CAGLIARI"},"content":{"rendered":"<p><span><strong>Descriptif du SAC A DOS CABAIA LARGE CAGLIARI<\/strong><\/span><\/p>\n<ul>\n<li>\n<div>\n<p><span>Dimensions (23L) :\u00a0.<\/span>29cm x 46cm x 17cm<\/p>\n<\/p><\/div>\n<\/li>\n<li>\n<p>Poids (Kg) : 0.9Kg<\/p>\n<\/li>\n<li>\n<p>Compartiment ordinateur : jusqu&rsquo;\u00e0. 15 pouces<\/p>\n<\/li>\n<li>\n<p>Garanti \u00e0. vie<\/p>\n<\/li>\n<li>Ouverture grand angle<\/li>\n<li>Syst\u00e8.me MOLLE pour attacher les pochettes avant et lat\u00e9.rales<\/li>\n<li>Vegan et d\u00e9.perlant<\/li>\n<li>Sangle attache valise<\/li>\n<li>Bretelles rembourr\u00e9.es et anti-transpirantes<\/li>\n<li>\n<p>\u00a0.<\/p>\n<\/li>\n<\/ul>\n<p>Tissu exterieur principal: 100% Polyester recycl\u00e9.<br \/>Tissu ext\u00e9.rieur enduit: Polyester\u00a0.<br \/>Doublure interieure: 100% Polyester<\/p>\n<p>Informations livraisons<br \/>Les frais de livraisons sont offerts d\u00e8.s 40&#038;euro. d&rsquo;achats<br \/>Livraison entre 3 et 5 jours<br \/>Mode de paiement s\u00e9.curis\u00e9.s accept\u00e9.s : CARTE BANCAIRE\u00a0. ou\u00a0. PAYPAL<br \/>R\u00e9.ception des marchandises : A domicile ou Retrait \u00e0. notre magasin<br \/>Consulter nos<a href=\"http:\/\/www.solene-maroquinerie.fr\/conditions_generales_de_vente.html\" target=\"_self\" title=\"Nos CGV\">\u00a0.conditions g\u00e9.n\u00e9.rales de ventes<\/a><\/p>\n","protected":false},"excerpt":{"rendered":"<p>Descriptif du SAC A DOS CABAIA LARGE CAGLIARI Dimensions (23L) :\u00a0.29cm x 46cm x 17cm Poids (Kg) : 0.9Kg Compartiment ordinateur : jusqu&rsquo;\u00e0. 15 pouces Garanti \u00e0. vie Ouverture grand angle Syst\u00e8.me MOLLE pour attacher les pochettes avant et lat\u00e9.rales Vegan et d\u00e9.perlant Sangle attache valise Bretelles rembourr\u00e9.es et anti-transpirantes \u00a0. Tissu exterieur principal: 100% [&hellip;]<\/p>\n","protected":false},"featured_media":3190,"comment_status":"open","ping_status":"closed","template":"","meta":[],"product_brand":[42],"product_cat":[19,43],"product_tag":[],"class_list":{"0":"post-3191","1":"product","2":"type-product","3":"status-publish","4":"has-post-thumbnail","6":"product_brand-cabaia","7":"product_cat-sac-a-dos","8":"product_cat-sac-a-dos-cabaia-large","10":"first","11":"instock","12":"shipping-taxable","13":"purchasable","14":"product-type-simple"},"_links":{"self":[{"href":"https:\/\/solenemaro41.fr\/index.php?rest_route=\/wp\/v2\/product\/3191","targetHints":{"allow":["GET"]}}],"collection":[{"href":"https:\/\/solenemaro41.fr\/index.php?rest_route=\/wp\/v2\/product"}],"about":[{"href":"https:\/\/solenemaro41.fr\/index.php?rest_route=\/wp\/v2\/types\/product"}],"replies":[{"embeddable":true,"href":"https:\/\/solenemaro41.fr\/index.php?rest_route=%2Fwp%2Fv2%2Fcomments&post=3191"}],"wp:featuredmedia":[{"embeddable":true,"href":"https:\/\/solenemaro41.fr\/index.php?rest_route=\/wp\/v2\/media\/3190"}],"wp:attachment":[{"href":"https:\/\/solenemaro41.fr\/index.php?rest_route=%2Fwp%2Fv2%2Fmedia&parent=3191"}],"wp:term":[{"taxonomy":"product_brand","embeddable":true,"href":"https:\/\/solenemaro41.fr\/index.php?rest_route=%2Fwp%2Fv2%2Fproduct_brand&post=3191"},{"taxonomy":"product_cat","embeddable":true,"href":"https:\/\/solenemaro41.fr\/index.php?rest_route=%2Fwp%2Fv2%2Fproduct_cat&post=3191"},{"taxonomy":"product_tag","embeddable":true,"href":"https:\/\/solenemaro41.fr\/index.php?rest_route=%2Fwp%2Fv2%2Fproduct_tag&post=3191"}],"curies":[{"name":"wp","href":"https:\/\/api.w.org\/{rel}","templated":true}]}}