{"id":3352,"date":"2026-04-11T13:36:27","date_gmt":"2026-04-11T11:36:27","guid":{"rendered":"https:\/\/solenemaro41.fr\/?product=sac-voyage-cabaia-adventurer-ber"},"modified":"2026-04-11T13:37:13","modified_gmt":"2026-04-11T11:37:13","slug":"sac-voyage-cabaia-adventurer-ber","status":"publish","type":"product","link":"https:\/\/solenemaro41.fr\/?product=sac-voyage-cabaia-adventurer-ber","title":{"rendered":"SAC VOYAGE CABAIA ADVENTURER BER"},"content":{"rendered":"<p><span><strong>Descriptif du SAC VOYAGE CABAIA ADVENTURER BERLIN<\/strong><\/span><\/p>\n<ul>\n<li>Tissu d\u00e9.perlant<\/li>\n<li>Ouverture Cabas\u00ae. : Grand angle<\/li>\n<li>Bretelles molletonn\u00e9.es et amovibles<\/li>\n<li>Toile : Nylon 900D<\/li>\n<li>Fond \u00e9.tanche : Nettoyable facilement<\/li>\n<li>Poche interchangeable avec syst\u00e8.me MOLLE\u00ae.<\/li>\n<li>Certifi\u00e9. Vegan<\/li>\n<li>Poids : 1,340 g<\/li>\n<li>Volume : 40L<\/li>\n<li>Dimensions : 29 cm de haut (sans anses), 45 cm de large, 30 cm \u00e9.paisseur<\/li>\n<li>Poche \u00e0. chaussures ( Hauteur 15cm x Largeur 28cm x Profondeur 30cm)<\/li>\n<li><span>Compartiment ordinateur :\u00a0.<\/span><span>Jusqu&rsquo;\u00e0. 14 pouces<\/span><\/li>\n<\/ul>\n<h4><span>Informations livraisons<\/span><\/h4>\n<div><span>Les frais de livraisons sont offerts d\u00e8.s 40&#038;euro. d&rsquo;achats<\/span><br \/><span>Livraison entre 3 et 5 jours<\/span><\/div>\n<div><span>Mode de paiement s\u00e9.curis\u00e9.s accept\u00e9.s : CARTE BANCAIRE\u00a0. ou\u00a0. PAYPAL<\/span><br \/><span>R\u00e9.ception des marchandises : A domicile ou Retrait \u00e0. notre magasin<\/span><br \/><span>Consulter nos<a href=\"http:\/\/www.solene-maroquinerie.fr\/conditions_generales_de_vente.html\" target=\"_self\" title=\"Nos CGV\">\u00a0.conditions g\u00e9.n\u00e9.rales de ventes<\/a><\/span><\/div>\n<p>\u00a0.<\/p>\n","protected":false},"excerpt":{"rendered":"<p>Descriptif du SAC VOYAGE CABAIA ADVENTURER BERLIN Tissu d\u00e9.perlant Ouverture Cabas\u00ae. : Grand angle Bretelles molletonn\u00e9.es et amovibles Toile : Nylon 900D Fond \u00e9.tanche : Nettoyable facilement Poche interchangeable avec syst\u00e8.me MOLLE\u00ae. Certifi\u00e9. Vegan Poids : 1,340 g Volume : 40L Dimensions : 29 cm de haut (sans anses), 45 cm de large, 30 cm [&hellip;]<\/p>\n","protected":false},"featured_media":186,"comment_status":"open","ping_status":"closed","template":"","meta":[],"product_brand":[42],"product_cat":[59,58],"product_tag":[],"class_list":{"0":"post-3352","1":"product","2":"type-product","3":"status-publish","4":"has-post-thumbnail","6":"product_brand-cabaia","7":"product_cat-bagages","8":"product_cat-sac-de-voyage-cabaia","10":"first","11":"instock","12":"shipping-taxable","13":"purchasable","14":"product-type-simple"},"_links":{"self":[{"href":"https:\/\/solenemaro41.fr\/index.php?rest_route=\/wp\/v2\/product\/3352","targetHints":{"allow":["GET"]}}],"collection":[{"href":"https:\/\/solenemaro41.fr\/index.php?rest_route=\/wp\/v2\/product"}],"about":[{"href":"https:\/\/solenemaro41.fr\/index.php?rest_route=\/wp\/v2\/types\/product"}],"replies":[{"embeddable":true,"href":"https:\/\/solenemaro41.fr\/index.php?rest_route=%2Fwp%2Fv2%2Fcomments&post=3352"}],"wp:featuredmedia":[{"embeddable":true,"href":"https:\/\/solenemaro41.fr\/index.php?rest_route=\/wp\/v2\/media\/186"}],"wp:attachment":[{"href":"https:\/\/solenemaro41.fr\/index.php?rest_route=%2Fwp%2Fv2%2Fmedia&parent=3352"}],"wp:term":[{"taxonomy":"product_brand","embeddable":true,"href":"https:\/\/solenemaro41.fr\/index.php?rest_route=%2Fwp%2Fv2%2Fproduct_brand&post=3352"},{"taxonomy":"product_cat","embeddable":true,"href":"https:\/\/solenemaro41.fr\/index.php?rest_route=%2Fwp%2Fv2%2Fproduct_cat&post=3352"},{"taxonomy":"product_tag","embeddable":true,"href":"https:\/\/solenemaro41.fr\/index.php?rest_route=%2Fwp%2Fv2%2Fproduct_tag&post=3352"}],"curies":[{"name":"wp","href":"https:\/\/api.w.org\/{rel}","templated":true}]}}