{"id":3369,"date":"2026-04-11T13:40:23","date_gmt":"2026-04-11T11:40:23","guid":{"rendered":"https:\/\/solenemaro41.fr\/?product=sac-de-voyage-cabaia-turin"},"modified":"2026-04-11T13:40:44","modified_gmt":"2026-04-11T11:40:44","slug":"sac-de-voyage-cabaia-turin","status":"publish","type":"product","link":"https:\/\/solenemaro41.fr\/?product=sac-de-voyage-cabaia-turin","title":{"rendered":"SAC DE VOYAGE CABAIA TURIN"},"content":{"rendered":"<p><strong>Descriptif du SAC DE VOYAGE CABAIA ADVENTURER TURIN<\/strong><\/p>\n<ul>\n<li>Garanti \u00e0. vie<\/li>\n<li>Anse \u00e0. l&rsquo;int\u00e9.rieur pour le porter \u00e0. l&rsquo;\u00e9.paule<\/li>\n<li>Bretelles pour le porter sur le dos<\/li>\n<li>Poign\u00e9.e lat\u00e9.rale pour simplifier la prise en main<\/li>\n<li>Compartiment ordinateur rembourr\u00e9.<\/li>\n<li>Poches int\u00e9.rieures \u00e0. pression<\/li>\n<li>Bandouli\u00e8.re et bretelles renforc\u00e9.es<\/li>\n<li>Syst\u00e8.me MOLLE pour attacher les pochettes avant et lat\u00e9.rales<\/li>\n<li>Vegan et d\u00e9.perlant<\/li>\n<li>Poids : 1,340kg<\/li>\n<li>Volume : 40 L (parfait pour tous les jours et week end)<\/li>\n<li>Dimensions : 29 cm de haut, 45 cm de large, 30 cm \u00e9.paisseur<\/li>\n<li>Tissu d\u00e9.perlant<\/li>\n<li>Ouverture Grand angle<\/li>\n<li>Bretelles amovibles<\/li>\n<li>Toile : Nylon 900D<\/li>\n<li>Fond \u00e9.tanche : Nettoyable facilement<\/li>\n<li>2 poches interchangeables avec syst\u00e8.me MOLLE\u00ae.<\/li>\n<li>Vegan<\/li>\n<\/ul>\n<p>Composition\u00a0.:<\/p>\n<ul>\n<li>Tissu exterieur principal: 100% Polyester recycl\u00e9.<\/li>\n<li>Tissu ext\u00e9.rieur enduit: Polyurethane<\/li>\n<li>Doublure interieure: 100% Polyester<\/li>\n<\/ul>\n<h4>Informations livraisons<\/h4>\n<div>Les frais de livraisons sont offerts d\u00e8.s 40&#038;euro. d&rsquo;achats<br \/>Livraison entre 3 et 5 jours<\/div>\n<div>Mode de paiement s\u00e9.curis\u00e9.s accept\u00e9.s : CARTE BANCAIRE\u00a0. ou\u00a0. PAYPAL<br \/>R\u00e9.ception des marchandises : A domicile ou Retrait \u00e0. notre magasin<br \/>Consulter nos<a href=\"http:\/\/www.solene-maroquinerie.fr\/conditions_generales_de_vente.html\" target=\"_self\" title=\"Nos CGV\">\u00a0.conditions g\u00e9.n\u00e9.rales de ventes<\/a><\/div>\n<p>\u00a0.<\/p>\n","protected":false},"excerpt":{"rendered":"<p>Descriptif du SAC DE VOYAGE CABAIA ADVENTURER TURIN Garanti \u00e0. vie Anse \u00e0. l&rsquo;int\u00e9.rieur pour le porter \u00e0. l&rsquo;\u00e9.paule Bretelles pour le porter sur le dos Poign\u00e9.e lat\u00e9.rale pour simplifier la prise en main Compartiment ordinateur rembourr\u00e9. Poches int\u00e9.rieures \u00e0. pression Bandouli\u00e8.re et bretelles renforc\u00e9.es Syst\u00e8.me MOLLE pour attacher les pochettes avant et lat\u00e9.rales Vegan [&hellip;]<\/p>\n","protected":false},"featured_media":3368,"comment_status":"open","ping_status":"closed","template":"","meta":[],"product_brand":[42],"product_cat":[59,58],"product_tag":[],"class_list":{"0":"post-3369","1":"product","2":"type-product","3":"status-publish","4":"has-post-thumbnail","6":"product_brand-cabaia","7":"product_cat-bagages","8":"product_cat-sac-de-voyage-cabaia","10":"first","11":"instock","12":"shipping-taxable","13":"purchasable","14":"product-type-simple"},"_links":{"self":[{"href":"https:\/\/solenemaro41.fr\/index.php?rest_route=\/wp\/v2\/product\/3369","targetHints":{"allow":["GET"]}}],"collection":[{"href":"https:\/\/solenemaro41.fr\/index.php?rest_route=\/wp\/v2\/product"}],"about":[{"href":"https:\/\/solenemaro41.fr\/index.php?rest_route=\/wp\/v2\/types\/product"}],"replies":[{"embeddable":true,"href":"https:\/\/solenemaro41.fr\/index.php?rest_route=%2Fwp%2Fv2%2Fcomments&post=3369"}],"wp:featuredmedia":[{"embeddable":true,"href":"https:\/\/solenemaro41.fr\/index.php?rest_route=\/wp\/v2\/media\/3368"}],"wp:attachment":[{"href":"https:\/\/solenemaro41.fr\/index.php?rest_route=%2Fwp%2Fv2%2Fmedia&parent=3369"}],"wp:term":[{"taxonomy":"product_brand","embeddable":true,"href":"https:\/\/solenemaro41.fr\/index.php?rest_route=%2Fwp%2Fv2%2Fproduct_brand&post=3369"},{"taxonomy":"product_cat","embeddable":true,"href":"https:\/\/solenemaro41.fr\/index.php?rest_route=%2Fwp%2Fv2%2Fproduct_cat&post=3369"},{"taxonomy":"product_tag","embeddable":true,"href":"https:\/\/solenemaro41.fr\/index.php?rest_route=%2Fwp%2Fv2%2Fproduct_tag&post=3369"}],"curies":[{"name":"wp","href":"https:\/\/api.w.org\/{rel}","templated":true}]}}