{"id":3378,"date":"2026-04-11T13:42:59","date_gmt":"2026-04-11T11:42:59","guid":{"rendered":"https:\/\/solenemaro41.fr\/?product=crossbody-cabaia-s-honolulu"},"modified":"2026-04-11T13:43:47","modified_gmt":"2026-04-11T11:43:47","slug":"crossbody-cabaia-s-honolulu","status":"publish","type":"product","link":"https:\/\/solenemaro41.fr\/?product=crossbody-cabaia-s-honolulu","title":{"rendered":"CROSSBODY CABAIA S HONOLULU"},"content":{"rendered":"<div data-accordion-content=\"open\">\n<p><strong>Descriptif du CROSSBODY CABAIA S HONOLULU<\/strong><\/p>\n<ul>\n<li>Garanti \u00e0. vie<\/li>\n<li>Une poche int\u00e9.rieure zipp\u00e9.e<\/li>\n<li>Un s\u00e9.parateur avec fermeture \u00e9.clair pour organiser vos essentiels<\/li>\n<li>Une poche arri\u00e8.re zipp\u00e9.e<\/li>\n<li>Un mousqueton \u00e0. l&rsquo;int\u00e9.rieur pour accrocher des cl\u00e9.s<\/li>\n<li>Vegan et d\u00e9.perlant<\/li>\n<li>Vendu avec une bandouli\u00e8.re r\u00e9.glable et amovible<\/li>\n<\/ul>\n<p>Dimensions bandouli\u00e8.re: 1,45m-1,68m (boucle \u00e0. boucle) x 4cm (largeur)<\/p>\n<p><em>Les sacs bandouli\u00e8.re ne sont pas compatibles avec les bandouli\u00e8.res de nos sacs bananes.<\/em><\/p>\n<div data-accordion-content=\"open\"><strong>Dimensions (2L) <\/strong>:\u00a0.<span><span>18cm x 14cm x 7,5cm<\/span><\/span><em><br \/><\/em><\/div>\n<p><strong>Dimensions de la bandouli\u00e8.re :<\/strong>\u00a0.1,45m-1,68m (boucle \u00e0. boucle) x 4cm (largeur)<\/p>\n<p><span>Poids :\u00a0.<\/span><span><span>0,326 kg<\/span><\/span><\/p>\n<\/p><\/div>\n<div>\n<p>ENTRETIEN ET COMPOSITION<\/p>\n<p> <span data-accordion-button-icon=\"open\"><\/span><\/div>\n<div data-accordion-content=\"open\">\n<p>Ne pas passer \u00e0. la machine, nettoyer d\u00e9.licatement avec un linge humide et du savon.<\/p>\n<p><strong>Composition :<\/strong><br \/><span>Tissu ext\u00e9.rieur principal: 100% Nylon recycl\u00e9.\u00a0.<\/span><br \/><span>Tissu ext\u00e9.rieur enduit: 100% Polyurethane\u00a0.<\/span><br \/><span>Doublure int\u00e9.rieure: 100% Polyester<\/span><\/p>\n<p><strong>Informations livraisons<\/strong><br \/>Les frais de livraisons sont offerts d\u00e8.s 40&#038;euro. d&rsquo;achats<br \/>Livraison entre 3 et 5 jours<br \/>Mode de paiement s\u00e9.curis\u00e9.s accept\u00e9.s : CARTE BANCAIRE\u00a0. ou\u00a0. PAYPAL<br \/>R\u00e9.ception des marchandises : A domicile ou Retrait \u00e0. notre magasin<br \/>Consulter nos<a href=\"http:\/\/www.solene-maroquinerie.fr\/conditions_generales_de_vente.html\" target=\"_self\" title=\"Nos CGV\">\u00a0.conditions g\u00e9.n\u00e9.rales de ventes<\/a><\/p>\n<\/p><\/div>\n","protected":false},"excerpt":{"rendered":"<p>Descriptif du CROSSBODY CABAIA S HONOLULU Garanti \u00e0. vie Une poche int\u00e9.rieure zipp\u00e9.e Un s\u00e9.parateur avec fermeture \u00e9.clair pour organiser vos essentiels Une poche arri\u00e8.re zipp\u00e9.e Un mousqueton \u00e0. l&rsquo;int\u00e9.rieur pour accrocher des cl\u00e9.s Vegan et d\u00e9.perlant Vendu avec une bandouli\u00e8.re r\u00e9.glable et amovible Dimensions bandouli\u00e8.re: 1,45m-1,68m (boucle \u00e0. boucle) x 4cm (largeur) Les sacs [&hellip;]<\/p>\n","protected":false},"featured_media":3377,"comment_status":"open","ping_status":"closed","template":"","meta":[],"product_brand":[42],"product_cat":[92,91],"product_tag":[],"class_list":{"0":"post-3378","1":"product","2":"type-product","3":"status-publish","4":"has-post-thumbnail","6":"product_brand-cabaia","7":"product_cat-crossbody","8":"product_cat-crossbody-adventurer","10":"first","11":"instock","12":"shipping-taxable","13":"purchasable","14":"product-type-simple"},"_links":{"self":[{"href":"https:\/\/solenemaro41.fr\/index.php?rest_route=\/wp\/v2\/product\/3378","targetHints":{"allow":["GET"]}}],"collection":[{"href":"https:\/\/solenemaro41.fr\/index.php?rest_route=\/wp\/v2\/product"}],"about":[{"href":"https:\/\/solenemaro41.fr\/index.php?rest_route=\/wp\/v2\/types\/product"}],"replies":[{"embeddable":true,"href":"https:\/\/solenemaro41.fr\/index.php?rest_route=%2Fwp%2Fv2%2Fcomments&post=3378"}],"wp:featuredmedia":[{"embeddable":true,"href":"https:\/\/solenemaro41.fr\/index.php?rest_route=\/wp\/v2\/media\/3377"}],"wp:attachment":[{"href":"https:\/\/solenemaro41.fr\/index.php?rest_route=%2Fwp%2Fv2%2Fmedia&parent=3378"}],"wp:term":[{"taxonomy":"product_brand","embeddable":true,"href":"https:\/\/solenemaro41.fr\/index.php?rest_route=%2Fwp%2Fv2%2Fproduct_brand&post=3378"},{"taxonomy":"product_cat","embeddable":true,"href":"https:\/\/solenemaro41.fr\/index.php?rest_route=%2Fwp%2Fv2%2Fproduct_cat&post=3378"},{"taxonomy":"product_tag","embeddable":true,"href":"https:\/\/solenemaro41.fr\/index.php?rest_route=%2Fwp%2Fv2%2Fproduct_tag&post=3378"}],"curies":[{"name":"wp","href":"https:\/\/api.w.org\/{rel}","templated":true}]}}