{"id":3653,"date":"2026-04-16T22:36:16","date_gmt":"2026-04-16T20:36:16","guid":{"rendered":"https:\/\/solenemaro41.fr\/?product=valise-cabaia-2-roues-l-amiens"},"modified":"2026-04-16T22:38:06","modified_gmt":"2026-04-16T20:38:06","slug":"valise-cabaia-2-roues-l-amiens","status":"publish","type":"product","link":"https:\/\/solenemaro41.fr\/?product=valise-cabaia-2-roues-l-amiens","title":{"rendered":"VALISE CABAIA 2 ROUES L AMIENS"},"content":{"rendered":"<p><strong>Descriptif du VALISE SOUPLE CABAIA SOFT SUITCASE 2 WHEELS L AMIENS<\/strong><\/p>\n<ul>\n<li>Garantie \u00e0. vie<\/li>\n<li>Serrure TSA int\u00e9.gr\u00e9.e pour une s\u00e9.curit\u00e9. renforc\u00e9.e<\/li>\n<li>Int\u00e9.rieur \u00e0. double compartiment pour un sac organis\u00e9.<\/li>\n<li>Compartiment ordinateur accessible au centre (adapt\u00e9. aux ordinateurs de toutes tailles)<\/li>\n<li>Poche avant ultra-large avec rangements internes<\/li>\n<li>Poche gourde ext\u00e9.rieure<\/li>\n<li>1 poign\u00e9.e haute et 2 poign\u00e9.es lat\u00e9.rales<\/li>\n<li>1 poign\u00e9.e t\u00e9.lescopique + 2 roues rempla\u00e7.ables.<\/li>\n<li>Vegan et d\u00e9.perlante<\/li>\n<\/ul>\n<p><span><strong>Dimensions (110L)<\/strong> :\u00a0.<\/span><span>80cm x 44,5cm x 35cm (roues comprises)<\/span><\/p>\n<p><span><strong>Poids<\/strong> : 3<\/span><span>,95 kg<\/span><\/p>\n<p><strong>Composition<\/strong>\u00a0.:\u00a0.<br \/><span><span>Mati\u00e8.re ext\u00e9.rieure : 100% Polyester<\/span><br \/><span>Tissu ext\u00e9.rieur enduit : 80% Polyester, 20% Polyur\u00e9.thane<\/span><br \/><span>Doublure int\u00e9.rieur : 100% Polyester<\/span><br \/><\/span><\/p>\n<h4>Informations livraisons<\/h4>\n<div>Les frais de livraisons sont offerts d\u00e8.s 40&#038;euro. d&rsquo;achats<br \/>Livraison entre 3 et 5 jours<\/div>\n<div>Mode de paiement s\u00e9.curis\u00e9.s accept\u00e9.s : CARTE BANCAIRE\u00a0. ou\u00a0. PAYPAL<br \/>R\u00e9.ception des marchandises : A domicile ou Retrait \u00e0. notre magasin<br \/>Consulter nos<a href=\"http:\/\/www.solene-maroquinerie.fr\/conditions_generales_de_vente.html\" target=\"_self\" title=\"Nos CGV\">\u00a0.conditions g\u00e9.n\u00e9.rales de ventes<\/a><\/div>\n","protected":false},"excerpt":{"rendered":"<p>Descriptif du VALISE SOUPLE CABAIA SOFT SUITCASE 2 WHEELS L AMIENS Garantie \u00e0. vie Serrure TSA int\u00e9.gr\u00e9.e pour une s\u00e9.curit\u00e9. renforc\u00e9.e Int\u00e9.rieur \u00e0. double compartiment pour un sac organis\u00e9. Compartiment ordinateur accessible au centre (adapt\u00e9. aux ordinateurs de toutes tailles) Poche avant ultra-large avec rangements internes Poche gourde ext\u00e9.rieure 1 poign\u00e9.e haute et 2 poign\u00e9.es [&hellip;]<\/p>\n","protected":false},"featured_media":3652,"comment_status":"open","ping_status":"closed","template":"","meta":[],"product_brand":[42],"product_cat":[59,101],"product_tag":[],"class_list":{"0":"post-3653","1":"product","2":"type-product","3":"status-publish","4":"has-post-thumbnail","6":"product_brand-cabaia","7":"product_cat-bagages","8":"product_cat-valise-souple-cabaia","10":"first","11":"instock","12":"shipping-taxable","13":"purchasable","14":"product-type-simple"},"_links":{"self":[{"href":"https:\/\/solenemaro41.fr\/index.php?rest_route=\/wp\/v2\/product\/3653","targetHints":{"allow":["GET"]}}],"collection":[{"href":"https:\/\/solenemaro41.fr\/index.php?rest_route=\/wp\/v2\/product"}],"about":[{"href":"https:\/\/solenemaro41.fr\/index.php?rest_route=\/wp\/v2\/types\/product"}],"replies":[{"embeddable":true,"href":"https:\/\/solenemaro41.fr\/index.php?rest_route=%2Fwp%2Fv2%2Fcomments&post=3653"}],"wp:featuredmedia":[{"embeddable":true,"href":"https:\/\/solenemaro41.fr\/index.php?rest_route=\/wp\/v2\/media\/3652"}],"wp:attachment":[{"href":"https:\/\/solenemaro41.fr\/index.php?rest_route=%2Fwp%2Fv2%2Fmedia&parent=3653"}],"wp:term":[{"taxonomy":"product_brand","embeddable":true,"href":"https:\/\/solenemaro41.fr\/index.php?rest_route=%2Fwp%2Fv2%2Fproduct_brand&post=3653"},{"taxonomy":"product_cat","embeddable":true,"href":"https:\/\/solenemaro41.fr\/index.php?rest_route=%2Fwp%2Fv2%2Fproduct_cat&post=3653"},{"taxonomy":"product_tag","embeddable":true,"href":"https:\/\/solenemaro41.fr\/index.php?rest_route=%2Fwp%2Fv2%2Fproduct_tag&post=3653"}],"curies":[{"name":"wp","href":"https:\/\/api.w.org\/{rel}","templated":true}]}}