{"id":3864,"date":"2026-04-22T12:03:50","date_gmt":"2026-04-22T10:03:50","guid":{"rendered":"https:\/\/solenemaro41.fr\/?product=eastpak-pinzip-38litres-3o0-refl"},"modified":"2026-04-22T12:03:50","modified_gmt":"2026-04-22T10:03:50","slug":"eastpak-pinzip-38litres-3o0-refl","status":"publish","type":"product","link":"https:\/\/solenemaro41.fr\/?product=eastpak-pinzip-38litres-3o0-refl","title":{"rendered":"EASTPAK PINZIP 38LITRES 3O0 REFL"},"content":{"rendered":"<p><strong>Caract\u00e9ristiques du\u00a0SAC A DOS EASTPAK SAC A DOS EASTPAK PINZIP 38LITRES 3O0 REFLEKS DOT BLACK<\/strong><\/p>\n<div><span style=\"font-family: arial, helvetica, sans-serif. font-size: 10pt. color: #000000.\"><span style=\"font-family: arial, helvetica, sans-serif. font-size: 10pt. color: #000000.\"><\/span><\/span> <\/p>\n<ul>\n<li>Deux compartiments principaux avec poche avant zipp\u00e9e et organiseur int\u00e9gr\u00e9<\/li>\n<li>Bretelles r\u00e9glables et panneau dorsal rembourr\u00e9s<\/li>\n<li>Housse rembourr\u00e9e pour ordinateur portable jusqu&rsquo;\u00e0 15\u00a0pouces<\/li>\n<li>Porte-bouteille lat\u00e9ral<\/li>\n<\/ul>\n<p> <span style=\"font-family: arial, helvetica, sans-serif. font-size: 10pt. color: #000000.\"><span style=\"font-family: arial, helvetica, sans-serif. font-size: 10pt. color: #000000.\"><\/span><\/span> <\/p>\n<p><strong>Dimensions :<\/strong><\/p>\n<ul>\n<li>Hauteur\u00a0: 42\u00a0cm, Largeur\u00a0: 32\u00a0cm, Profondeur\u00a0: 25,5\u00a0cm<\/li>\n<\/ul>\n<p><strong>Composition :<\/strong><\/p>\n<p> <span style=\"font-family: arial, helvetica, sans-serif. font-size: 10pt. color: #000000.\"><span style=\"font-family: arial, helvetica, sans-serif. font-size: 10pt. color: #000000.\"><\/span><\/span> <\/p>\n<ul>\n<li>100\u00a0% nylon<\/li>\n<\/ul>\n<p> <span style=\"font-family: arial, helvetica, sans-serif. font-size: 10pt. color: #000000.\"><span style=\"font-family: arial, helvetica, sans-serif. font-size: 10pt. color: #000000.\"><\/span><\/span> <\/p>\n<p><strong>Informations livraisons<\/strong><\/p>\n<p> <span style=\"font-family: arial, helvetica, sans-serif. font-size: 10pt. color: #000000.\"><span style=\"font-family: arial, helvetica, sans-serif. font-size: 10pt. color: #000000.\"><\/span><\/span> <\/p>\n<p>Les frais de livraisons sont offerts d\u00e8s 40\u20ac d&rsquo;achats<\/p>\n<p> <span style=\"font-family: arial, helvetica, sans-serif. font-size: 10pt. color: #000000.\"><span style=\"font-family: arial, helvetica, sans-serif. font-size: 10pt. color: #000000.\"><\/span><\/span> <\/p>\n<div>Livraison entre 3 et 5 jours<\/div>\n<p> <span style=\"font-family: arial, helvetica, sans-serif. font-size: 10pt. color: #000000.\"><span style=\"font-family: arial, helvetica, sans-serif. font-size: 10pt. color: #000000.\"><\/span><\/span> <\/p>\n<p>Mode de paiement s\u00e9curis\u00e9s accept\u00e9s : CARTE BANCAIRE\u00a0 ou\u00a0 PAYPAL<\/p>\n<p> <span style=\"font-family: arial, helvetica, sans-serif. font-size: 10pt. color: #000000.\"><span style=\"font-family: arial, helvetica, sans-serif. font-size: 10pt. color: #000000.\"><\/span><\/span> <\/p>\n<div>R\u00e9ception des marchandises : A domicile ou Retrait \u00e0 notre magasin<\/div>\n<p> <span style=\"font-family: arial, helvetica, sans-serif. font-size: 10pt. color: #000000.\"><span style=\"font-family: arial, helvetica, sans-serif. font-size: 10pt. color: #000000.\"><\/span><\/span> <\/p>\n<div>Consulter nos<a href=\"https:\/\/www.solene-maroquinerie.fr\/conditions_generales_de_vente.html\" target=\"_self\" title=\"Nos CGV\">\u00a0conditions g\u00e9n\u00e9rales de ventes<\/a><\/div>\n<p> <span style=\"font-family: arial, helvetica, sans-serif. font-size: 10pt. color: #000000.\"><\/p>\n<p><\/span><\/div>\n","protected":false},"excerpt":{"rendered":"<p>Caract\u00e9ristiques du\u00a0SAC A DOS EASTPAK SAC A DOS EASTPAK PINZIP 38LITRES 3O0 REFLEKS DOT BLACK Deux compartiments principaux avec poche avant zipp\u00e9e et organiseur int\u00e9gr\u00e9 Bretelles r\u00e9glables et panneau dorsal rembourr\u00e9s Housse rembourr\u00e9e pour ordinateur portable jusqu&rsquo;\u00e0 15\u00a0pouces Porte-bouteille lat\u00e9ral Dimensions : Hauteur\u00a0: 42\u00a0cm, Largeur\u00a0: 32\u00a0cm, Profondeur\u00a0: 25,5\u00a0cm Composition : 100\u00a0% nylon Informations livraisons Les [&hellip;]<\/p>\n","protected":false},"featured_media":3863,"comment_status":"open","ping_status":"closed","template":"","meta":[],"product_brand":[20],"product_cat":[19,67],"product_tag":[],"class_list":{"0":"post-3864","1":"product","2":"type-product","3":"status-publish","4":"has-post-thumbnail","6":"product_brand-eastpak","7":"product_cat-sac-a-dos","8":"product_cat-sac-a-dos-pinzip","10":"first","11":"instock","12":"shipping-taxable","13":"purchasable","14":"product-type-simple"},"_links":{"self":[{"href":"https:\/\/solenemaro41.fr\/index.php?rest_route=\/wp\/v2\/product\/3864","targetHints":{"allow":["GET"]}}],"collection":[{"href":"https:\/\/solenemaro41.fr\/index.php?rest_route=\/wp\/v2\/product"}],"about":[{"href":"https:\/\/solenemaro41.fr\/index.php?rest_route=\/wp\/v2\/types\/product"}],"replies":[{"embeddable":true,"href":"https:\/\/solenemaro41.fr\/index.php?rest_route=%2Fwp%2Fv2%2Fcomments&post=3864"}],"wp:featuredmedia":[{"embeddable":true,"href":"https:\/\/solenemaro41.fr\/index.php?rest_route=\/wp\/v2\/media\/3863"}],"wp:attachment":[{"href":"https:\/\/solenemaro41.fr\/index.php?rest_route=%2Fwp%2Fv2%2Fmedia&parent=3864"}],"wp:term":[{"taxonomy":"product_brand","embeddable":true,"href":"https:\/\/solenemaro41.fr\/index.php?rest_route=%2Fwp%2Fv2%2Fproduct_brand&post=3864"},{"taxonomy":"product_cat","embeddable":true,"href":"https:\/\/solenemaro41.fr\/index.php?rest_route=%2Fwp%2Fv2%2Fproduct_cat&post=3864"},{"taxonomy":"product_tag","embeddable":true,"href":"https:\/\/solenemaro41.fr\/index.php?rest_route=%2Fwp%2Fv2%2Fproduct_tag&post=3864"}],"curies":[{"name":"wp","href":"https:\/\/api.w.org\/{rel}","templated":true}]}}