{"id":3904,"date":"2026-04-22T12:05:32","date_gmt":"2026-04-22T10:05:32","guid":{"rendered":"https:\/\/solenemaro41.fr\/?product=sac-baguette-lancaster-suave-ace-7"},"modified":"2026-04-22T12:05:40","modified_gmt":"2026-04-22T10:05:40","slug":"sac-baguette-lancaster-suave-ace-7","status":"publish","type":"product","link":"https:\/\/solenemaro41.fr\/?product=sac-baguette-lancaster-suave-ace-7","title":{"rendered":"SAC BAGUETTE LANCASTER SUAVE ACE"},"content":{"rendered":"<div><strong>Caract\u00e9ristiques du SAC BAGUETTE LANCASTER SUAVE ACE BLEU FONC\u00c9<\/strong><\/div>\n<div>\n<ul>\n<li><span>Fermeture zipp\u00e9e<\/span><\/li>\n<li><span>Poche int\u00e9rieure zipp\u00e9e<\/span><\/li>\n<li><span>Poche int\u00e9rieure simple<\/span><\/li>\n<li><span>Rangement t\u00e9l\u00e9phone<\/span><\/li>\n<li><span>Szc fabriqu\u00e9 en France\u00a0<\/span><\/li>\n<\/ul>\n<p>Finition :<\/p>\n<ul>\n<li>M\u00e9tal argent\u00e9 brillant<\/li>\n<\/ul>\n<p>Dimensions :<\/p>\n<ul>\n<li>29 x 14 x 8 cm<\/li>\n<\/ul>\n<p>Composition :<\/p>\n<ul>\n<li><span><span>Refente de cuir de vachette finition lisse<\/span><\/span><\/li>\n<li>Doublure int\u00e9rieure synth\u00e9tique<\/li>\n<\/ul>\n<p><strong>Informations livraisons<\/strong><\/p>\n<p>Les frais de livraisons sont offerts d\u00e8s 40\u20ac d&rsquo;achats<\/p>\n<p>Mode de paiement s\u00e9curis\u00e9s accept\u00e9s : CARTE BANCAIRE\u00a0 ou\u00a0 PAYPAL<\/p>\n<div>R\u00e9ception des marchandises : A domicile ou Retrait \u00e0 notre magasin<\/div>\n<div>Livraison entre 3 et 5 jours<\/div>\n<div>Retrait au magasin sous 24h (rdv)<\/div>\n<div>Consulter nos<a href=\"https:\/\/www.solene-maroquinerie.fr\/conditions_generales_de_vente.html\" target=\"_self\" title=\"Nos CGV\">\u00a0conditions g\u00e9n\u00e9rales de ventes<\/a><\/div>\n<p> <strong><br \/><\/strong><\/div>\n","protected":false},"excerpt":{"rendered":"<p>Caract\u00e9ristiques du SAC BAGUETTE LANCASTER SUAVE ACE BLEU FONC\u00c9 Fermeture zipp\u00e9e Poche int\u00e9rieure zipp\u00e9e Poche int\u00e9rieure simple Rangement t\u00e9l\u00e9phone Szc fabriqu\u00e9 en France\u00a0 Finition : M\u00e9tal argent\u00e9 brillant Dimensions : 29 x 14 x 8 cm Composition : Refente de cuir de vachette finition lisse Doublure int\u00e9rieure synth\u00e9tique Informations livraisons Les frais de livraisons sont [&hellip;]<\/p>\n","protected":false},"featured_media":3903,"comment_status":"open","ping_status":"closed","template":"","meta":[],"product_brand":[29],"product_cat":[27,28],"product_tag":[],"class_list":{"0":"post-3904","1":"product","2":"type-product","3":"status-publish","4":"has-post-thumbnail","6":"product_brand-lancaster","7":"product_cat-sac-a-main","8":"product_cat-sac-a-main-2","10":"first","11":"instock","12":"shipping-taxable","13":"purchasable","14":"product-type-simple"},"_links":{"self":[{"href":"https:\/\/solenemaro41.fr\/index.php?rest_route=\/wp\/v2\/product\/3904","targetHints":{"allow":["GET"]}}],"collection":[{"href":"https:\/\/solenemaro41.fr\/index.php?rest_route=\/wp\/v2\/product"}],"about":[{"href":"https:\/\/solenemaro41.fr\/index.php?rest_route=\/wp\/v2\/types\/product"}],"replies":[{"embeddable":true,"href":"https:\/\/solenemaro41.fr\/index.php?rest_route=%2Fwp%2Fv2%2Fcomments&post=3904"}],"wp:featuredmedia":[{"embeddable":true,"href":"https:\/\/solenemaro41.fr\/index.php?rest_route=\/wp\/v2\/media\/3903"}],"wp:attachment":[{"href":"https:\/\/solenemaro41.fr\/index.php?rest_route=%2Fwp%2Fv2%2Fmedia&parent=3904"}],"wp:term":[{"taxonomy":"product_brand","embeddable":true,"href":"https:\/\/solenemaro41.fr\/index.php?rest_route=%2Fwp%2Fv2%2Fproduct_brand&post=3904"},{"taxonomy":"product_cat","embeddable":true,"href":"https:\/\/solenemaro41.fr\/index.php?rest_route=%2Fwp%2Fv2%2Fproduct_cat&post=3904"},{"taxonomy":"product_tag","embeddable":true,"href":"https:\/\/solenemaro41.fr\/index.php?rest_route=%2Fwp%2Fv2%2Fproduct_tag&post=3904"}],"curies":[{"name":"wp","href":"https:\/\/api.w.org\/{rel}","templated":true}]}}