{"id":3909,"date":"2026-04-22T12:05:43","date_gmt":"2026-04-22T10:05:43","guid":{"rendered":"https:\/\/solenemaro41.fr\/?product=sac-demi-lune-lancaster-suave-2"},"modified":"2026-04-22T12:05:43","modified_gmt":"2026-04-22T10:05:43","slug":"sac-demi-lune-lancaster-suave-2","status":"publish","type":"product","link":"https:\/\/solenemaro41.fr\/?product=sac-demi-lune-lancaster-suave-2","title":{"rendered":"SAC DEMI LUNE LANCASTER SUAVE"},"content":{"rendered":"<p><strong>Caract\u00e9ristiques du\u00a0SAC DEMI LUNE LANCASTER SUAVE LUNE NOIR<\/strong><\/p>\n<p><span><span>Ce sac est confectionn\u00e9 de refente de cuir de vachette lisse. Il comporte une poche ext\u00e9rieure simple et une poche int\u00e9rieure zipp\u00e9e. Il se porte \u00e0 l&rsquo;\u00e9paule ou crois\u00e9.<\/span><\/span><\/p>\n<ul>\n<li>Fermeture zipp\u00e9e<\/li>\n<li>Bandouli\u00e8re r\u00e9glable<\/li>\n<li>Port\u00e9 port\u00e9 \u00e9paule, port\u00e9 travers<\/li>\n<li>Mati\u00e8re :\u00a0Refente de cuir de vachette lisse<\/li>\n<li>Doublure en p<span>olyester aspect su\u00e9dine<\/span><\/li>\n<li>Finitions m\u00e9tal\u00a0argent\u00e9 brillant<\/li>\n<\/ul>\n<p>Dimensions<\/p>\n<ul>\n<li>22 x 18 x 7 cm<\/li>\n<\/ul>\n<h4><strong>Informations livraisons<\/strong><\/h4>\n<div>Les frais de livraisons sont offerts d\u00e8s 40\u20ac d&rsquo;achats<br \/>Livraison entre 3 et 5 jours<\/div>\n<div>Mode de paiement s\u00e9curis\u00e9s accept\u00e9s : CARTE BANCAIRE\u00a0 ou\u00a0 PAYPAL<br \/>R\u00e9ception des marchandises : A domicile ou Retrait \u00e0 notre magasin<br \/>Consulter nos<a href=\"http:\/\/www.solene-maroquinerie.fr\/conditions_generales_de_vente.html\" target=\"_self\" title=\"Nos CGV\">\u00a0conditions g\u00e9n\u00e9rales de ventes<\/a><\/div>\n<p>\u00a0<\/p>\n","protected":false},"excerpt":{"rendered":"<p>Caract\u00e9ristiques du\u00a0SAC DEMI LUNE LANCASTER SUAVE LUNE NOIR Ce sac est confectionn\u00e9 de refente de cuir de vachette lisse. Il comporte une poche ext\u00e9rieure simple et une poche int\u00e9rieure zipp\u00e9e. Il se porte \u00e0 l&rsquo;\u00e9paule ou crois\u00e9. Fermeture zipp\u00e9e Bandouli\u00e8re r\u00e9glable Port\u00e9 port\u00e9 \u00e9paule, port\u00e9 travers Mati\u00e8re :\u00a0Refente de cuir de vachette lisse Doublure en [&hellip;]<\/p>\n","protected":false},"featured_media":3908,"comment_status":"open","ping_status":"closed","template":"","meta":[],"product_brand":[29],"product_cat":[27,28],"product_tag":[],"class_list":{"0":"post-3909","1":"product","2":"type-product","3":"status-publish","4":"has-post-thumbnail","6":"product_brand-lancaster","7":"product_cat-sac-a-main","8":"product_cat-sac-a-main-2","10":"first","11":"instock","12":"shipping-taxable","13":"purchasable","14":"product-type-simple"},"_links":{"self":[{"href":"https:\/\/solenemaro41.fr\/index.php?rest_route=\/wp\/v2\/product\/3909","targetHints":{"allow":["GET"]}}],"collection":[{"href":"https:\/\/solenemaro41.fr\/index.php?rest_route=\/wp\/v2\/product"}],"about":[{"href":"https:\/\/solenemaro41.fr\/index.php?rest_route=\/wp\/v2\/types\/product"}],"replies":[{"embeddable":true,"href":"https:\/\/solenemaro41.fr\/index.php?rest_route=%2Fwp%2Fv2%2Fcomments&post=3909"}],"wp:featuredmedia":[{"embeddable":true,"href":"https:\/\/solenemaro41.fr\/index.php?rest_route=\/wp\/v2\/media\/3908"}],"wp:attachment":[{"href":"https:\/\/solenemaro41.fr\/index.php?rest_route=%2Fwp%2Fv2%2Fmedia&parent=3909"}],"wp:term":[{"taxonomy":"product_brand","embeddable":true,"href":"https:\/\/solenemaro41.fr\/index.php?rest_route=%2Fwp%2Fv2%2Fproduct_brand&post=3909"},{"taxonomy":"product_cat","embeddable":true,"href":"https:\/\/solenemaro41.fr\/index.php?rest_route=%2Fwp%2Fv2%2Fproduct_cat&post=3909"},{"taxonomy":"product_tag","embeddable":true,"href":"https:\/\/solenemaro41.fr\/index.php?rest_route=%2Fwp%2Fv2%2Fproduct_tag&post=3909"}],"curies":[{"name":"wp","href":"https:\/\/api.w.org\/{rel}","templated":true}]}}