{"id":3942,"date":"2026-04-22T12:12:21","date_gmt":"2026-04-22T10:12:21","guid":{"rendered":"https:\/\/solenemaro41.fr\/?product=valise-cabaia-2-roues-s-valladol"},"modified":"2026-04-22T12:14:00","modified_gmt":"2026-04-22T10:14:00","slug":"valise-cabaia-2-roues-s-valladol","status":"publish","type":"product","link":"https:\/\/solenemaro41.fr\/?product=valise-cabaia-2-roues-s-valladol","title":{"rendered":"VALISE CABAIA 2 ROUES S VALLADOL"},"content":{"rendered":"<p><strong>Descriptif du VALISE SOUPLE CABAIA SOFT SUITCASE 2 WHEELS S VALLADOLID<\/strong><\/p>\n<ul>\n<li>Garantie \u00e0 vie<\/li>\n<li>Serrure TSA int\u00e9gr\u00e9e pour une s\u00e9curit\u00e9 renforc\u00e9e<\/li>\n<li>Int\u00e9rieur \u00e0 double compartiment pour un sac organis\u00e9<\/li>\n<li>Compartiment ordinateur accessible au centre (adapt\u00e9 aux ordinateurs de toutes tailles)<\/li>\n<li>Poche avant ultra-large avec rangements internes<\/li>\n<li>Poche gourde ext\u00e9rieure<\/li>\n<li>1 poign\u00e9e haute et 2 poign\u00e9es lat\u00e9rales<\/li>\n<li>1 poign\u00e9e t\u00e9lescopique + 2 roues rempla\u00e7ables.<\/li>\n<li>Vegan et d\u00e9perlante<\/li>\n<\/ul>\n<p><strong>Dimensions (48L)<\/strong> :\u00a055cm x 35cm x 25cm (roues comprises)<\/p>\n<p><span><strong>Poids<\/strong> :\u00a0<\/span><span>2,7 kg<\/span><\/p>\n<p><strong>Composition<\/strong>\u00a0:\u00a0<br \/><span><span>Mati\u00e8re ext\u00e9rieure : 100% Polyester<\/span><br \/><span>Tissu ext\u00e9rieur enduit : 80% Polyester, 20% Polyur\u00e9thane<\/span><br \/><span>Doublure int\u00e9rieur : 100% Polyester<\/span><br \/><\/span><\/p>\n<h4>Informations livraisons<\/h4>\n<div>Les frais de livraisons sont offerts d\u00e8s 40\u20ac d&rsquo;achats<br \/>Livraison entre 3 et 5 jours<\/div>\n<div>Mode de paiement s\u00e9curis\u00e9s accept\u00e9s : CARTE BANCAIRE\u00a0 ou\u00a0 PAYPAL<br \/>R\u00e9ception des marchandises : A domicile ou Retrait \u00e0 notre magasin<br \/>Consulter nos<a href=\"http:\/\/www.solene-maroquinerie.fr\/conditions_generales_de_vente.html\" target=\"_self\" title=\"Nos CGV\">\u00a0conditions g\u00e9n\u00e9rales de ventes<\/a><\/div>\n","protected":false},"excerpt":{"rendered":"<p>Descriptif du VALISE SOUPLE CABAIA SOFT SUITCASE 2 WHEELS S VALLADOLID Garantie \u00e0 vie Serrure TSA int\u00e9gr\u00e9e pour une s\u00e9curit\u00e9 renforc\u00e9e Int\u00e9rieur \u00e0 double compartiment pour un sac organis\u00e9 Compartiment ordinateur accessible au centre (adapt\u00e9 aux ordinateurs de toutes tailles) Poche avant ultra-large avec rangements internes Poche gourde ext\u00e9rieure 1 poign\u00e9e haute et 2 poign\u00e9es [&hellip;]<\/p>\n","protected":false},"featured_media":3941,"comment_status":"open","ping_status":"closed","template":"","meta":[],"product_brand":[42],"product_cat":[59,101],"product_tag":[],"class_list":{"0":"post-3942","1":"product","2":"type-product","3":"status-publish","4":"has-post-thumbnail","6":"product_brand-cabaia","7":"product_cat-bagages","8":"product_cat-valise-souple-cabaia","10":"first","11":"instock","12":"shipping-taxable","13":"purchasable","14":"product-type-simple"},"_links":{"self":[{"href":"https:\/\/solenemaro41.fr\/index.php?rest_route=\/wp\/v2\/product\/3942","targetHints":{"allow":["GET"]}}],"collection":[{"href":"https:\/\/solenemaro41.fr\/index.php?rest_route=\/wp\/v2\/product"}],"about":[{"href":"https:\/\/solenemaro41.fr\/index.php?rest_route=\/wp\/v2\/types\/product"}],"replies":[{"embeddable":true,"href":"https:\/\/solenemaro41.fr\/index.php?rest_route=%2Fwp%2Fv2%2Fcomments&post=3942"}],"wp:featuredmedia":[{"embeddable":true,"href":"https:\/\/solenemaro41.fr\/index.php?rest_route=\/wp\/v2\/media\/3941"}],"wp:attachment":[{"href":"https:\/\/solenemaro41.fr\/index.php?rest_route=%2Fwp%2Fv2%2Fmedia&parent=3942"}],"wp:term":[{"taxonomy":"product_brand","embeddable":true,"href":"https:\/\/solenemaro41.fr\/index.php?rest_route=%2Fwp%2Fv2%2Fproduct_brand&post=3942"},{"taxonomy":"product_cat","embeddable":true,"href":"https:\/\/solenemaro41.fr\/index.php?rest_route=%2Fwp%2Fv2%2Fproduct_cat&post=3942"},{"taxonomy":"product_tag","embeddable":true,"href":"https:\/\/solenemaro41.fr\/index.php?rest_route=%2Fwp%2Fv2%2Fproduct_tag&post=3942"}],"curies":[{"name":"wp","href":"https:\/\/api.w.org\/{rel}","templated":true}]}}