{"id":3978,"date":"2026-04-22T13:38:17","date_gmt":"2026-04-22T11:38:17","guid":{"rendered":"https:\/\/solenemaro41.fr\/?product=nano-adventurer-cabaia-maui"},"modified":"2026-04-22T13:39:37","modified_gmt":"2026-04-22T11:39:37","slug":"nano-adventurer-cabaia-maui","status":"publish","type":"product","link":"https:\/\/solenemaro41.fr\/?product=nano-adventurer-cabaia-maui","title":{"rendered":"NANO ADVENTURER CABAIA MAUI"},"content":{"rendered":"<div data-accordion-content=\"open\">\n<p><strong>Descriptif du NANO ADVENTURER CABAIA MAUI<\/strong><\/p>\n<h4>Le sac Nano, le sac bandouli\u00e8re pens\u00e9 pour accueillir tous vos essentiels.<\/h4>\n<ul>\n<li>Garanti \u00e0 vie<\/li>\n<li>Deux poches int\u00e9rieures<\/li>\n<li><span data-mce-fragment=\"1\">Ouverture grand angle<\/span><\/li>\n<li>Loge un t\u00e9l\u00e9phone (18cm de hauteur maximum)<\/li>\n<li>Vegan et d\u00e9perlant<\/li>\n<li>Bandouli\u00e8re r\u00e9glable et amovible<\/li>\n<\/ul>\n<p><strong>Dimensions sac bandouli\u00e8re (1,8L):<\/strong>\u00a019cm (hauteur) x 12cm (largeur) x 8,5cm (profondeur)<br \/><strong>Dimensions bandouli\u00e8re:\u00a0<\/strong>1,56m (boucle \u00e0 boucle) x 3,8cm (largeur)<\/p>\n<p>Vendu avec la bandouli\u00e8re et la pochette nano assortie.<br \/><strong>Compatible avec les autres pochettes Nano.<\/strong><\/p>\n<\/p><\/div>\n<div>\n<p>ENTRETIEN ET COMPOSITION<\/p>\n<p> <span data-accordion-button-icon=\"open\"><\/span><\/div>\n<div data-accordion-content=\"open\">\n<p>Ne pas passer \u00e0 la machine, nettoyer d\u00e9licatement avec un linge humide et du savon.<\/p>\n<p><strong>Composition :<\/strong><br \/>Tissu ext\u00e9rieur principal : 100% polyur\u00e9thane<br \/>Rev\u00eatement ext\u00e9rieur : polyur\u00e9thane<br \/>Doublure int\u00e9rieure : 100% polyester<\/p>\n<p><strong>Informations livraisons<\/strong><br \/>Les frais de livraisons sont offerts d\u00e8s 40\u20ac d&rsquo;achats<br \/>Livraison entre 3 et 5 jours<br \/>Mode de paiement s\u00e9curis\u00e9s accept\u00e9s : CARTE BANCAIRE\u00a0 ou\u00a0 PAYPAL<br \/>R\u00e9ception des marchandises : A domicile ou Retrait \u00e0 notre magasin<br \/>Consulter nos<a href=\"http:\/\/www.solene-maroquinerie.fr\/conditions_generales_de_vente.html\" target=\"_self\" title=\"Nos CGV\">\u00a0conditions g\u00e9n\u00e9rales de ventes<\/a><\/p>\n<\/p><\/div>\n","protected":false},"excerpt":{"rendered":"<p>Descriptif du NANO ADVENTURER CABAIA MAUI Le sac Nano, le sac bandouli\u00e8re pens\u00e9 pour accueillir tous vos essentiels. Garanti \u00e0 vie Deux poches int\u00e9rieures Ouverture grand angle Loge un t\u00e9l\u00e9phone (18cm de hauteur maximum) Vegan et d\u00e9perlant Bandouli\u00e8re r\u00e9glable et amovible Dimensions sac bandouli\u00e8re (1,8L):\u00a019cm (hauteur) x 12cm (largeur) x 8,5cm (profondeur)Dimensions bandouli\u00e8re:\u00a01,56m (boucle \u00e0 [&hellip;]<\/p>\n","protected":false},"featured_media":3977,"comment_status":"open","ping_status":"closed","template":"","meta":[],"product_brand":[42],"product_cat":[24,76],"product_tag":[],"class_list":{"0":"post-3978","1":"product","2":"type-product","3":"status-publish","4":"has-post-thumbnail","6":"product_brand-cabaia","7":"product_cat-divers","8":"product_cat-nanobag-cabaia","10":"first","11":"instock","12":"shipping-taxable","13":"purchasable","14":"product-type-simple"},"_links":{"self":[{"href":"https:\/\/solenemaro41.fr\/index.php?rest_route=\/wp\/v2\/product\/3978","targetHints":{"allow":["GET"]}}],"collection":[{"href":"https:\/\/solenemaro41.fr\/index.php?rest_route=\/wp\/v2\/product"}],"about":[{"href":"https:\/\/solenemaro41.fr\/index.php?rest_route=\/wp\/v2\/types\/product"}],"replies":[{"embeddable":true,"href":"https:\/\/solenemaro41.fr\/index.php?rest_route=%2Fwp%2Fv2%2Fcomments&post=3978"}],"wp:featuredmedia":[{"embeddable":true,"href":"https:\/\/solenemaro41.fr\/index.php?rest_route=\/wp\/v2\/media\/3977"}],"wp:attachment":[{"href":"https:\/\/solenemaro41.fr\/index.php?rest_route=%2Fwp%2Fv2%2Fmedia&parent=3978"}],"wp:term":[{"taxonomy":"product_brand","embeddable":true,"href":"https:\/\/solenemaro41.fr\/index.php?rest_route=%2Fwp%2Fv2%2Fproduct_brand&post=3978"},{"taxonomy":"product_cat","embeddable":true,"href":"https:\/\/solenemaro41.fr\/index.php?rest_route=%2Fwp%2Fv2%2Fproduct_cat&post=3978"},{"taxonomy":"product_tag","embeddable":true,"href":"https:\/\/solenemaro41.fr\/index.php?rest_route=%2Fwp%2Fv2%2Fproduct_tag&post=3978"}],"curies":[{"name":"wp","href":"https:\/\/api.w.org\/{rel}","templated":true}]}}