{"id":3983,"date":"2026-04-22T13:39:59","date_gmt":"2026-04-22T11:39:59","guid":{"rendered":"https:\/\/solenemaro41.fr\/?product=phonebag-cabaia-cagliari"},"modified":"2026-04-22T13:40:19","modified_gmt":"2026-04-22T11:40:19","slug":"phonebag-cabaia-cagliari","status":"publish","type":"product","link":"https:\/\/solenemaro41.fr\/?product=phonebag-cabaia-cagliari","title":{"rendered":"PHONEBAG CABAIA CAGLIARI"},"content":{"rendered":"<div data-accordion-content=\"open\">\n<p><strong>Descriptif du PHONEBAG CABAIA CAGLIARI<\/strong><\/p>\n<ul>\n<li>Garantie \u00e0 vie<\/li>\n<li>Poche secr\u00e8te zipp\u00e9e \u00e0 l\u2019arri\u00e8re<\/li>\n<li>L\u00e9g\u00e8re et compact<\/li>\n<li>Syst\u00e8me MOLLE pour attacher les pochettes avant Nano<\/li>\n<li>Cordon r\u00e9glable et interchangeable<\/li>\n<li>Vegan et d\u00e9perlant<\/li>\n<\/ul>\n<div data-accordion-content=\"open\"><span>Dimensions :\u00a0<\/span><span>10cm x 18cm x 2cm<\/span><\/div>\n<\/p><\/div>\n<div>\n<p><strong>ENTRETIEN ET COMPOSITION<\/strong><\/p>\n<p> <span data-accordion-button-icon=\"open\"><\/span><\/div>\n<div data-accordion-content=\"open\">\n<p>Ne pas passer \u00e0 la machine, nettoyer d\u00e9licatement avec un linge humide et du savon.<\/p>\n<p><strong>Composition :<\/strong><br \/><span>Tissu ext\u00e9rieur : 100% recycled polyester<\/span><br \/><span>Tissu int\u00e9rieur : 100% recycled polyester<\/span><\/p>\n<p><strong>Informations livraisons<\/strong><br \/>Les frais de livraisons sont offerts d\u00e8s 40\u20ac d&rsquo;achats<br \/>Livraison entre 3 et 5 jours<br \/>Mode de paiement s\u00e9curis\u00e9s accept\u00e9s : CARTE BANCAIRE\u00a0 ou\u00a0 PAYPAL<br \/>R\u00e9ception des marchandises : A domicile ou Retrait \u00e0 notre magasin<br \/>Consulter nos<a href=\"http:\/\/www.solene-maroquinerie.fr\/conditions_generales_de_vente.html\" target=\"_self\" title=\"Nos CGV\">\u00a0conditions g\u00e9n\u00e9rales de ventes<\/a><\/p>\n<\/p><\/div>\n","protected":false},"excerpt":{"rendered":"<p>Descriptif du PHONEBAG CABAIA CAGLIARI Garantie \u00e0 vie Poche secr\u00e8te zipp\u00e9e \u00e0 l\u2019arri\u00e8re L\u00e9g\u00e8re et compact Syst\u00e8me MOLLE pour attacher les pochettes avant Nano Cordon r\u00e9glable et interchangeable Vegan et d\u00e9perlant Dimensions :\u00a010cm x 18cm x 2cm ENTRETIEN ET COMPOSITION Ne pas passer \u00e0 la machine, nettoyer d\u00e9licatement avec un linge humide et du savon. [&hellip;]<\/p>\n","protected":false},"featured_media":3982,"comment_status":"open","ping_status":"closed","template":"","meta":[],"product_brand":[42],"product_cat":[24,93],"product_tag":[],"class_list":{"0":"post-3983","1":"product","2":"type-product","3":"status-publish","4":"has-post-thumbnail","6":"product_brand-cabaia","7":"product_cat-divers","8":"product_cat-phonebag-cabaia","10":"first","11":"instock","12":"shipping-taxable","13":"purchasable","14":"product-type-simple"},"_links":{"self":[{"href":"https:\/\/solenemaro41.fr\/index.php?rest_route=\/wp\/v2\/product\/3983","targetHints":{"allow":["GET"]}}],"collection":[{"href":"https:\/\/solenemaro41.fr\/index.php?rest_route=\/wp\/v2\/product"}],"about":[{"href":"https:\/\/solenemaro41.fr\/index.php?rest_route=\/wp\/v2\/types\/product"}],"replies":[{"embeddable":true,"href":"https:\/\/solenemaro41.fr\/index.php?rest_route=%2Fwp%2Fv2%2Fcomments&post=3983"}],"wp:featuredmedia":[{"embeddable":true,"href":"https:\/\/solenemaro41.fr\/index.php?rest_route=\/wp\/v2\/media\/3982"}],"wp:attachment":[{"href":"https:\/\/solenemaro41.fr\/index.php?rest_route=%2Fwp%2Fv2%2Fmedia&parent=3983"}],"wp:term":[{"taxonomy":"product_brand","embeddable":true,"href":"https:\/\/solenemaro41.fr\/index.php?rest_route=%2Fwp%2Fv2%2Fproduct_brand&post=3983"},{"taxonomy":"product_cat","embeddable":true,"href":"https:\/\/solenemaro41.fr\/index.php?rest_route=%2Fwp%2Fv2%2Fproduct_cat&post=3983"},{"taxonomy":"product_tag","embeddable":true,"href":"https:\/\/solenemaro41.fr\/index.php?rest_route=%2Fwp%2Fv2%2Fproduct_tag&post=3983"}],"curies":[{"name":"wp","href":"https:\/\/api.w.org\/{rel}","templated":true}]}}