{"id":4021,"date":"2026-04-22T13:48:22","date_gmt":"2026-04-22T11:48:22","guid":{"rendered":"https:\/\/solenemaro41.fr\/?product=crossbody-cabaia-m-santorini"},"modified":"2026-04-22T13:49:10","modified_gmt":"2026-04-22T11:49:10","slug":"crossbody-cabaia-m-santorini","status":"publish","type":"product","link":"https:\/\/solenemaro41.fr\/?product=crossbody-cabaia-m-santorini","title":{"rendered":"CROSSBODY CABAIA M SANTORINI"},"content":{"rendered":"<div data-accordion-content=\"open\">\n<p><strong>Descriptif du CROSSBODY CABAIA M SANTORINI<\/strong><\/p>\n<ul>\n<li>Garanti \u00e0 vie<\/li>\n<li>Une poche int\u00e9rieure zipp\u00e9e<\/li>\n<li>Un s\u00e9parateur avec fermeture \u00e9clair pour organiser vos essentiels<\/li>\n<li>Une poche arri\u00e8re zipp\u00e9e<\/li>\n<li>Un mousqueton \u00e0 l&rsquo;int\u00e9rieur pour accrocher des cl\u00e9s<\/li>\n<li>Vegan et d\u00e9perlant<\/li>\n<li>Vendu avec une bandouli\u00e8re r\u00e9glable et amovible<\/li>\n<\/ul>\n<div data-accordion-content=\"open\">Vendu avec la pochette Crossbody Medium Nara.<\/p>\n<p><em>Les sacs bandouli\u00e8re ne sont pas compatibles avec les bandouli\u00e8res des sacs bananes.<\/em><\/div>\n<div data-accordion-content=\"open\"><em><br \/><\/em><\/div>\n<div data-accordion-content=\"open\"><strong>Dimensions (5,8L) <\/strong>:\u00a026cm x 20cm x 11cm<em><br \/><\/em><\/div>\n<p><strong>Dimensions de la bandouli\u00e8re :<\/strong>\u00a01,45m-1,68m (boucle \u00e0 boucle) x 4cm (largeur)<\/p>\n<\/p><\/div>\n<div>\n<p><strong>ENTRETIEN ET COMPOSITION<\/strong><\/p>\n<p> <span data-accordion-button-icon=\"open\"><\/span><\/div>\n<div data-accordion-content=\"open\">\n<p>Ne pas passer \u00e0 la machine, nettoyer d\u00e9licatement avec un linge humide et du savon.<\/p>\n<p><strong>Composition :<\/strong><br \/><span>Tissu ext\u00e9rieur principal: 100% Nylon recycl\u00e9<\/span><br \/><span>Tissu ext\u00e9rieur enduit: 100% Polyurethane\u00a0<\/span><br \/><span>Doublure int\u00e9rieure: 100% Polyester<\/span><\/p>\n<p><strong>Informations livraisons<\/strong><br \/>Les frais de livraisons sont offerts d\u00e8s 40\u20ac d&rsquo;achats<br \/>Livraison entre 3 et 5 jours<br \/>Mode de paiement s\u00e9curis\u00e9s accept\u00e9s : CARTE BANCAIRE\u00a0 ou\u00a0 PAYPAL<br \/>R\u00e9ception des marchandises : A domicile ou Retrait \u00e0 notre magasin<br \/>Consulter nos<a href=\"http:\/\/www.solene-maroquinerie.fr\/conditions_generales_de_vente.html\" target=\"_self\" title=\"Nos CGV\">\u00a0conditions g\u00e9n\u00e9rales de ventes<\/a><\/p>\n<\/p><\/div>\n","protected":false},"excerpt":{"rendered":"<p>Descriptif du CROSSBODY CABAIA M SANTORINI Garanti \u00e0 vie Une poche int\u00e9rieure zipp\u00e9e Un s\u00e9parateur avec fermeture \u00e9clair pour organiser vos essentiels Une poche arri\u00e8re zipp\u00e9e Un mousqueton \u00e0 l&rsquo;int\u00e9rieur pour accrocher des cl\u00e9s Vegan et d\u00e9perlant Vendu avec une bandouli\u00e8re r\u00e9glable et amovible Vendu avec la pochette Crossbody Medium Nara. Les sacs bandouli\u00e8re ne [&hellip;]<\/p>\n","protected":false},"featured_media":4020,"comment_status":"open","ping_status":"closed","template":"","meta":[],"product_brand":[42],"product_cat":[92,91],"product_tag":[],"class_list":{"0":"post-4021","1":"product","2":"type-product","3":"status-publish","4":"has-post-thumbnail","6":"product_brand-cabaia","7":"product_cat-crossbody","8":"product_cat-crossbody-adventurer","10":"first","11":"instock","12":"shipping-taxable","13":"purchasable","14":"product-type-simple"},"_links":{"self":[{"href":"https:\/\/solenemaro41.fr\/index.php?rest_route=\/wp\/v2\/product\/4021","targetHints":{"allow":["GET"]}}],"collection":[{"href":"https:\/\/solenemaro41.fr\/index.php?rest_route=\/wp\/v2\/product"}],"about":[{"href":"https:\/\/solenemaro41.fr\/index.php?rest_route=\/wp\/v2\/types\/product"}],"replies":[{"embeddable":true,"href":"https:\/\/solenemaro41.fr\/index.php?rest_route=%2Fwp%2Fv2%2Fcomments&post=4021"}],"wp:featuredmedia":[{"embeddable":true,"href":"https:\/\/solenemaro41.fr\/index.php?rest_route=\/wp\/v2\/media\/4020"}],"wp:attachment":[{"href":"https:\/\/solenemaro41.fr\/index.php?rest_route=%2Fwp%2Fv2%2Fmedia&parent=4021"}],"wp:term":[{"taxonomy":"product_brand","embeddable":true,"href":"https:\/\/solenemaro41.fr\/index.php?rest_route=%2Fwp%2Fv2%2Fproduct_brand&post=4021"},{"taxonomy":"product_cat","embeddable":true,"href":"https:\/\/solenemaro41.fr\/index.php?rest_route=%2Fwp%2Fv2%2Fproduct_cat&post=4021"},{"taxonomy":"product_tag","embeddable":true,"href":"https:\/\/solenemaro41.fr\/index.php?rest_route=%2Fwp%2Fv2%2Fproduct_tag&post=4021"}],"curies":[{"name":"wp","href":"https:\/\/api.w.org\/{rel}","templated":true}]}}