{"id":4061,"date":"2026-04-22T13:53:02","date_gmt":"2026-04-22T11:53:02","guid":{"rendered":"https:\/\/solenemaro41.fr\/?product=portefeuille-cabaia-l-catane"},"modified":"2026-04-22T13:53:12","modified_gmt":"2026-04-22T11:53:12","slug":"portefeuille-cabaia-l-catane","status":"publish","type":"product","link":"https:\/\/solenemaro41.fr\/?product=portefeuille-cabaia-l-catane","title":{"rendered":"PORTEFEUILLE CABAIA L CATANE"},"content":{"rendered":"<div data-accordion-content=\"open\">\n<p><strong>Descriptif du PORTEFEUILLE CABAIA WALLET L CATANE<\/strong><\/p>\n<ul>\n<li>Garanti \u00e0 vie<\/li>\n<li>Fermeture zipp\u00e9e<\/li>\n<li>Protection RFID<\/li>\n<li>Pochette int\u00e9rieure zipp\u00e9e pour les pi\u00e8ces<\/li>\n<li>Pochette plaqu\u00e9e pour les billets<\/li>\n<li>10 fentes pour les cartes<\/li>\n<li>Ouverture \u00e0 soufflet<\/li>\n<li>Vegan et d\u00e9perlant<\/li>\n<\/ul>\n<div data-accordion-content=\"open\"><strong>Dimensions\u00a0\u00a0<\/strong>: 21<span><span>cm x 13cm x 3cm<\/span><\/span><\/div>\n<\/p><\/div>\n<div>\n<p>ENTRETIEN ET COMPOSITION<\/p>\n<p> <span data-accordion-button-icon=\"open\"><\/span><\/div>\n<div data-accordion-content=\"open\">\n<p>Ne pas passer \u00e0 la machine, nettoyer d\u00e9licatement avec un linge humide et du savon.<\/p>\n<p><strong>Composition :<\/strong><br \/><span>Tissu ext\u00e9rieur principal : 100 % polyester recycl\u00e9<\/span><br \/><span>Tissu ext\u00e9rieur enduit : 100 % polyur\u00e9thane<\/span><br \/><span>Doublure int\u00e9rieure : 100 % polyester recycl\u00e9<\/span><\/p>\n<p><strong>Informations livraisons<\/strong><br \/>Les frais de livraisons sont offerts d\u00e8s 40\u20ac d&rsquo;achats<br \/>Livraison entre 3 et 5 jours<br \/>Mode de paiement s\u00e9curis\u00e9s accept\u00e9s : CARTE BANCAIRE\u00a0 ou\u00a0 PAYPAL<br \/>R\u00e9ception des marchandises : A domicile ou Retrait \u00e0 notre magasin<br \/>Consulter nos<a href=\"http:\/\/www.solene-maroquinerie.fr\/conditions_generales_de_vente.html\" target=\"_self\" title=\"Nos CGV\">\u00a0conditions g\u00e9n\u00e9rales de ventes<\/a><\/p>\n<\/p><\/div>\n","protected":false},"excerpt":{"rendered":"<p>Descriptif du PORTEFEUILLE CABAIA WALLET L CATANE Garanti \u00e0 vie Fermeture zipp\u00e9e Protection RFID Pochette int\u00e9rieure zipp\u00e9e pour les pi\u00e8ces Pochette plaqu\u00e9e pour les billets 10 fentes pour les cartes Ouverture \u00e0 soufflet Vegan et d\u00e9perlant Dimensions\u00a0\u00a0: 21cm x 13cm x 3cm ENTRETIEN ET COMPOSITION Ne pas passer \u00e0 la machine, nettoyer d\u00e9licatement avec un [&hellip;]<\/p>\n","protected":false},"featured_media":4060,"comment_status":"open","ping_status":"closed","template":"","meta":[],"product_brand":[42],"product_cat":[32,105],"product_tag":[],"class_list":{"0":"post-4061","1":"product","2":"type-product","3":"status-publish","4":"has-post-thumbnail","6":"product_brand-cabaia","7":"product_cat-petite-maroquinerie","8":"product_cat-wallet-cabaia","10":"first","11":"instock","12":"shipping-taxable","13":"purchasable","14":"product-type-simple"},"_links":{"self":[{"href":"https:\/\/solenemaro41.fr\/index.php?rest_route=\/wp\/v2\/product\/4061","targetHints":{"allow":["GET"]}}],"collection":[{"href":"https:\/\/solenemaro41.fr\/index.php?rest_route=\/wp\/v2\/product"}],"about":[{"href":"https:\/\/solenemaro41.fr\/index.php?rest_route=\/wp\/v2\/types\/product"}],"replies":[{"embeddable":true,"href":"https:\/\/solenemaro41.fr\/index.php?rest_route=%2Fwp%2Fv2%2Fcomments&post=4061"}],"wp:featuredmedia":[{"embeddable":true,"href":"https:\/\/solenemaro41.fr\/index.php?rest_route=\/wp\/v2\/media\/4060"}],"wp:attachment":[{"href":"https:\/\/solenemaro41.fr\/index.php?rest_route=%2Fwp%2Fv2%2Fmedia&parent=4061"}],"wp:term":[{"taxonomy":"product_brand","embeddable":true,"href":"https:\/\/solenemaro41.fr\/index.php?rest_route=%2Fwp%2Fv2%2Fproduct_brand&post=4061"},{"taxonomy":"product_cat","embeddable":true,"href":"https:\/\/solenemaro41.fr\/index.php?rest_route=%2Fwp%2Fv2%2Fproduct_cat&post=4061"},{"taxonomy":"product_tag","embeddable":true,"href":"https:\/\/solenemaro41.fr\/index.php?rest_route=%2Fwp%2Fv2%2Fproduct_tag&post=4061"}],"curies":[{"name":"wp","href":"https:\/\/api.w.org\/{rel}","templated":true}]}}