{"id":634,"date":"2026-04-10T22:53:32","date_gmt":"2026-04-10T20:53:32","guid":{"rendered":"https:\/\/solenemaro41.fr\/?product=sacoche-lacoste-chantaco-cuir-no"},"modified":"2026-04-10T22:53:33","modified_gmt":"2026-04-10T20:53:33","slug":"sacoche-lacoste-chantaco-cuir-no","status":"publish","type":"product","link":"https:\/\/solenemaro41.fr\/?product=sacoche-lacoste-chantaco-cuir-no","title":{"rendered":"SACOCHE LACOSTE CHANTACO CUIR NO"},"content":{"rendered":"<p>\u00a0.<\/p>\n<p><strong>Caract\u00e9.ristiques de la SACOCHE PLATE ZIPP\u00c9.E LACOSTE CHANTACO CUIR NOIR<\/strong><\/p>\n<p>\u00a0.<\/p>\n<ul>\n<li>Ext\u00e9.rieur 1 poche et int\u00e9.rieur 3 poches dont 1 zipp\u00e9.e<\/li>\n<li>Bandouli\u00e8.re ajustable<\/li>\n<li>Crocodile en m\u00e9.tal ton sur ton<\/li>\n<li>Dimensions 24 x 27 x 2 cm<\/li>\n<li>Ext\u00e9.rieur cuir Italien<\/li>\n<li>Exterieur: Refente de cuir vachette (100%)<\/li>\n<\/ul>\n<p>\u00a0.<\/p>\n<p><strong>Informations livraisons<\/strong><\/p>\n<p>\u00a0.<\/p>\n<div>Les frais de livraisons sont offerts d\u00e8.s 40&#038;euro. d&rsquo;achats<br \/>Livraison entre 3 et 5 jours<\/div>\n<p>\u00a0.<\/p>\n<div>Mode de paiement s\u00e9.curis\u00e9.s accept\u00e9.s : CARTE BANCAIRE\u00a0. ou\u00a0. PAYPAL<br \/>R\u00e9.ception des marchandises : A domicile ou Retrait \u00e0. notre magasin<br \/>Consulter nos<a href=\"http:\/\/www.solene-maroquinerie.fr\/conditions_generales_de_vente.html\" target=\"_self\" title=\"Nos CGV\">\u00a0.conditions g\u00e9.n\u00e9.rales de ventes<\/a><\/div>\n<p>\u00a0.<\/p>\n","protected":false},"excerpt":{"rendered":"<p>\u00a0. Caract\u00e9.ristiques de la SACOCHE PLATE ZIPP\u00c9.E LACOSTE CHANTACO CUIR NOIR \u00a0. Ext\u00e9.rieur 1 poche et int\u00e9.rieur 3 poches dont 1 zipp\u00e9.e Bandouli\u00e8.re ajustable Crocodile en m\u00e9.tal ton sur ton Dimensions 24 x 27 x 2 cm Ext\u00e9.rieur cuir Italien Exterieur: Refente de cuir vachette (100%) \u00a0. Informations livraisons \u00a0. Les frais de livraisons sont [&hellip;]<\/p>\n","protected":false},"featured_media":633,"comment_status":"open","ping_status":"closed","template":"","meta":[],"product_brand":[25],"product_cat":[24,34],"product_tag":[],"class_list":{"0":"post-634","1":"product","2":"type-product","3":"status-publish","4":"has-post-thumbnail","6":"product_brand-lacoste","7":"product_cat-divers","8":"product_cat-homme","10":"first","11":"instock","12":"shipping-taxable","13":"purchasable","14":"product-type-simple"},"_links":{"self":[{"href":"https:\/\/solenemaro41.fr\/index.php?rest_route=\/wp\/v2\/product\/634","targetHints":{"allow":["GET"]}}],"collection":[{"href":"https:\/\/solenemaro41.fr\/index.php?rest_route=\/wp\/v2\/product"}],"about":[{"href":"https:\/\/solenemaro41.fr\/index.php?rest_route=\/wp\/v2\/types\/product"}],"replies":[{"embeddable":true,"href":"https:\/\/solenemaro41.fr\/index.php?rest_route=%2Fwp%2Fv2%2Fcomments&post=634"}],"wp:featuredmedia":[{"embeddable":true,"href":"https:\/\/solenemaro41.fr\/index.php?rest_route=\/wp\/v2\/media\/633"}],"wp:attachment":[{"href":"https:\/\/solenemaro41.fr\/index.php?rest_route=%2Fwp%2Fv2%2Fmedia&parent=634"}],"wp:term":[{"taxonomy":"product_brand","embeddable":true,"href":"https:\/\/solenemaro41.fr\/index.php?rest_route=%2Fwp%2Fv2%2Fproduct_brand&post=634"},{"taxonomy":"product_cat","embeddable":true,"href":"https:\/\/solenemaro41.fr\/index.php?rest_route=%2Fwp%2Fv2%2Fproduct_cat&post=634"},{"taxonomy":"product_tag","embeddable":true,"href":"https:\/\/solenemaro41.fr\/index.php?rest_route=%2Fwp%2Fv2%2Fproduct_tag&post=634"}],"curies":[{"name":"wp","href":"https:\/\/api.w.org\/{rel}","templated":true}]}}