{"id":650,"date":"2026-04-10T22:53:47","date_gmt":"2026-04-10T20:53:47","guid":{"rendered":"https:\/\/solenemaro41.fr\/?product=cartable-a-roulettes-38cm-marine"},"modified":"2026-04-10T22:53:48","modified_gmt":"2026-04-10T20:53:48","slug":"cartable-a-roulettes-38cm-marine","status":"publish","type":"product","link":"https:\/\/solenemaro41.fr\/?product=cartable-a-roulettes-38cm-marine","title":{"rendered":"CARTABLE A ROULETTES 38cm MARINE"},"content":{"rendered":"<div id=\"resume\"><span>Le cartable trolley Camille arbore un porte-cl\u00e9. sneaker pour courir vers la rentr\u00e9.e \u00e0. grandes enjamb\u00e9.es ! De quoi apporter une touche d&#038;rsquo.originalit\u00e9. au mod\u00e8.le iconique de la marque Tann&#038;rsquo.s dont la couleur bleu marine pla\u00ee.t autant aux petites filles qu&#038;rsquo.aux petits gar\u00e7.ons.<\/span><br \/><span>Mati\u00e8.re \u00e9.co-responsable : ce cartable trolley est fabriqu\u00e9. \u00e0. partir d&rsquo;un polyester de haute qualit\u00e9. issu de bouteilles plastiques recycl\u00e9.es.<\/span><\/div>\n<table>\n<tbody>\n<tr>\n<td>Poids<\/td>\n<td id=\"poidsDecli\">2.10 kg<\/td>\n<\/tr>\n<tr id=\"dimensionCt\">\n<td>Dimensions<\/td>\n<td id=\"dimension\">38cm x 29cm x 15cm<\/td>\n<\/tr>\n<tr id=\"volumeCt\">\n<td>Volume<\/td>\n<td id=\"volume\">17.00 L<\/td>\n<\/tr>\n<\/tbody>\n<\/table>\n<p>\u00a0.<\/p>\n","protected":false},"excerpt":{"rendered":"<p>Le cartable trolley Camille arbore un porte-cl\u00e9. sneaker pour courir vers la rentr\u00e9.e \u00e0. grandes enjamb\u00e9.es ! De quoi apporter une touche d&#038;rsquo.originalit\u00e9. au mod\u00e8.le iconique de la marque Tann&#038;rsquo.s dont la couleur bleu marine pla\u00ee.t autant aux petites filles qu&#038;rsquo.aux petits gar\u00e7.ons.Mati\u00e8.re \u00e9.co-responsable : ce cartable trolley est fabriqu\u00e9. \u00e0. partir d&rsquo;un polyester de [&hellip;]<\/p>\n","protected":false},"featured_media":649,"comment_status":"open","ping_status":"closed","template":"","meta":[],"product_brand":[38],"product_cat":[39,37],"product_tag":[],"class_list":{"0":"post-650","1":"product","2":"type-product","3":"status-publish","4":"has-post-thumbnail","6":"product_brand-tanns","7":"product_cat-cartable-tanns-38cm","8":"product_cat-cartables","10":"first","11":"instock","12":"shipping-taxable","13":"purchasable","14":"product-type-simple"},"_links":{"self":[{"href":"https:\/\/solenemaro41.fr\/index.php?rest_route=\/wp\/v2\/product\/650","targetHints":{"allow":["GET"]}}],"collection":[{"href":"https:\/\/solenemaro41.fr\/index.php?rest_route=\/wp\/v2\/product"}],"about":[{"href":"https:\/\/solenemaro41.fr\/index.php?rest_route=\/wp\/v2\/types\/product"}],"replies":[{"embeddable":true,"href":"https:\/\/solenemaro41.fr\/index.php?rest_route=%2Fwp%2Fv2%2Fcomments&post=650"}],"wp:featuredmedia":[{"embeddable":true,"href":"https:\/\/solenemaro41.fr\/index.php?rest_route=\/wp\/v2\/media\/649"}],"wp:attachment":[{"href":"https:\/\/solenemaro41.fr\/index.php?rest_route=%2Fwp%2Fv2%2Fmedia&parent=650"}],"wp:term":[{"taxonomy":"product_brand","embeddable":true,"href":"https:\/\/solenemaro41.fr\/index.php?rest_route=%2Fwp%2Fv2%2Fproduct_brand&post=650"},{"taxonomy":"product_cat","embeddable":true,"href":"https:\/\/solenemaro41.fr\/index.php?rest_route=%2Fwp%2Fv2%2Fproduct_cat&post=650"},{"taxonomy":"product_tag","embeddable":true,"href":"https:\/\/solenemaro41.fr\/index.php?rest_route=%2Fwp%2Fv2%2Fproduct_tag&post=650"}],"curies":[{"name":"wp","href":"https:\/\/api.w.org\/{rel}","templated":true}]}}