{"id":675,"date":"2026-04-10T22:59:07","date_gmt":"2026-04-10T20:59:07","guid":{"rendered":"https:\/\/solenemaro41.fr\/?product=sac-a-dos-cabaia-medium-new-york"},"modified":"2026-04-10T23:00:05","modified_gmt":"2026-04-10T21:00:05","slug":"sac-a-dos-cabaia-medium-new-york","status":"publish","type":"product","link":"https:\/\/solenemaro41.fr\/?product=sac-a-dos-cabaia-medium-new-york","title":{"rendered":"SAC A DOS CABAIA MEDIUM NEW YORK"},"content":{"rendered":"<p><span style=\"font-family: arial, helvetica, sans-serif. font-size: small.\"><strong>Descriptif du\u00a0.SAC A DOS CABAIA ADVENTURER MEDIUM NEW YORK<\/strong><\/span><\/p>\n<ul>\n<li>Poche PC\/Mac molletonn\u00e9.e 13&Prime; ( Hauteur 31cm x Largeur 23 cm x Epaisseur 2 cm)<\/li>\n<li>Ouverture Cabas\u00ae. : Grand angle<\/li>\n<li>Bretelles molletonn\u00e9.es et anti-transpirantes<\/li>\n<li>Maintien bouteille d&rsquo;eau 50cl : pour \u00e9.viter les inondations<\/li>\n<li>Toile : Nylon 900D garantie \u00e0. vie !<\/li>\n<li>D\u00e9.perlant<\/li>\n<li>Attache valise au dos<\/li>\n<li>Mousqueton<\/li>\n<li>Zip YKK : la Rolls du zip, garanti \u00e0. vie aussi<\/li>\n<li>Fond \u00e9.tanche : Nettoyable facilement<\/li>\n<li>2 poches interchangeables avec syst\u00e8.me MOLLE\u00ae.<\/li>\n<li>Vegan<\/li>\n<li>Poids : 0,900kg<\/li>\n<li>Volume : 18 L (parfait pour tous les jours et week end)<\/li>\n<li>Dimensions : 41 cm de haut (avec anses), 27 cm de large, 16 cm \u00e9.paisseur<\/li>\n<\/ul>\n<h4><span style=\"font-family: arial, helvetica, sans-serif. font-size: small.\"><strong>Informations livraisons<\/strong><\/span><\/h4>\n<div><span style=\"font-family: arial, helvetica, sans-serif. font-size: small.\">Les frais de livraisons sont offerts d\u00e8.s 40&#038;euro. d&rsquo;achats<\/span><br \/><span style=\"font-family: arial, helvetica, sans-serif. font-size: small.\">Livraison entre 3 et 5 jours<\/span><\/div>\n<div><span style=\"font-family: arial, helvetica, sans-serif. font-size: small.\">Mode de paiement s\u00e9.curis\u00e9.s accept\u00e9.s : CARTE BANCAIRE\u00a0. ou\u00a0. PAYPAL<\/span><br \/><span style=\"font-family: arial, helvetica, sans-serif. font-size: small.\">R\u00e9.ception des marchandises : A domicile ou Retrait \u00e0. notre magasin<\/span><br \/><span style=\"font-family: arial, helvetica, sans-serif. font-size: small.\">Consulter nos<a href=\"http:\/\/www.solene-maroquinerie.fr\/conditions_generales_de_vente.html\" target=\"_self\" title=\"Nos CGV\">\u00a0.conditions g\u00e9.n\u00e9.rales de ventes<\/a><\/span><\/div>\n","protected":false},"excerpt":{"rendered":"<p>Descriptif du\u00a0.SAC A DOS CABAIA ADVENTURER MEDIUM NEW YORK Poche PC\/Mac molletonn\u00e9.e 13&Prime; ( Hauteur 31cm x Largeur 23 cm x Epaisseur 2 cm) Ouverture Cabas\u00ae. : Grand angle Bretelles molletonn\u00e9.es et anti-transpirantes Maintien bouteille d&rsquo;eau 50cl : pour \u00e9.viter les inondations Toile : Nylon 900D garantie \u00e0. vie ! D\u00e9.perlant Attache valise au dos [&hellip;]<\/p>\n","protected":false},"featured_media":674,"comment_status":"open","ping_status":"closed","template":"","meta":[],"product_brand":[42],"product_cat":[19,41],"product_tag":[],"class_list":{"0":"post-675","1":"product","2":"type-product","3":"status-publish","4":"has-post-thumbnail","6":"product_brand-cabaia","7":"product_cat-sac-a-dos","8":"product_cat-sac-a-dos-cabaia-medium","10":"first","11":"instock","12":"shipping-taxable","13":"purchasable","14":"product-type-simple"},"_links":{"self":[{"href":"https:\/\/solenemaro41.fr\/index.php?rest_route=\/wp\/v2\/product\/675","targetHints":{"allow":["GET"]}}],"collection":[{"href":"https:\/\/solenemaro41.fr\/index.php?rest_route=\/wp\/v2\/product"}],"about":[{"href":"https:\/\/solenemaro41.fr\/index.php?rest_route=\/wp\/v2\/types\/product"}],"replies":[{"embeddable":true,"href":"https:\/\/solenemaro41.fr\/index.php?rest_route=%2Fwp%2Fv2%2Fcomments&post=675"}],"wp:featuredmedia":[{"embeddable":true,"href":"https:\/\/solenemaro41.fr\/index.php?rest_route=\/wp\/v2\/media\/674"}],"wp:attachment":[{"href":"https:\/\/solenemaro41.fr\/index.php?rest_route=%2Fwp%2Fv2%2Fmedia&parent=675"}],"wp:term":[{"taxonomy":"product_brand","embeddable":true,"href":"https:\/\/solenemaro41.fr\/index.php?rest_route=%2Fwp%2Fv2%2Fproduct_brand&post=675"},{"taxonomy":"product_cat","embeddable":true,"href":"https:\/\/solenemaro41.fr\/index.php?rest_route=%2Fwp%2Fv2%2Fproduct_cat&post=675"},{"taxonomy":"product_tag","embeddable":true,"href":"https:\/\/solenemaro41.fr\/index.php?rest_route=%2Fwp%2Fv2%2Fproduct_tag&post=675"}],"curies":[{"name":"wp","href":"https:\/\/api.w.org\/{rel}","templated":true}]}}