{"id":703,"date":"2026-04-10T23:03:00","date_gmt":"2026-04-10T21:03:00","guid":{"rendered":"https:\/\/solenemaro41.fr\/?product=sacoche-zippee-lacoste-chantaco"},"modified":"2026-04-10T23:03:03","modified_gmt":"2026-04-10T21:03:03","slug":"sacoche-zippee-lacoste-chantaco","status":"publish","type":"product","link":"https:\/\/solenemaro41.fr\/?product=sacoche-zippee-lacoste-chantaco","title":{"rendered":"SACOCHE ZIPP\u00c9E LACOSTE CHANTACO"},"content":{"rendered":"<p><strong>Caract\u00e9.ristiques de la SACOCHE ZIPP\u00c9.E LACOSTE CHANTACO EN CUIR PIQU\u00c9. MAT NOIR<\/strong><\/p>\n<ul>\n<li>Int\u00e9.rieur 1 poche zipp\u00e9.e, 1 poche plaqu\u00e9.e<\/li>\n<li>Fermeture zipp\u00e9.e et bandouli\u00e8.re amovible<\/li>\n<li>Crocodile ton sur ton<\/li>\n<li>Dimensions 26 x 17 x 6,5 cm<\/li>\n<li>Cuir piqu\u00e9.<\/li>\n<li>Exterieur: Refente de cuir vachette (100%)<\/li>\n<\/ul>\n<p><strong>Informations livraisons<\/strong>\u00a0.<\/p>\n<p>Les frais de livraisons sont offerts d\u00e8.s 40&#038;euro. d&rsquo;achats<\/p>\n<p>Livraison entre 3 et 5 jours.<\/p>\n<p>Mode de paiement s\u00e9.curis\u00e9.s accept\u00e9.s : CARTE BANCAIRE\u00a0. ou\u00a0. PAYPAL<\/p>\n<div>R\u00e9.ception des marchandises : A domicile ou Retrait \u00e0. notre magasin<br \/>Consulter nos<a href=\"http:\/\/www.solene-maroquinerie.fr\/conditions_generales_de_vente.html\" target=\"_self\" title=\"Nos CGV\">\u00a0.conditions g\u00e9.n\u00e9.rales de ventes<\/a><\/div>\n<p>\u00a0.<\/p>\n","protected":false},"excerpt":{"rendered":"<p>Caract\u00e9.ristiques de la SACOCHE ZIPP\u00c9.E LACOSTE CHANTACO EN CUIR PIQU\u00c9. MAT NOIR Int\u00e9.rieur 1 poche zipp\u00e9.e, 1 poche plaqu\u00e9.e Fermeture zipp\u00e9.e et bandouli\u00e8.re amovible Crocodile ton sur ton Dimensions 26 x 17 x 6,5 cm Cuir piqu\u00e9. Exterieur: Refente de cuir vachette (100%) Informations livraisons\u00a0. Les frais de livraisons sont offerts d\u00e8.s 40&#038;euro. d&rsquo;achats Livraison [&hellip;]<\/p>\n","protected":false},"featured_media":702,"comment_status":"open","ping_status":"closed","template":"","meta":[],"product_brand":[25],"product_cat":[24,34],"product_tag":[],"class_list":{"0":"post-703","1":"product","2":"type-product","3":"status-publish","4":"has-post-thumbnail","6":"product_brand-lacoste","7":"product_cat-divers","8":"product_cat-homme","10":"first","11":"instock","12":"shipping-taxable","13":"purchasable","14":"product-type-simple"},"_links":{"self":[{"href":"https:\/\/solenemaro41.fr\/index.php?rest_route=\/wp\/v2\/product\/703","targetHints":{"allow":["GET"]}}],"collection":[{"href":"https:\/\/solenemaro41.fr\/index.php?rest_route=\/wp\/v2\/product"}],"about":[{"href":"https:\/\/solenemaro41.fr\/index.php?rest_route=\/wp\/v2\/types\/product"}],"replies":[{"embeddable":true,"href":"https:\/\/solenemaro41.fr\/index.php?rest_route=%2Fwp%2Fv2%2Fcomments&post=703"}],"wp:featuredmedia":[{"embeddable":true,"href":"https:\/\/solenemaro41.fr\/index.php?rest_route=\/wp\/v2\/media\/702"}],"wp:attachment":[{"href":"https:\/\/solenemaro41.fr\/index.php?rest_route=%2Fwp%2Fv2%2Fmedia&parent=703"}],"wp:term":[{"taxonomy":"product_brand","embeddable":true,"href":"https:\/\/solenemaro41.fr\/index.php?rest_route=%2Fwp%2Fv2%2Fproduct_brand&post=703"},{"taxonomy":"product_cat","embeddable":true,"href":"https:\/\/solenemaro41.fr\/index.php?rest_route=%2Fwp%2Fv2%2Fproduct_cat&post=703"},{"taxonomy":"product_tag","embeddable":true,"href":"https:\/\/solenemaro41.fr\/index.php?rest_route=%2Fwp%2Fv2%2Fproduct_tag&post=703"}],"curies":[{"name":"wp","href":"https:\/\/api.w.org\/{rel}","templated":true}]}}