{"id":711,"date":"2026-04-10T23:03:07","date_gmt":"2026-04-10T21:03:07","guid":{"rendered":"https:\/\/solenemaro41.fr\/?product=sac-trotteur-lancaster-constance-2"},"modified":"2026-04-10T23:03:09","modified_gmt":"2026-04-10T21:03:09","slug":"sac-trotteur-lancaster-constance-2","status":"publish","type":"product","link":"https:\/\/solenemaro41.fr\/?product=sac-trotteur-lancaster-constance-2","title":{"rendered":"SAC TROTTEUR LANCASTER CONSTANCE"},"content":{"rendered":"<p><span style=\"font-family: arial, helvetica, sans-serif. font-size: small. color: #000000.\"><strong>Caract\u00e9.ristiques du PETIT SAC TROTTEUR LANCASTER CONSTANCE NOIR<\/strong><\/span><\/p>\n<ul>\n<li><span>Poche avant zipp\u00e9.e<\/span><\/li>\n<li><span>Poche arri\u00e8.re zipp\u00e9.e<\/span><\/li>\n<li><span>Compartiment t\u00e9.l\u00e9.phone<\/span><\/li>\n<li><span>Poche int\u00e9.rieure zipp\u00e9.e<\/span><\/li>\n<li><span>Poche int\u00e9.rieure simple<\/span><\/li>\n<li>Composition : Refente de cuir vachette et doublure synth\u00e9.tique<\/li>\n<li>Dimensions : 24 x 17 x 11cm<\/li>\n<li>Finition : M\u00e9.tal argent\u00e9. brillant<\/li>\n<\/ul>\n<p><span style=\"color: #000000.\"><strong style=\"font-family: arial, helvetica, sans-serif. font-size: small.\">Informations livraisons<\/strong><\/span><\/p>\n<div><span style=\"font-family: arial, helvetica, sans-serif. font-size: small.\">Les frais de livraisons sont offerts d\u00e8.s 40&#038;euro. d&rsquo;achats<\/span><\/div>\n<p><span style=\"font-family: arial, helvetica, sans-serif. font-size: small. color: #000000.\">Livraison entre 3 et 5 jours<\/span><\/p>\n<p><span style=\"font-family: arial, helvetica, sans-serif. font-size: small. color: #000000.\">Mode de paiement s\u00e9.curis\u00e9.s accept\u00e9.s : CARTE BANCAIRE\u00a0. ou\u00a0. PAYPAL<\/span><\/p>\n<p><span style=\"font-family: arial, helvetica, sans-serif. font-size: small. color: #000000.\">R\u00e9.ception des marchandises : A domicile ou Retrait \u00e0. notre magasin<\/span><br \/><span style=\"font-family: arial, helvetica, sans-serif. font-size: small. color: #000000.\">Consulter nos<a href=\"http:\/\/www.solene-maroquinerie.fr\/conditions_generales_de_vente.html\" target=\"_self\" title=\"Nos CGV\"><span style=\"color: #000000.\">\u00a0.conditions g\u00e9.n\u00e9.rales de ventes<\/span><\/a><\/span><\/p>\n<p><span style=\"color: #000000. font-family: arial, helvetica, sans-serif. font-size: small.\"><br \/><\/span><\/p>\n","protected":false},"excerpt":{"rendered":"<p>Caract\u00e9.ristiques du PETIT SAC TROTTEUR LANCASTER CONSTANCE NOIR Poche avant zipp\u00e9.e Poche arri\u00e8.re zipp\u00e9.e Compartiment t\u00e9.l\u00e9.phone Poche int\u00e9.rieure zipp\u00e9.e Poche int\u00e9.rieure simple Composition : Refente de cuir vachette et doublure synth\u00e9.tique Dimensions : 24 x 17 x 11cm Finition : M\u00e9.tal argent\u00e9. brillant Informations livraisons Les frais de livraisons sont offerts d\u00e8.s 40&#038;euro. d&rsquo;achats Livraison [&hellip;]<\/p>\n","protected":false},"featured_media":482,"comment_status":"open","ping_status":"closed","template":"","meta":[],"product_brand":[29],"product_cat":[27,28],"product_tag":[],"class_list":{"0":"post-711","1":"product","2":"type-product","3":"status-publish","4":"has-post-thumbnail","6":"product_brand-lancaster","7":"product_cat-sac-a-main","8":"product_cat-sac-a-main-2","10":"first","11":"instock","12":"shipping-taxable","13":"purchasable","14":"product-type-simple"},"_links":{"self":[{"href":"https:\/\/solenemaro41.fr\/index.php?rest_route=\/wp\/v2\/product\/711","targetHints":{"allow":["GET"]}}],"collection":[{"href":"https:\/\/solenemaro41.fr\/index.php?rest_route=\/wp\/v2\/product"}],"about":[{"href":"https:\/\/solenemaro41.fr\/index.php?rest_route=\/wp\/v2\/types\/product"}],"replies":[{"embeddable":true,"href":"https:\/\/solenemaro41.fr\/index.php?rest_route=%2Fwp%2Fv2%2Fcomments&post=711"}],"wp:featuredmedia":[{"embeddable":true,"href":"https:\/\/solenemaro41.fr\/index.php?rest_route=\/wp\/v2\/media\/482"}],"wp:attachment":[{"href":"https:\/\/solenemaro41.fr\/index.php?rest_route=%2Fwp%2Fv2%2Fmedia&parent=711"}],"wp:term":[{"taxonomy":"product_brand","embeddable":true,"href":"https:\/\/solenemaro41.fr\/index.php?rest_route=%2Fwp%2Fv2%2Fproduct_brand&post=711"},{"taxonomy":"product_cat","embeddable":true,"href":"https:\/\/solenemaro41.fr\/index.php?rest_route=%2Fwp%2Fv2%2Fproduct_cat&post=711"},{"taxonomy":"product_tag","embeddable":true,"href":"https:\/\/solenemaro41.fr\/index.php?rest_route=%2Fwp%2Fv2%2Fproduct_tag&post=711"}],"curies":[{"name":"wp","href":"https:\/\/api.w.org\/{rel}","templated":true}]}}