{"id":719,"date":"2026-04-10T23:04:00","date_gmt":"2026-04-10T21:04:00","guid":{"rendered":"https:\/\/solenemaro41.fr\/?product=sac-a-main-le-tanneur-juliette"},"modified":"2026-04-10T23:04:03","modified_gmt":"2026-04-10T21:04:03","slug":"sac-a-main-le-tanneur-juliette","status":"publish","type":"product","link":"https:\/\/solenemaro41.fr\/?product=sac-a-main-le-tanneur-juliette","title":{"rendered":"SAC \u00c0 MAIN LE TANNEUR JULIETTE"},"content":{"rendered":"<p><strong>Caract\u00e9.ristiques du PETIT SAC \u00c0. MAIN LE TANNEUR JULIETTE EN CUIR GRAIN\u00c9. NOIR<\/strong><\/p>\n<ul>\n<li>\n<p>Ce petit sac \u00e0. main souple, en cuir lisse et aux lignes sans d\u00e9.coupe, arbore un charms T finition dor\u00e9. clair signature de la Maison Le Tanneur.<\/p>\n<\/li>\n<li>\n<p>Il se porte \u00e0. la main, \u00e0. l&rsquo;\u00e9.paule ou crois\u00e9. avec sa bandouli\u00e8.re amovible.<\/p>\n<\/li>\n<li>\n<p>Bandouli\u00e8.re amovible et ajustable.<\/p>\n<\/li>\n<li>\n<p>1 poche zipp\u00e9.e. 1 poche plate avant et arri\u00e8.re.<\/p>\n<\/li>\n<li>\n<p><span>Accessoire m\u00e9.tallique finition dor\u00e9. clair.<\/span><\/p>\n<\/li>\n<\/ul>\n<p>Dimensions :<\/p>\n<ul>\n<li>L 24 x H 18 x P 12 cm<\/li>\n<\/ul>\n<p>Composition :\u00a0.<\/p>\n<ul>\n<li>\n<p>Cuir de vachette pleine fleur grain\u00e9.. Doublure textile.<\/p>\n<\/li>\n<li>\n<p>Le cuir grain\u00e9. pleine fleur allie \u00e9.l\u00e9.gance et sp\u00e9.cificit\u00e9. gr\u00e2.ce \u00e0. son grain apparent. Le cuir pleine fleur est un cuir dont la surface est rest\u00e9.e intacte et naturelle. C&#038;rsquo.est la partie la plus noble du cuir. Une sensation agr\u00e9.able au toucher le rend tr\u00e8.s singulier.<\/p>\n<\/li>\n<\/ul>\n<p><strong>Informations livraisons<\/strong><\/p>\n<div>Les frais de livraisons sont offerts d\u00e8.s 40&#038;euro. d&rsquo;achats<br \/>Livraison entre 3 et 5 jours<\/div>\n<div>Mode de paiement s\u00e9.curis\u00e9.s accept\u00e9.s : CARTE BANCAIRE\u00a0. ou\u00a0. PAYPAL<br \/>R\u00e9.ception des marchandises : A domicile ou Retrait \u00e0. notre magasin<br \/>Consulter nos<a href=\"https:\/\/www.solene-maroquinerie.fr\/conditions_generales_de_vente.html\" target=\"_self\" title=\"Nos CGV\">\u00a0.conditions g\u00e9.n\u00e9.rales de ventes<\/a><\/div>\n","protected":false},"excerpt":{"rendered":"<p>Caract\u00e9.ristiques du PETIT SAC \u00c0. MAIN LE TANNEUR JULIETTE EN CUIR GRAIN\u00c9. NOIR Ce petit sac \u00e0. main souple, en cuir lisse et aux lignes sans d\u00e9.coupe, arbore un charms T finition dor\u00e9. clair signature de la Maison Le Tanneur. Il se porte \u00e0. la main, \u00e0. l&rsquo;\u00e9.paule ou crois\u00e9. avec sa bandouli\u00e8.re amovible. Bandouli\u00e8.re [&hellip;]<\/p>\n","protected":false},"featured_media":718,"comment_status":"open","ping_status":"closed","template":"","meta":[],"product_brand":[48],"product_cat":[24,47],"product_tag":[],"class_list":{"0":"post-719","1":"product","2":"type-product","3":"status-publish","4":"has-post-thumbnail","6":"product_brand-le-tanneur","7":"product_cat-divers","8":"product_cat-femme-le-tanneur","10":"first","11":"instock","12":"shipping-taxable","13":"purchasable","14":"product-type-simple"},"_links":{"self":[{"href":"https:\/\/solenemaro41.fr\/index.php?rest_route=\/wp\/v2\/product\/719","targetHints":{"allow":["GET"]}}],"collection":[{"href":"https:\/\/solenemaro41.fr\/index.php?rest_route=\/wp\/v2\/product"}],"about":[{"href":"https:\/\/solenemaro41.fr\/index.php?rest_route=\/wp\/v2\/types\/product"}],"replies":[{"embeddable":true,"href":"https:\/\/solenemaro41.fr\/index.php?rest_route=%2Fwp%2Fv2%2Fcomments&post=719"}],"wp:featuredmedia":[{"embeddable":true,"href":"https:\/\/solenemaro41.fr\/index.php?rest_route=\/wp\/v2\/media\/718"}],"wp:attachment":[{"href":"https:\/\/solenemaro41.fr\/index.php?rest_route=%2Fwp%2Fv2%2Fmedia&parent=719"}],"wp:term":[{"taxonomy":"product_brand","embeddable":true,"href":"https:\/\/solenemaro41.fr\/index.php?rest_route=%2Fwp%2Fv2%2Fproduct_brand&post=719"},{"taxonomy":"product_cat","embeddable":true,"href":"https:\/\/solenemaro41.fr\/index.php?rest_route=%2Fwp%2Fv2%2Fproduct_cat&post=719"},{"taxonomy":"product_tag","embeddable":true,"href":"https:\/\/solenemaro41.fr\/index.php?rest_route=%2Fwp%2Fv2%2Fproduct_tag&post=719"}],"curies":[{"name":"wp","href":"https:\/\/api.w.org\/{rel}","templated":true}]}}