{"id":728,"date":"2026-04-10T23:04:06","date_gmt":"2026-04-10T21:04:06","guid":{"rendered":"https:\/\/solenemaro41.fr\/?product=mini-sac-trotteur-lancaster-dune-2"},"modified":"2026-04-10T23:04:09","modified_gmt":"2026-04-10T21:04:09","slug":"mini-sac-trotteur-lancaster-dune-2","status":"publish","type":"product","link":"https:\/\/solenemaro41.fr\/?product=mini-sac-trotteur-lancaster-dune-2","title":{"rendered":"MINI SAC TROTTEUR LANCASTER DUNE"},"content":{"rendered":"<div><strong>Caract\u00e9.ristiques du\u00a0.SAC TROTTEUR LANCASTER DUNE NOIR<\/strong><\/div>\n<div>\n<ul>\n<li>Poche avant zipp\u00e9.e, poche int\u00e9.rieure zipp\u00e9.e, poche int\u00e9.rieure simple<\/li>\n<li>Taille : 20 x 14 x 6cm<\/li>\n<li>Fermeture Zipp\u00e9.e<\/li>\n<li>Cuir de vachette pleine fleur finition grain\u00e9.e\u00a0.<\/li>\n<li>Doublure Synth\u00e9.tique<\/li>\n<li>Finition M\u00e9.tal dor\u00e9. brillant<\/li>\n<\/ul>\n<p> <strong><\/strong><\/div>\n<p><strong>Informations livraisons<\/strong><\/p>\n<p>Les frais de livraisons sont offerts d\u00e8.s 40&#038;euro. d&rsquo;achats<\/p>\n<p>Mode de paiement s\u00e9.curis\u00e9.s accept\u00e9.s : CARTE BANCAIRE\u00a0. ou\u00a0. PAYPAL<\/p>\n<div>R\u00e9.ception des marchandises : A domicile ou Retrait \u00e0. notre magasin<\/div>\n<div>Livraison entre 3 et 5 jours<\/div>\n<div>Retrait au magasin sous 24h (rdv)<\/div>\n<div>Consulter nos<a href=\"https:\/\/www.solene-maroquinerie.fr\/conditions_generales_de_vente.html\" target=\"_self\" title=\"Nos CGV\">\u00a0.conditions g\u00e9.n\u00e9.rales de ventes<\/a><\/div>\n<p>\u00a0.<\/p>\n<p><span style=\"color: #000000. font-family: arial, helvetica, sans-serif. font-size: small.\"><br \/><\/span><\/p>\n","protected":false},"excerpt":{"rendered":"<p>Caract\u00e9.ristiques du\u00a0.SAC TROTTEUR LANCASTER DUNE NOIR Poche avant zipp\u00e9.e, poche int\u00e9.rieure zipp\u00e9.e, poche int\u00e9.rieure simple Taille : 20 x 14 x 6cm Fermeture Zipp\u00e9.e Cuir de vachette pleine fleur finition grain\u00e9.e\u00a0. Doublure Synth\u00e9.tique Finition M\u00e9.tal dor\u00e9. brillant Informations livraisons Les frais de livraisons sont offerts d\u00e8.s 40&#038;euro. d&rsquo;achats Mode de paiement s\u00e9.curis\u00e9.s accept\u00e9.s : CARTE [&hellip;]<\/p>\n","protected":false},"featured_media":727,"comment_status":"open","ping_status":"closed","template":"","meta":[],"product_brand":[29],"product_cat":[27,28],"product_tag":[],"class_list":{"0":"post-728","1":"product","2":"type-product","3":"status-publish","4":"has-post-thumbnail","6":"product_brand-lancaster","7":"product_cat-sac-a-main","8":"product_cat-sac-a-main-2","10":"first","11":"instock","12":"shipping-taxable","13":"purchasable","14":"product-type-simple"},"_links":{"self":[{"href":"https:\/\/solenemaro41.fr\/index.php?rest_route=\/wp\/v2\/product\/728","targetHints":{"allow":["GET"]}}],"collection":[{"href":"https:\/\/solenemaro41.fr\/index.php?rest_route=\/wp\/v2\/product"}],"about":[{"href":"https:\/\/solenemaro41.fr\/index.php?rest_route=\/wp\/v2\/types\/product"}],"replies":[{"embeddable":true,"href":"https:\/\/solenemaro41.fr\/index.php?rest_route=%2Fwp%2Fv2%2Fcomments&post=728"}],"wp:featuredmedia":[{"embeddable":true,"href":"https:\/\/solenemaro41.fr\/index.php?rest_route=\/wp\/v2\/media\/727"}],"wp:attachment":[{"href":"https:\/\/solenemaro41.fr\/index.php?rest_route=%2Fwp%2Fv2%2Fmedia&parent=728"}],"wp:term":[{"taxonomy":"product_brand","embeddable":true,"href":"https:\/\/solenemaro41.fr\/index.php?rest_route=%2Fwp%2Fv2%2Fproduct_brand&post=728"},{"taxonomy":"product_cat","embeddable":true,"href":"https:\/\/solenemaro41.fr\/index.php?rest_route=%2Fwp%2Fv2%2Fproduct_cat&post=728"},{"taxonomy":"product_tag","embeddable":true,"href":"https:\/\/solenemaro41.fr\/index.php?rest_route=%2Fwp%2Fv2%2Fproduct_tag&post=728"}],"curies":[{"name":"wp","href":"https:\/\/api.w.org\/{rel}","templated":true}]}}