{"id":734,"date":"2026-04-10T23:04:09","date_gmt":"2026-04-10T21:04:09","guid":{"rendered":"https:\/\/solenemaro41.fr\/?product=portefeuille-lancaster-constance"},"modified":"2026-04-10T23:04:11","modified_gmt":"2026-04-10T21:04:11","slug":"portefeuille-lancaster-constance","status":"publish","type":"product","link":"https:\/\/solenemaro41.fr\/?product=portefeuille-lancaster-constance","title":{"rendered":"PORTEFEUILLE LANCASTER CONSTANCE"},"content":{"rendered":"<p><strong>Caract\u00e9.ristiques du PORTEFEUILLE PORTE CARTES LANCASTER CONSTANCE NOIR<\/strong><\/p>\n<ul>\n<li>Porte billets<\/li>\n<li>7 emplacements carte<\/li>\n<li>Emplacement carte d&rsquo;identit\u00e9.<\/li>\n<li>Emplacement permis de conduire<\/li>\n<li>Fermeture zipp\u00e9.e<\/li>\n<li>Finition m\u00e9.tal argent\u00e9. brillant<\/li>\n<\/ul>\n<p>Dimensions<\/p>\n<ul>\n<li>10.5 x 14.5 x 2.5 cm<\/li>\n<\/ul>\n<p>Composition :<\/p>\n<ul>\n<li><span><span>Refente de cuir de vachette<\/span><\/span><\/li>\n<li>Doublure synth\u00e9.tique<\/li>\n<\/ul>\n<p><strong>Informations livraisons<\/strong><\/p>\n<p>Les frais de livraisons sont offerts d\u00e8.s 40&#038;euro. d&rsquo;achats<\/p>\n<p>Mode de paiement s\u00e9.curis\u00e9.s accept\u00e9.s : CARTE BANCAIRE\u00a0. ou\u00a0. PAYPAL<\/p>\n<div>R\u00e9.ception des marchandises : A domicile ou Retrait \u00e0. notre magasin<\/div>\n<div>Livraison entre 3 et 5 jours<\/div>\n<div>Retrait au magasin sous 24h (rdv)<\/div>\n<div>Consulter nos<a href=\"https:\/\/www.solene-maroquinerie.fr\/conditions_generales_de_vente.html\" target=\"_self\" title=\"Nos CGV\">\u00a0.conditions g\u00e9.n\u00e9.rales de ventes<\/a><\/div>\n","protected":false},"excerpt":{"rendered":"<p>Caract\u00e9.ristiques du PORTEFEUILLE PORTE CARTES LANCASTER CONSTANCE NOIR Porte billets 7 emplacements carte Emplacement carte d&rsquo;identit\u00e9. Emplacement permis de conduire Fermeture zipp\u00e9.e Finition m\u00e9.tal argent\u00e9. brillant Dimensions 10.5 x 14.5 x 2.5 cm Composition : Refente de cuir de vachette Doublure synth\u00e9.tique Informations livraisons Les frais de livraisons sont offerts d\u00e8.s 40&#038;euro. d&rsquo;achats Mode de [&hellip;]<\/p>\n","protected":false},"featured_media":510,"comment_status":"open","ping_status":"closed","template":"","meta":[],"product_brand":[29],"product_cat":[32,50],"product_tag":[],"class_list":{"0":"post-734","1":"product","2":"type-product","3":"status-publish","4":"has-post-thumbnail","6":"product_brand-lancaster","7":"product_cat-petite-maroquinerie","8":"product_cat-petite-maroquinerie-lancaster","10":"first","11":"instock","12":"shipping-taxable","13":"purchasable","14":"product-type-simple"},"_links":{"self":[{"href":"https:\/\/solenemaro41.fr\/index.php?rest_route=\/wp\/v2\/product\/734","targetHints":{"allow":["GET"]}}],"collection":[{"href":"https:\/\/solenemaro41.fr\/index.php?rest_route=\/wp\/v2\/product"}],"about":[{"href":"https:\/\/solenemaro41.fr\/index.php?rest_route=\/wp\/v2\/types\/product"}],"replies":[{"embeddable":true,"href":"https:\/\/solenemaro41.fr\/index.php?rest_route=%2Fwp%2Fv2%2Fcomments&post=734"}],"wp:featuredmedia":[{"embeddable":true,"href":"https:\/\/solenemaro41.fr\/index.php?rest_route=\/wp\/v2\/media\/510"}],"wp:attachment":[{"href":"https:\/\/solenemaro41.fr\/index.php?rest_route=%2Fwp%2Fv2%2Fmedia&parent=734"}],"wp:term":[{"taxonomy":"product_brand","embeddable":true,"href":"https:\/\/solenemaro41.fr\/index.php?rest_route=%2Fwp%2Fv2%2Fproduct_brand&post=734"},{"taxonomy":"product_cat","embeddable":true,"href":"https:\/\/solenemaro41.fr\/index.php?rest_route=%2Fwp%2Fv2%2Fproduct_cat&post=734"},{"taxonomy":"product_tag","embeddable":true,"href":"https:\/\/solenemaro41.fr\/index.php?rest_route=%2Fwp%2Fv2%2Fproduct_tag&post=734"}],"curies":[{"name":"wp","href":"https:\/\/api.w.org\/{rel}","templated":true}]}}