{"id":763,"date":"2026-04-10T23:04:35","date_gmt":"2026-04-10T21:04:35","guid":{"rendered":"https:\/\/solenemaro41.fr\/?product=sac-besace-katana-en-cuir-2"},"modified":"2026-04-10T23:04:35","modified_gmt":"2026-04-10T21:04:35","slug":"sac-besace-katana-en-cuir-2","status":"publish","type":"product","link":"https:\/\/solenemaro41.fr\/?product=sac-besace-katana-en-cuir-2","title":{"rendered":"SAC BESACE KATANA EN CUIR"},"content":{"rendered":"<p><span><strong>Caract\u00e9.ristiques du\u00a0.SAC BESACE KATANA EN CUIR ROUGE<\/strong><\/span><\/p>\n<ul>\n<li>Besace Katana en Cuir de Vachette collet v\u00e9.g\u00e9.tal\u00a0.<\/li>\n<\/ul>\n<p>Dimensions :<\/p>\n<ul>\n<li>23.5 x 19 x 8.5 cm<\/li>\n<\/ul>\n<p>Composition :<\/p>\n<ul>\n<li>Ext\u00e9.rieur 100% Cuir de Vachette collet<\/li>\n<li>Int\u00e9.rieur doublure 100% Nylon<\/li>\n<\/ul>\n<p><strong>Informations livraisons<\/strong><\/p>\n<p>Les frais de livraisons sont offerts d\u00e8.s 40&#038;euro. d&rsquo;achats<\/p>\n<p>Mode de paiement s\u00e9.curis\u00e9.s accept\u00e9.s : CARTE BANCAIRE\u00a0. ou\u00a0. PAYPAL<\/p>\n<div>R\u00e9.ception des marchandises : A domicile ou Retrait \u00e0. notre magasin<\/div>\n<div>Livraison entre 3 et 5 jours<\/div>\n<div>Retrait au magasin sous 24h (rdv)<\/div>\n<div>Consulter nos<a href=\"https:\/\/www.solene-maroquinerie.fr\/conditions_generales_de_vente.html\" target=\"_self\" title=\"Nos CGV\">\u00a0.conditions g\u00e9.n\u00e9.rales de ventes<\/a><\/div>\n","protected":false},"excerpt":{"rendered":"<p>Caract\u00e9.ristiques du\u00a0.SAC BESACE KATANA EN CUIR ROUGE Besace Katana en Cuir de Vachette collet v\u00e9.g\u00e9.tal\u00a0. Dimensions : 23.5 x 19 x 8.5 cm Composition : Ext\u00e9.rieur 100% Cuir de Vachette collet Int\u00e9.rieur doublure 100% Nylon Informations livraisons Les frais de livraisons sont offerts d\u00e8.s 40&#038;euro. d&rsquo;achats Mode de paiement s\u00e9.curis\u00e9.s accept\u00e9.s : CARTE BANCAIRE\u00a0. ou\u00a0. [&hellip;]<\/p>\n","protected":false},"featured_media":762,"comment_status":"open","ping_status":"closed","template":"","meta":[],"product_brand":[53],"product_cat":[24,52],"product_tag":[],"class_list":{"0":"post-763","1":"product","2":"type-product","3":"status-publish","4":"has-post-thumbnail","6":"product_brand-katana","7":"product_cat-divers","8":"product_cat-katana-katana","10":"first","11":"instock","12":"shipping-taxable","13":"purchasable","14":"product-type-simple"},"_links":{"self":[{"href":"https:\/\/solenemaro41.fr\/index.php?rest_route=\/wp\/v2\/product\/763","targetHints":{"allow":["GET"]}}],"collection":[{"href":"https:\/\/solenemaro41.fr\/index.php?rest_route=\/wp\/v2\/product"}],"about":[{"href":"https:\/\/solenemaro41.fr\/index.php?rest_route=\/wp\/v2\/types\/product"}],"replies":[{"embeddable":true,"href":"https:\/\/solenemaro41.fr\/index.php?rest_route=%2Fwp%2Fv2%2Fcomments&post=763"}],"wp:featuredmedia":[{"embeddable":true,"href":"https:\/\/solenemaro41.fr\/index.php?rest_route=\/wp\/v2\/media\/762"}],"wp:attachment":[{"href":"https:\/\/solenemaro41.fr\/index.php?rest_route=%2Fwp%2Fv2%2Fmedia&parent=763"}],"wp:term":[{"taxonomy":"product_brand","embeddable":true,"href":"https:\/\/solenemaro41.fr\/index.php?rest_route=%2Fwp%2Fv2%2Fproduct_brand&post=763"},{"taxonomy":"product_cat","embeddable":true,"href":"https:\/\/solenemaro41.fr\/index.php?rest_route=%2Fwp%2Fv2%2Fproduct_cat&post=763"},{"taxonomy":"product_tag","embeddable":true,"href":"https:\/\/solenemaro41.fr\/index.php?rest_route=%2Fwp%2Fv2%2Fproduct_tag&post=763"}],"curies":[{"name":"wp","href":"https:\/\/api.w.org\/{rel}","templated":true}]}}