{"id":774,"date":"2026-04-10T23:06:10","date_gmt":"2026-04-10T21:06:10","guid":{"rendered":"https:\/\/solenemaro41.fr\/?product=sandales-plates-desigual"},"modified":"2026-04-10T23:06:12","modified_gmt":"2026-04-10T21:06:12","slug":"sandales-plates-desigual","status":"publish","type":"product","link":"https:\/\/solenemaro41.fr\/?product=sandales-plates-desigual","title":{"rendered":"SANDALES PLATES DESIGUAL"},"content":{"rendered":"<p><strong>Caract\u00e9.ristiques des\u00a0.SANDALES PLATES BOUCLE LANIERES DESIGUAL<\/strong><\/p>\n<div style=\"display: inline !important.\">\n<ul>\n<li>Semelle de corde avec bordure en zig-zag assortie<\/li>\n<li>Boucle de fermeture<\/li>\n<li>Les brides avant unies en simili cuir se marient \u00e0. d&rsquo;autres tress\u00e9.es et multicolores<\/li>\n<\/ul>\n<div style=\"display: inline !important.\"><strong>Mati\u00e8.re de la semelle<\/strong><\/div>\n<ul>\n<li>\n<div style=\"display: inline !important.\">\n<div style=\"display: inline !important.\">100% THERMOPLASTIC RUBBER<\/div>\n<\/p><\/div>\n<\/li>\n<\/ul>\n<p> <strong>Informations livraisons<\/strong><\/div>\n<p>Les frais de livraisons sont offerts d\u00e8.s 40&#038;euro. d&rsquo;achats<\/p>\n<p>Mode de paiement s\u00e9.curis\u00e9.s accept\u00e9.s : CARTE BANCAIRE\u00a0. ou\u00a0. PAYPAL<\/p>\n<div>R\u00e9.ception des marchandises : A domicile ou Retrait \u00e0. notre magasin<\/div>\n<div>Livraison entre 3 et 5 jours<\/div>\n<div>Retrait au magasin sous 24h (rdv)<\/div>\n<div>Consulter nos<a href=\"https:\/\/www.solene-maroquinerie.fr\/conditions_generales_de_vente.html\" target=\"_self\" title=\"Nos CGV\">\u00a0.conditions g\u00e9.n\u00e9.rales de ventes<\/a><\/div>\n","protected":false},"excerpt":{"rendered":"<p>Caract\u00e9.ristiques des\u00a0.SANDALES PLATES BOUCLE LANIERES DESIGUAL Semelle de corde avec bordure en zig-zag assortie Boucle de fermeture Les brides avant unies en simili cuir se marient \u00e0. d&rsquo;autres tress\u00e9.es et multicolores Mati\u00e8.re de la semelle 100% THERMOPLASTIC RUBBER Informations livraisons Les frais de livraisons sont offerts d\u00e8.s 40&#038;euro. d&rsquo;achats Mode de paiement s\u00e9.curis\u00e9.s accept\u00e9.s : [&hellip;]<\/p>\n","protected":false},"featured_media":254,"comment_status":"open","ping_status":"closed","template":"","meta":[],"product_brand":[56],"product_cat":[55,24],"product_tag":[],"class_list":{"0":"post-774","1":"product","2":"type-product","3":"status-publish","4":"has-post-thumbnail","6":"product_brand-desigual","7":"product_cat-chaussures","8":"product_cat-divers","10":"first","11":"instock","12":"shipping-taxable","13":"purchasable","14":"product-type-simple"},"_links":{"self":[{"href":"https:\/\/solenemaro41.fr\/index.php?rest_route=\/wp\/v2\/product\/774","targetHints":{"allow":["GET"]}}],"collection":[{"href":"https:\/\/solenemaro41.fr\/index.php?rest_route=\/wp\/v2\/product"}],"about":[{"href":"https:\/\/solenemaro41.fr\/index.php?rest_route=\/wp\/v2\/types\/product"}],"replies":[{"embeddable":true,"href":"https:\/\/solenemaro41.fr\/index.php?rest_route=%2Fwp%2Fv2%2Fcomments&post=774"}],"wp:featuredmedia":[{"embeddable":true,"href":"https:\/\/solenemaro41.fr\/index.php?rest_route=\/wp\/v2\/media\/254"}],"wp:attachment":[{"href":"https:\/\/solenemaro41.fr\/index.php?rest_route=%2Fwp%2Fv2%2Fmedia&parent=774"}],"wp:term":[{"taxonomy":"product_brand","embeddable":true,"href":"https:\/\/solenemaro41.fr\/index.php?rest_route=%2Fwp%2Fv2%2Fproduct_brand&post=774"},{"taxonomy":"product_cat","embeddable":true,"href":"https:\/\/solenemaro41.fr\/index.php?rest_route=%2Fwp%2Fv2%2Fproduct_cat&post=774"},{"taxonomy":"product_tag","embeddable":true,"href":"https:\/\/solenemaro41.fr\/index.php?rest_route=%2Fwp%2Fv2%2Fproduct_tag&post=774"}],"curies":[{"name":"wp","href":"https:\/\/api.w.org\/{rel}","templated":true}]}}