{"id":780,"date":"2026-04-10T23:06:13","date_gmt":"2026-04-10T21:06:13","guid":{"rendered":"https:\/\/solenemaro41.fr\/?product=baskets-botte-mickey-desigual"},"modified":"2026-04-22T10:35:55","modified_gmt":"2026-04-22T08:35:55","slug":"baskets-botte-mickey-desigual","status":"publish","type":"product","link":"https:\/\/solenemaro41.fr\/?product=baskets-botte-mickey-desigual","title":{"rendered":"BASKETS BOTTE MICKEY DESIGUAL"},"content":{"rendered":"<p><strong>Caract\u00e9ristiques des\u00a0BASKETS TOILE D INVERS\u00c9 DESIGUAL<\/strong><\/p>\n<div style=\"display: inline !important.\">\n<ul>\n<li>Semelle blanche en caoutchouc \u00e0 fine ligne rouge<\/li>\n<li>\n<div style=\"display: inline !important.\">\n<div style=\"display: inline !important.\">Imprim\u00e9 \u00e0 vignettes \u00e0 illustrations de Mickey Mouse<\/div>\n<\/p><\/div>\n<\/li>\n<li>\n<div style=\"display: inline !important.\">\n<div style=\"display: inline !important.\">Lacets blancs et lacets rouges sur la partie sup\u00e9rieure<\/div>\n<\/p><\/div>\n<\/li>\n<li>\n<div style=\"display: inline !important.\">\n<div style=\"display: inline !important.\">Logo Desigual en noir sur le talon<\/div>\n<\/p><\/div>\n<\/li>\n<li>\n<div style=\"display: inline !important.\">\n<div style=\"display: inline !important.\">Licence Disney<\/div>\n<\/p><\/div>\n<\/li>\n<\/ul>\n<p><strong>Mati\u00e8re de la semelle<\/strong><\/p>\n<ul>\n<li>100% CAOUTCHOUC<\/li>\n<\/ul><\/div>\n<p><strong>Informations livraisons<\/strong><\/p>\n<p>Les frais de livraisons sont offerts d\u00e8s 40\u20ac d&rsquo;achats<\/p>\n<p>Mode de paiement s\u00e9curis\u00e9s accept\u00e9s : CARTE BANCAIRE\u00a0 ou\u00a0 PAYPAL<\/p>\n<div>R\u00e9ception des marchandises : A domicile ou Retrait \u00e0 notre magasin<\/div>\n<div>Livraison entre 3 et 5 jours<\/div>\n<div>Retrait au magasin sous 24h (rdv)<\/div>\n<div>Consulter nos<a href=\"https:\/\/www.solene-maroquinerie.fr\/conditions_generales_de_vente.html\" target=\"_self\" title=\"Nos CGV\">\u00a0conditions g\u00e9n\u00e9rales de ventes<\/a><\/div>\n","protected":false},"excerpt":{"rendered":"<p>Caract\u00e9ristiques des\u00a0BASKETS TOILE D INVERS\u00c9 DESIGUAL Semelle blanche en caoutchouc \u00e0 fine ligne rouge Imprim\u00e9 \u00e0 vignettes \u00e0 illustrations de Mickey Mouse Lacets blancs et lacets rouges sur la partie sup\u00e9rieure Logo Desigual en noir sur le talon Licence Disney Mati\u00e8re de la semelle 100% CAOUTCHOUC Informations livraisons Les frais de livraisons sont offerts d\u00e8s [&hellip;]<\/p>\n","protected":false},"featured_media":779,"comment_status":"open","ping_status":"closed","template":"","meta":[],"product_brand":[56],"product_cat":[55,24],"product_tag":[],"class_list":{"0":"post-780","1":"product","2":"type-product","3":"status-publish","4":"has-post-thumbnail","6":"product_brand-desigual","7":"product_cat-chaussures","8":"product_cat-divers","10":"first","11":"instock","12":"shipping-taxable","13":"purchasable","14":"product-type-simple"},"_links":{"self":[{"href":"https:\/\/solenemaro41.fr\/index.php?rest_route=\/wp\/v2\/product\/780","targetHints":{"allow":["GET"]}}],"collection":[{"href":"https:\/\/solenemaro41.fr\/index.php?rest_route=\/wp\/v2\/product"}],"about":[{"href":"https:\/\/solenemaro41.fr\/index.php?rest_route=\/wp\/v2\/types\/product"}],"replies":[{"embeddable":true,"href":"https:\/\/solenemaro41.fr\/index.php?rest_route=%2Fwp%2Fv2%2Fcomments&post=780"}],"wp:featuredmedia":[{"embeddable":true,"href":"https:\/\/solenemaro41.fr\/index.php?rest_route=\/wp\/v2\/media\/779"}],"wp:attachment":[{"href":"https:\/\/solenemaro41.fr\/index.php?rest_route=%2Fwp%2Fv2%2Fmedia&parent=780"}],"wp:term":[{"taxonomy":"product_brand","embeddable":true,"href":"https:\/\/solenemaro41.fr\/index.php?rest_route=%2Fwp%2Fv2%2Fproduct_brand&post=780"},{"taxonomy":"product_cat","embeddable":true,"href":"https:\/\/solenemaro41.fr\/index.php?rest_route=%2Fwp%2Fv2%2Fproduct_cat&post=780"},{"taxonomy":"product_tag","embeddable":true,"href":"https:\/\/solenemaro41.fr\/index.php?rest_route=%2Fwp%2Fv2%2Fproduct_tag&post=780"}],"curies":[{"name":"wp","href":"https:\/\/api.w.org\/{rel}","templated":true}]}}