{"id":811,"date":"2026-04-10T23:11:29","date_gmt":"2026-04-10T21:11:29","guid":{"rendered":"https:\/\/solenemaro41.fr\/?product=cartable-souple-tanns-pop"},"modified":"2026-04-22T10:35:59","modified_gmt":"2026-04-22T08:35:59","slug":"cartable-souple-tanns-pop","status":"publish","type":"product","link":"https:\/\/solenemaro41.fr\/?product=cartable-souple-tanns-pop","title":{"rendered":"CARTABLE SOUPLE TANN&rsquo;S POP"},"content":{"rendered":"<p><strong>Caract\u00e9ristiques du CARTABLE SOUPLE TANN&rsquo;S POP<\/strong><\/p>\n<p>Qui se ressemble s\u2019assemble ! D\u00e9couvrez le duo cartable souple + sac coulissant \u00e0 l\u2019effigie de Pop, le dinosaure haut en couleurs d\u2019apr\u00e8s les livres de Pierrick Bisinski et Alex Sanders.<br \/>Nouveaut\u00e9 pour la rentr\u00e9e 2021, l\u2019Ecole des Tann\u2019s s\u2019invite dans les \u00e9coles maternelles gr\u00e2ce \u00e0 un cartable souple astucieux, ludique et color\u00e9 !<br \/>Et pour c\u00e9l\u00e9brer son premier cartable, l\u2019Ecole des Tann\u2019s offre aux heureux porteurs un joli sac coulissant assorti et de grande contenance afin d\u2019y glisser chaussons, change, affaires de sport, de danse ou de piscine\u2026<br \/>Ce duo cartable \/ sac coulissant est id\u00e9al pour accompagner les plus jeunes aussi bien \u00e0 l\u2019\u00e9cole que chez la nounou, pour un week-end chez les grands-parents ou m\u00eame lors de leurs activit\u00e9s extra scolaires.<br \/>Ces sacs ont \u00e9t\u00e9 fabriqu\u00e9s dans un polyester de haute qualit\u00e9 issu \u00e0 100% de bouteilles en plastique recycl\u00e9es.<strong><br \/><\/strong><\/p>\n<p><strong>Dimensions :<\/strong><\/p>\n<ul>\n<li>29cm x 27cm x 10cm<\/li>\n<\/ul>\n<p><strong>Poids :<\/strong><\/p>\n<ul>\n<li>0,43 Kg<\/li>\n<\/ul>\n<p><strong>Informations livraisons<\/strong><\/p>\n<p>Les frais de livraisons sont offerts d\u00e8s 40\u20ac d&rsquo;achats<\/p>\n<div>Livraison entre 3 et 5 jours<\/div>\n<p>Mode de paiement s\u00e9curis\u00e9s accept\u00e9s : CARTE BANCAIRE\u00a0 ou\u00a0 PAYPAL<\/p>\n<div>R\u00e9ception des marchandises : A domicile ou Retrait \u00e0 notre magasin<\/div>\n<div>Consulter nos<a href=\"https:\/\/www.solene-maroquinerie.fr\/conditions_generales_de_vente.html\" target=\"_self\" title=\"Nos CGV\">\u00a0conditions g\u00e9n\u00e9rales de ventes<\/a><\/div>\n","protected":false},"excerpt":{"rendered":"<p>Caract\u00e9ristiques du CARTABLE SOUPLE TANN&rsquo;S POP Qui se ressemble s\u2019assemble ! D\u00e9couvrez le duo cartable souple + sac coulissant \u00e0 l\u2019effigie de Pop, le dinosaure haut en couleurs d\u2019apr\u00e8s les livres de Pierrick Bisinski et Alex Sanders.Nouveaut\u00e9 pour la rentr\u00e9e 2021, l\u2019Ecole des Tann\u2019s s\u2019invite dans les \u00e9coles maternelles gr\u00e2ce \u00e0 un cartable souple astucieux, [&hellip;]<\/p>\n","protected":false},"featured_media":810,"comment_status":"open","ping_status":"closed","template":"","meta":[],"product_brand":[38],"product_cat":[57,37],"product_tag":[],"class_list":{"0":"post-811","1":"product","2":"type-product","3":"status-publish","4":"has-post-thumbnail","6":"product_brand-tanns","7":"product_cat-cartable-maternelle","8":"product_cat-cartables","10":"first","11":"instock","12":"shipping-taxable","13":"purchasable","14":"product-type-simple"},"_links":{"self":[{"href":"https:\/\/solenemaro41.fr\/index.php?rest_route=\/wp\/v2\/product\/811","targetHints":{"allow":["GET"]}}],"collection":[{"href":"https:\/\/solenemaro41.fr\/index.php?rest_route=\/wp\/v2\/product"}],"about":[{"href":"https:\/\/solenemaro41.fr\/index.php?rest_route=\/wp\/v2\/types\/product"}],"replies":[{"embeddable":true,"href":"https:\/\/solenemaro41.fr\/index.php?rest_route=%2Fwp%2Fv2%2Fcomments&post=811"}],"wp:featuredmedia":[{"embeddable":true,"href":"https:\/\/solenemaro41.fr\/index.php?rest_route=\/wp\/v2\/media\/810"}],"wp:attachment":[{"href":"https:\/\/solenemaro41.fr\/index.php?rest_route=%2Fwp%2Fv2%2Fmedia&parent=811"}],"wp:term":[{"taxonomy":"product_brand","embeddable":true,"href":"https:\/\/solenemaro41.fr\/index.php?rest_route=%2Fwp%2Fv2%2Fproduct_brand&post=811"},{"taxonomy":"product_cat","embeddable":true,"href":"https:\/\/solenemaro41.fr\/index.php?rest_route=%2Fwp%2Fv2%2Fproduct_cat&post=811"},{"taxonomy":"product_tag","embeddable":true,"href":"https:\/\/solenemaro41.fr\/index.php?rest_route=%2Fwp%2Fv2%2Fproduct_tag&post=811"}],"curies":[{"name":"wp","href":"https:\/\/api.w.org\/{rel}","templated":true}]}}