{"id":816,"date":"2026-04-10T23:11:33","date_gmt":"2026-04-10T21:11:33","guid":{"rendered":"https:\/\/solenemaro41.fr\/?product=eastpak-padded-l20-wall-art-blac"},"modified":"2026-04-10T23:11:33","modified_gmt":"2026-04-10T21:11:33","slug":"eastpak-padded-l20-wall-art-blac","status":"publish","type":"product","link":"https:\/\/solenemaro41.fr\/?product=eastpak-padded-l20-wall-art-blac","title":{"rendered":"EASTPAK PADDED L20 WALL ART BLAC"},"content":{"rendered":"<p><span style=\"font-family: arial, helvetica, sans-serif. font-size: 10pt. color: #000000.\">Le sac \u00e0. dos Padded est le mod\u00e8.le le plus c\u00e9.l\u00e8.bre\u00a0.d&rsquo;Eastpak, combinant un style frais et une fabrication robuste, pour emmener facilement tout ce dont vous avez besoin pour voyager en s\u00e9.curit\u00e9., qu&rsquo;il soit grand ou petit. Le dos rembourr\u00e9. et les sangles \u00e9.paules ergonomiques en font l&rsquo;un des sacs \u00e0. dos les plus confortables !<\/span><\/p>\n<p><span style=\"font-family: arial, helvetica, sans-serif. font-size: 10pt. color: #000000.\">Le Padded est disponible dans de nombreux coloris et motifs, n&rsquo;h\u00e9.sitez pas \u00e0. nous contacter pour plus de conseils.<\/span><\/p>\n<div>\n<ul>\n<li><span style=\"font-family: arial, helvetica, sans-serif. font-size: 10pt. color: #000000.\">Grand compartiment principal<\/span><\/li>\n<li><span style=\"font-family: arial, helvetica, sans-serif. font-size: 10pt. color: #000000.\">Poche \u00e0. zip sur le devant pour ranger tes petites affaires<\/span><\/li>\n<li><span style=\"font-family: arial, helvetica, sans-serif. font-size: 10pt. color: #000000.\">Dos rembourr\u00e9. confortable<\/span><\/li>\n<li><span style=\"font-family: arial, helvetica, sans-serif. font-size: 10pt. color: #000000.\">Sangles \u00e9.paules \u00e9.paisses et rembourr\u00e9.es<\/span><\/li>\n<\/ul>\n<p><span style=\"font-family: arial, helvetica, sans-serif. font-size: 10pt. color: #000000.\">Hauteur : 40 cm<\/span><\/p>\n<p><span style=\"font-family: arial, helvetica, sans-serif. font-size: 10pt. color: #000000.\">Largeur : 30 cm<\/span><\/p>\n<p><span style=\"font-family: arial, helvetica, sans-serif. font-size: 10pt. color: #000000.\">Profondeur : 18 cm<\/span><\/p>\n<p><span style=\"font-family: arial, helvetica, sans-serif. font-size: 10pt. color: #000000.\">Volume : 24 L<\/span><\/p>\n<p><span style=\"font-family: arial, helvetica, sans-serif. font-size: 10pt. color: #000000.\">Poids : 420g<\/span><\/p>\n<p><span style=\"font-family: arial, helvetica, sans-serif. font-size: 10pt. color: #000000.\">Garantie : 30 ans<\/span><\/p>\n<div><span style=\"font-family: arial, helvetica, sans-serif. font-size: 10pt. color: #000000.\">Mat\u00e9.riel : Polyamide<\/span><\/div>\n<\/p><\/div>\n<div><span><br \/><\/span><\/div>\n","protected":false},"excerpt":{"rendered":"<p>Le sac \u00e0. dos Padded est le mod\u00e8.le le plus c\u00e9.l\u00e8.bre\u00a0.d&rsquo;Eastpak, combinant un style frais et une fabrication robuste, pour emmener facilement tout ce dont vous avez besoin pour voyager en s\u00e9.curit\u00e9., qu&rsquo;il soit grand ou petit. Le dos rembourr\u00e9. et les sangles \u00e9.paules ergonomiques en font l&rsquo;un des sacs \u00e0. dos les plus confortables [&hellip;]<\/p>\n","protected":false},"featured_media":815,"comment_status":"open","ping_status":"closed","template":"","meta":[],"product_brand":[20],"product_cat":[19,18],"product_tag":[],"class_list":{"0":"post-816","1":"product","2":"type-product","3":"status-publish","4":"has-post-thumbnail","6":"product_brand-eastpak","7":"product_cat-sac-a-dos","8":"product_cat-sac-a-dos-padded","10":"first","11":"outofstock","12":"shipping-taxable","13":"purchasable","14":"product-type-simple"},"_links":{"self":[{"href":"https:\/\/solenemaro41.fr\/index.php?rest_route=\/wp\/v2\/product\/816","targetHints":{"allow":["GET"]}}],"collection":[{"href":"https:\/\/solenemaro41.fr\/index.php?rest_route=\/wp\/v2\/product"}],"about":[{"href":"https:\/\/solenemaro41.fr\/index.php?rest_route=\/wp\/v2\/types\/product"}],"replies":[{"embeddable":true,"href":"https:\/\/solenemaro41.fr\/index.php?rest_route=%2Fwp%2Fv2%2Fcomments&post=816"}],"wp:featuredmedia":[{"embeddable":true,"href":"https:\/\/solenemaro41.fr\/index.php?rest_route=\/wp\/v2\/media\/815"}],"wp:attachment":[{"href":"https:\/\/solenemaro41.fr\/index.php?rest_route=%2Fwp%2Fv2%2Fmedia&parent=816"}],"wp:term":[{"taxonomy":"product_brand","embeddable":true,"href":"https:\/\/solenemaro41.fr\/index.php?rest_route=%2Fwp%2Fv2%2Fproduct_brand&post=816"},{"taxonomy":"product_cat","embeddable":true,"href":"https:\/\/solenemaro41.fr\/index.php?rest_route=%2Fwp%2Fv2%2Fproduct_cat&post=816"},{"taxonomy":"product_tag","embeddable":true,"href":"https:\/\/solenemaro41.fr\/index.php?rest_route=%2Fwp%2Fv2%2Fproduct_tag&post=816"}],"curies":[{"name":"wp","href":"https:\/\/api.w.org\/{rel}","templated":true}]}}