{"id":909,"date":"2026-04-10T23:24:42","date_gmt":"2026-04-10T21:24:42","guid":{"rendered":"https:\/\/solenemaro41.fr\/?product=pochette-m-lancaster-dune-noir"},"modified":"2026-04-10T23:24:43","modified_gmt":"2026-04-10T21:24:43","slug":"pochette-m-lancaster-dune-noir","status":"publish","type":"product","link":"https:\/\/solenemaro41.fr\/?product=pochette-m-lancaster-dune-noir","title":{"rendered":"POCHETTE M LANCASTER DUNE NOIR"},"content":{"rendered":"<p><span><strong>Caract\u00e9.ristiques de la POCHETTE M LANCASTER DUNE NOIR<\/strong><\/span><\/p>\n<ul>\n<li><span>Poche frontale ext\u00e9.rieure zipp\u00e9.e<\/span><\/li>\n<li><span>Poche int\u00e9.rieure zipp\u00e9.e<\/span><\/li>\n<li><span>Poche int\u00e9.rieure simple<\/span><\/li>\n<li><span>Rangement t\u00e9.l\u00e9.phone<\/span><\/li>\n<\/ul>\n<p>Finition :<\/p>\n<ul>\n<li>M\u00e9.tal dor\u00e9. brillant<\/li>\n<\/ul>\n<p>Dimensions :<\/p>\n<ul>\n<li>24 x 17 x 7 cm<\/li>\n<\/ul>\n<p>Composition :<\/p>\n<ul>\n<li><span>Cuir de vachette finition grain\u00e9.e\u00a0.<\/span>et doublure synth\u00e9.tique<\/li>\n<\/ul>\n<p>\u00a0.<\/p>\n<p><strong>Informations livraisons<\/strong><\/p>\n<p>Les frais de livraisons sont offerts d\u00e8.s 40&#038;euro. d&rsquo;achats<\/p>\n<p>Mode de paiement s\u00e9.curis\u00e9.s accept\u00e9.s : CARTE BANCAIRE\u00a0. ou\u00a0. PAYPAL<\/p>\n<div>R\u00e9.ception des marchandises : A domicile ou Retrait \u00e0. notre magasin<\/div>\n<div>Livraison entre 3 et 5 jours<\/div>\n<div>Retrait au magasin sous 24h (rdv)<\/div>\n<div>Consulter nos<a href=\"https:\/\/www.solene-maroquinerie.fr\/conditions_generales_de_vente.html\" target=\"_self\" title=\"Nos CGV\">\u00a0.conditions g\u00e9.n\u00e9.rales de ventes<\/a><\/div>\n","protected":false},"excerpt":{"rendered":"<p>Caract\u00e9.ristiques de la POCHETTE M LANCASTER DUNE NOIR Poche frontale ext\u00e9.rieure zipp\u00e9.e Poche int\u00e9.rieure zipp\u00e9.e Poche int\u00e9.rieure simple Rangement t\u00e9.l\u00e9.phone Finition : M\u00e9.tal dor\u00e9. brillant Dimensions : 24 x 17 x 7 cm Composition : Cuir de vachette finition grain\u00e9.e\u00a0.et doublure synth\u00e9.tique \u00a0. Informations livraisons Les frais de livraisons sont offerts d\u00e8.s 40&#038;euro. d&rsquo;achats Mode [&hellip;]<\/p>\n","protected":false},"featured_media":908,"comment_status":"open","ping_status":"closed","template":"","meta":[],"product_brand":[29],"product_cat":[27,28],"product_tag":[],"class_list":{"0":"post-909","1":"product","2":"type-product","3":"status-publish","4":"has-post-thumbnail","6":"product_brand-lancaster","7":"product_cat-sac-a-main","8":"product_cat-sac-a-main-2","10":"first","11":"instock","12":"shipping-taxable","13":"purchasable","14":"product-type-simple"},"_links":{"self":[{"href":"https:\/\/solenemaro41.fr\/index.php?rest_route=\/wp\/v2\/product\/909","targetHints":{"allow":["GET"]}}],"collection":[{"href":"https:\/\/solenemaro41.fr\/index.php?rest_route=\/wp\/v2\/product"}],"about":[{"href":"https:\/\/solenemaro41.fr\/index.php?rest_route=\/wp\/v2\/types\/product"}],"replies":[{"embeddable":true,"href":"https:\/\/solenemaro41.fr\/index.php?rest_route=%2Fwp%2Fv2%2Fcomments&post=909"}],"wp:featuredmedia":[{"embeddable":true,"href":"https:\/\/solenemaro41.fr\/index.php?rest_route=\/wp\/v2\/media\/908"}],"wp:attachment":[{"href":"https:\/\/solenemaro41.fr\/index.php?rest_route=%2Fwp%2Fv2%2Fmedia&parent=909"}],"wp:term":[{"taxonomy":"product_brand","embeddable":true,"href":"https:\/\/solenemaro41.fr\/index.php?rest_route=%2Fwp%2Fv2%2Fproduct_brand&post=909"},{"taxonomy":"product_cat","embeddable":true,"href":"https:\/\/solenemaro41.fr\/index.php?rest_route=%2Fwp%2Fv2%2Fproduct_cat&post=909"},{"taxonomy":"product_tag","embeddable":true,"href":"https:\/\/solenemaro41.fr\/index.php?rest_route=%2Fwp%2Fv2%2Fproduct_tag&post=909"}],"curies":[{"name":"wp","href":"https:\/\/api.w.org\/{rel}","templated":true}]}}